{"id":15255,"date":"2023-03-07T16:09:08","date_gmt":"2023-03-07T15:09:08","guid":{"rendered":"https:\/\/libinst.detail-digital.ch\/themes\/"},"modified":"2024-02-07T12:06:22","modified_gmt":"2024-02-07T11:06:22","slug":"themes","status":"publish","type":"page","link":"https:\/\/www.libinst.ch\/fr\/themes\/","title":{"rendered":"Th\u00e8mes"},"content":{"rendered":"\t\t<div data-elementor-type=\"wp-page\" data-elementor-id=\"15255\" class=\"elementor elementor-15255 elementor-1898\" data-elementor-post-type=\"page\">\n\t\t\t\t<div class=\"elementor-element elementor-element-cea4b9e section e-flex e-con-boxed e-con e-parent\" data-id=\"cea4b9e\" data-element_type=\"container\" data-e-type=\"container\">\n\t\t\t\t\t<div class=\"e-con-inner\">\n\t\t\t\t<div class=\"elementor-element elementor-element-810a0a5 elementor-widget elementor-widget-heading\" data-id=\"810a0a5\" data-element_type=\"widget\" data-e-type=\"widget\" data-widget_type=\"heading.default\">\n\t\t\t\t<div class=\"elementor-widget-container\">\n\t\t\t\t\t<h2 class=\"elementor-heading-title elementor-size-default\">Th\u00e8mes<\/h2>\t\t\t\t<\/div>\n\t\t\t\t<\/div>\n\t\t\t\t<div class=\"elementor-element elementor-element-bd59d57 elementor-widget elementor-widget-shortcode\" data-id=\"bd59d57\" data-element_type=\"widget\" data-e-type=\"widget\" data-widget_type=\"shortcode.default\">\n\t\t\t\t<div class=\"elementor-widget-container\">\n\t\t\t\t\t\t\t<div class=\"elementor-shortcode\"><div class=\"taglisting\"><a href=\"https:\/\/www.libinst.ch\/fr\/tag\/agriculture\/\" class=\"taglisting-item thumbnail\"><div class=\"taglist-thumbnail\" style=\"background-image:url('https:\/\/www.libinst.ch\/wp-content\/uploads\/2024\/02\/landwirtschaft.jpg')\"><\/div><div class=\"term-title\">Agriculture<\/div><\/a><a href=\"https:\/\/www.libinst.ch\/fr\/tag\/culture\/\" class=\"taglisting-item thumbnail\"><div class=\"taglist-thumbnail\" style=\"background-image:url('https:\/\/www.libinst.ch\/wp-content\/uploads\/2024\/02\/kultur.jpg')\"><\/div><div class=\"term-title\">Culture<\/div><\/a><a href=\"https:\/\/www.libinst.ch\/fr\/tag\/diversite-politique\/\" class=\"taglisting-item thumbnail\"><div class=\"taglist-thumbnail\" style=\"background-image:url('https:\/\/www.libinst.ch\/wp-content\/uploads\/2024\/02\/politischer-wettbewerb.jpg')\"><\/div><div class=\"term-title\">Diversit\u00e9 politique<\/div><\/a><a href=\"https:\/\/www.libinst.ch\/fr\/tag\/droits-de-propriete\/\" class=\"taglisting-item thumbnail\"><div class=\"taglist-thumbnail\" style=\"background-image:url('https:\/\/www.libinst.ch\/wp-content\/uploads\/2024\/02\/eigentumsrechte.jpg')\"><\/div><div class=\"term-title\">Droits de propri\u00e9t\u00e9<\/div><\/a><a href=\"https:\/\/www.libinst.ch\/fr\/tag\/energie-fr\/\" class=\"taglisting-item thumbnail\"><div class=\"taglist-thumbnail\" style=\"background-image:url('https:\/\/www.libinst.ch\/wp-content\/uploads\/2024\/02\/energie.jpg')\"><\/div><div class=\"term-title\">\u00c9nergie<\/div><\/a><a href=\"https:\/\/www.libinst.ch\/fr\/tag\/environnement-et-climat\/\" class=\"taglisting-item thumbnail\"><div class=\"taglist-thumbnail\" style=\"background-image:url('https:\/\/www.libinst.ch\/wp-content\/uploads\/2024\/02\/umwelt-klima.jpg')\"><\/div><div class=\"term-title\">Environnement et climat<\/div><\/a><a href=\"https:\/\/www.libinst.ch\/fr\/tag\/europe\/\" class=\"taglisting-item thumbnail\"><div class=\"taglist-thumbnail\" style=\"background-image:url('https:\/\/www.libinst.ch\/wp-content\/uploads\/2024\/02\/europa.jpg')\"><\/div><div class=\"term-title\">Europe<\/div><\/a><a href=\"https:\/\/www.libinst.ch\/fr\/tag\/fiscalite\/\" class=\"taglisting-item thumbnail\"><div class=\"taglist-thumbnail\" style=\"background-image:url('https:\/\/www.libinst.ch\/wp-content\/uploads\/2024\/02\/besteuerung.jpg')\"><\/div><div class=\"term-title\">Fiscalit\u00e9<\/div><\/a><a href=\"https:\/\/www.libinst.ch\/fr\/tag\/formation\/\" class=\"taglisting-item thumbnail\"><div class=\"taglist-thumbnail\" style=\"background-image:url('https:\/\/www.libinst.ch\/wp-content\/uploads\/2024\/02\/bildung.jpg')\"><\/div><div class=\"term-title\">Formation<\/div><\/a><a href=\"https:\/\/www.libinst.ch\/fr\/tag\/infrastructures-et-mobilite\/\" class=\"taglisting-item thumbnail\"><div class=\"taglist-thumbnail\" style=\"background-image:url('https:\/\/www.libinst.ch\/wp-content\/uploads\/2024\/02\/infrastruktur-verkehr.jpg')\"><\/div><div class=\"term-title\">Infrastructures et mobilit\u00e9<\/div><\/a><a href=\"https:\/\/www.libinst.ch\/fr\/tag\/lautonomie-privee\/\" class=\"taglisting-item thumbnail\"><div class=\"taglist-thumbnail\" style=\"background-image:url('https:\/\/www.libinst.ch\/wp-content\/uploads\/2024\/02\/privatautonomie.jpg')\"><\/div><div class=\"term-title\">L'autonomie priv\u00e9e<\/div><\/a><a href=\"https:\/\/www.libinst.ch\/fr\/tag\/liberte-economique-et-croissance\/\" class=\"taglisting-item thumbnail\"><div class=\"taglist-thumbnail\" style=\"background-image:url('https:\/\/www.libinst.ch\/wp-content\/uploads\/2024\/02\/wirtschaftliche-freiheit.jpg')\"><\/div><div class=\"term-title\">Libert\u00e9 \u00e9conomique et croissance<\/div><\/a><a href=\"https:\/\/www.libinst.ch\/fr\/tag\/medias\/\" class=\"taglisting-item thumbnail\"><div class=\"taglist-thumbnail\" style=\"background-image:url('https:\/\/www.libinst.ch\/wp-content\/uploads\/2024\/02\/medien.jpg')\"><\/div><div class=\"term-title\">M\u00e9dias<\/div><\/a><a href=\"https:\/\/www.libinst.ch\/fr\/tag\/migration-fr\/\" class=\"taglisting-item thumbnail\"><div class=\"taglist-thumbnail\" style=\"background-image:url('https:\/\/www.libinst.ch\/wp-content\/uploads\/2024\/02\/migration.jpg')\"><\/div><div class=\"term-title\">Migration<\/div><\/a><a href=\"https:\/\/www.libinst.ch\/fr\/tag\/monnaie-et-marches-financiers\/\" class=\"taglisting-item thumbnail\"><div class=\"taglist-thumbnail\" style=\"background-image:url('https:\/\/www.libinst.ch\/wp-content\/uploads\/2024\/02\/geld-finanzmaerkte.jpg')\"><\/div><div class=\"term-title\">Monnaie et march\u00e9s financiers<\/div><\/a><a href=\"https:\/\/www.libinst.ch\/fr\/tag\/organisations-internationales\/\" class=\"taglisting-item thumbnail\"><div class=\"taglist-thumbnail\" style=\"background-image:url('https:\/\/www.libinst.ch\/wp-content\/uploads\/2024\/02\/internationale-organisationen.jpg')\"><\/div><div class=\"term-title\">Organisations internationales<\/div><\/a><a href=\"https:\/\/www.libinst.ch\/fr\/tag\/penseurs-et-classiques-liberaux\/\" class=\"taglisting-item thumbnail\"><div class=\"taglist-thumbnail\" style=\"background-image:url('https:\/\/www.libinst.ch\/wp-content\/uploads\/2024\/02\/lib-denker-klassiker.jpg')\"><\/div><div class=\"term-title\">Penseurs et classiques lib\u00e9raux<\/div><\/a><a href=\"https:\/\/www.libinst.ch\/fr\/tag\/prevoyance-sociale\/\" class=\"taglisting-item thumbnail\"><div class=\"taglist-thumbnail\" style=\"background-image:url('https:\/\/www.libinst.ch\/wp-content\/uploads\/2024\/02\/soziale-wohlfahrt.jpg')\"><\/div><div class=\"term-title\">Pr\u00e9voyance sociale<\/div><\/a><a href=\"https:\/\/www.libinst.ch\/fr\/tag\/prevoyance-vieillesse\/\" class=\"taglisting-item thumbnail\"><div class=\"taglist-thumbnail\" style=\"background-image:url('https:\/\/www.libinst.ch\/wp-content\/uploads\/2024\/02\/altersvorsorge.jpg')\"><\/div><div class=\"term-title\">Pr\u00e9voyance vieillesse<\/div><\/a><a href=\"https:\/\/www.libinst.ch\/fr\/tag\/regulation\/\" class=\"taglisting-item thumbnail\"><div class=\"taglist-thumbnail\" style=\"background-image:url('https:\/\/www.libinst.ch\/wp-content\/uploads\/2024\/02\/regulierung.jpg')\"><\/div><div class=\"term-title\">R\u00e9gulation<\/div><\/a><a href=\"https:\/\/www.libinst.ch\/fr\/tag\/systeme-de-sante\/\" class=\"taglisting-item thumbnail\"><div class=\"taglist-thumbnail\" style=\"background-image:url('https:\/\/www.libinst.ch\/wp-content\/uploads\/2024\/02\/gesundheitswesen.jpg')\"><\/div><div class=\"term-title\">Sant\u00e9 publique<\/div><\/a><a href=\"https:\/\/www.libinst.ch\/fr\/tag\/science-et-innovation\/\" class=\"taglisting-item thumbnail\"><div class=\"taglist-thumbnail\" style=\"background-image:url('https:\/\/www.libinst.ch\/wp-content\/uploads\/2024\/02\/wissenschaft-innovation.jpg')\"><\/div><div class=\"term-title\">Science et innovation<\/div><\/a><a href=\"https:\/\/www.libinst.ch\/fr\/tag\/securite\/\" class=\"taglisting-item thumbnail\"><div class=\"taglist-thumbnail\" style=\"background-image:url('https:\/\/www.libinst.ch\/wp-content\/uploads\/2024\/02\/sicherheit.jpg')\"><\/div><div class=\"term-title\">S\u00e9curit\u00e9<\/div><\/a><\/div><\/div>\n\t\t\t\t\t\t<\/div>\n\t\t\t\t<\/div>\n\t\t\t\t\t<\/div>\n\t\t\t\t<\/div>\n\t\t\t\t<\/div>\n\t\t","protected":false},"excerpt":{"rendered":"<p>Th\u00e8mes<\/p>\n","protected":false},"author":1,"featured_media":0,"parent":0,"menu_order":0,"comment_status":"closed","ping_status":"closed","template":"","meta":{"_acf_changed":false,"footnotes":""},"tag":[176,174,186,185,168,175,178,180,170,166,1492,182,173,179,172,177,187,171,165,181,169,167,600],"class_list":["post-15255","page","type-page","status-publish","hentry","tags-agriculture","tags-culture","tags-diversite-politique","tags-droits-de-propriete","tags-energie-fr","tags-environnement-et-climat","tags-europe","tags-fiscalite","tags-formation","tags-infrastructures-et-mobilite","tags-lautonomie-privee","tags-liberte-economique-et-croissance","tags-medias","tags-migration-fr","tags-monnaie-et-marches-financiers","tags-organisations-internationales","tags-penseurs-et-classiques-liberaux","tags-prevoyance-sociale","tags-prevoyance-vieillesse","tags-regulation","tags-systeme-de-sante","tags-science-et-innovation","tags-securite"],"acf":[],"yoast_head":"<!-- This site is optimized with the Yoast SEO plugin v27.3 - https:\/\/yoast.com\/product\/yoast-seo-wordpress\/ -->\n<title>Th\u00e8mes - Institut Lib\u00e9ral<\/title>\n<meta name=\"robots\" content=\"index, follow, max-snippet:-1, max-image-preview:large, max-video-preview:-1\" \/>\n<link rel=\"canonical\" href=\"https:\/\/www.libinst.ch\/fr\/themes\/\" \/>\n<meta property=\"og:locale\" content=\"fr_FR\" \/>\n<meta property=\"og:type\" content=\"article\" \/>\n<meta property=\"og:title\" content=\"Th\u00e8mes - Institut Lib\u00e9ral\" \/>\n<meta property=\"og:description\" content=\"Th\u00e8mes\" \/>\n<meta property=\"og:url\" content=\"https:\/\/www.libinst.ch\/fr\/themes\/\" \/>\n<meta property=\"og:site_name\" content=\"Institut Lib\u00e9ral\" \/>\n<meta property=\"article:modified_time\" content=\"2024-02-07T11:06:22+00:00\" \/>\n<meta name=\"twitter:card\" content=\"summary_large_image\" \/>\n<meta name=\"twitter:label1\" content=\"Dur\u00e9e de lecture estim\u00e9e\" \/>\n\t<meta name=\"twitter:data1\" content=\"1 minute\" \/>\n<script type=\"application\/ld+json\" class=\"yoast-schema-graph\">{\"@context\":\"https:\\\/\\\/schema.org\",\"@graph\":[{\"@type\":\"WebPage\",\"@id\":\"https:\\\/\\\/www.libinst.ch\\\/fr\\\/themes\\\/\",\"url\":\"https:\\\/\\\/www.libinst.ch\\\/fr\\\/themes\\\/\",\"name\":\"Th\u00e8mes - Institut Lib\u00e9ral\",\"isPartOf\":{\"@id\":\"\\\/#website\"},\"datePublished\":\"2023-03-07T15:09:08+00:00\",\"dateModified\":\"2024-02-07T11:06:22+00:00\",\"breadcrumb\":{\"@id\":\"https:\\\/\\\/www.libinst.ch\\\/fr\\\/themes\\\/#breadcrumb\"},\"inLanguage\":\"fr-FR\",\"potentialAction\":[{\"@type\":\"ReadAction\",\"target\":[\"https:\\\/\\\/www.libinst.ch\\\/fr\\\/themes\\\/\"]}]},{\"@type\":\"BreadcrumbList\",\"@id\":\"https:\\\/\\\/www.libinst.ch\\\/fr\\\/themes\\\/#breadcrumb\",\"itemListElement\":[{\"@type\":\"ListItem\",\"position\":1,\"name\":\"Home\",\"item\":\"https:\\\/\\\/www.libinst.ch\\\/\"},{\"@type\":\"ListItem\",\"position\":2,\"name\":\"Th\u00e8mes\"}]},{\"@type\":\"WebSite\",\"@id\":\"\\\/#website\",\"url\":\"\\\/\",\"name\":\"Institut Lib\u00e9ral\",\"description\":\"\",\"publisher\":{\"@id\":\"\\\/#organization\"},\"potentialAction\":[{\"@type\":\"SearchAction\",\"target\":{\"@type\":\"EntryPoint\",\"urlTemplate\":\"\\\/?s={search_term_string}\"},\"query-input\":{\"@type\":\"PropertyValueSpecification\",\"valueRequired\":true,\"valueName\":\"search_term_string\"}}],\"inLanguage\":\"fr-FR\"},{\"@type\":\"Organization\",\"@id\":\"\\\/#organization\",\"name\":\"Institut Lib\u00e9ral\",\"url\":\"\\\/\",\"logo\":{\"@type\":\"ImageObject\",\"inLanguage\":\"fr-FR\",\"@id\":\"\\\/#\\\/schema\\\/logo\\\/image\\\/\",\"url\":\"https:\\\/\\\/www.libinst.ch\\\/wp-content\\\/uploads\\\/2023\\\/08\\\/logo-institut-liberal.png\",\"contentUrl\":\"https:\\\/\\\/www.libinst.ch\\\/wp-content\\\/uploads\\\/2023\\\/08\\\/logo-institut-liberal.png\",\"width\":2935,\"height\":458,\"caption\":\"Institut Lib\u00e9ral\"},\"image\":{\"@id\":\"\\\/#\\\/schema\\\/logo\\\/image\\\/\"}}]}<\/script>\n<!-- \/ Yoast SEO plugin. -->","yoast_head_json":{"title":"Th\u00e8mes - Institut Lib\u00e9ral","robots":{"index":"index","follow":"follow","max-snippet":"max-snippet:-1","max-image-preview":"max-image-preview:large","max-video-preview":"max-video-preview:-1"},"canonical":"https:\/\/www.libinst.ch\/fr\/themes\/","og_locale":"fr_FR","og_type":"article","og_title":"Th\u00e8mes - Institut Lib\u00e9ral","og_description":"Th\u00e8mes","og_url":"https:\/\/www.libinst.ch\/fr\/themes\/","og_site_name":"Institut Lib\u00e9ral","article_modified_time":"2024-02-07T11:06:22+00:00","twitter_card":"summary_large_image","twitter_misc":{"Dur\u00e9e de lecture estim\u00e9e":"1 minute"},"schema":{"@context":"https:\/\/schema.org","@graph":[{"@type":"WebPage","@id":"https:\/\/www.libinst.ch\/fr\/themes\/","url":"https:\/\/www.libinst.ch\/fr\/themes\/","name":"Th\u00e8mes - Institut Lib\u00e9ral","isPartOf":{"@id":"\/#website"},"datePublished":"2023-03-07T15:09:08+00:00","dateModified":"2024-02-07T11:06:22+00:00","breadcrumb":{"@id":"https:\/\/www.libinst.ch\/fr\/themes\/#breadcrumb"},"inLanguage":"fr-FR","potentialAction":[{"@type":"ReadAction","target":["https:\/\/www.libinst.ch\/fr\/themes\/"]}]},{"@type":"BreadcrumbList","@id":"https:\/\/www.libinst.ch\/fr\/themes\/#breadcrumb","itemListElement":[{"@type":"ListItem","position":1,"name":"Home","item":"https:\/\/www.libinst.ch\/"},{"@type":"ListItem","position":2,"name":"Th\u00e8mes"}]},{"@type":"WebSite","@id":"\/#website","url":"\/","name":"Institut Lib\u00e9ral","description":"","publisher":{"@id":"\/#organization"},"potentialAction":[{"@type":"SearchAction","target":{"@type":"EntryPoint","urlTemplate":"\/?s={search_term_string}"},"query-input":{"@type":"PropertyValueSpecification","valueRequired":true,"valueName":"search_term_string"}}],"inLanguage":"fr-FR"},{"@type":"Organization","@id":"\/#organization","name":"Institut Lib\u00e9ral","url":"\/","logo":{"@type":"ImageObject","inLanguage":"fr-FR","@id":"\/#\/schema\/logo\/image\/","url":"https:\/\/www.libinst.ch\/wp-content\/uploads\/2023\/08\/logo-institut-liberal.png","contentUrl":"https:\/\/www.libinst.ch\/wp-content\/uploads\/2023\/08\/logo-institut-liberal.png","width":2935,"height":458,"caption":"Institut Lib\u00e9ral"},"image":{"@id":"\/#\/schema\/logo\/image\/"}}]}},"_links":{"self":[{"href":"https:\/\/www.libinst.ch\/fr\/wp-json\/wp\/v2\/pages\/15255","targetHints":{"allow":["GET"]}}],"collection":[{"href":"https:\/\/www.libinst.ch\/fr\/wp-json\/wp\/v2\/pages"}],"about":[{"href":"https:\/\/www.libinst.ch\/fr\/wp-json\/wp\/v2\/types\/page"}],"author":[{"embeddable":true,"href":"https:\/\/www.libinst.ch\/fr\/wp-json\/wp\/v2\/users\/1"}],"replies":[{"embeddable":true,"href":"https:\/\/www.libinst.ch\/fr\/wp-json\/wp\/v2\/comments?post=15255"}],"version-history":[{"count":14,"href":"https:\/\/www.libinst.ch\/fr\/wp-json\/wp\/v2\/pages\/15255\/revisions"}],"predecessor-version":[{"id":23406,"href":"https:\/\/www.libinst.ch\/fr\/wp-json\/wp\/v2\/pages\/15255\/revisions\/23406"}],"wp:attachment":[{"href":"https:\/\/www.libinst.ch\/fr\/wp-json\/wp\/v2\/media?parent=15255"}],"wp:term":[{"taxonomy":"tags","embeddable":true,"href":"https:\/\/www.libinst.ch\/fr\/wp-json\/wp\/v2\/tag?post=15255"}],"curies":[{"name":"wp","href":"https:\/\/api.w.org\/{rel}","templated":true}]}}