{"id":15608,"date":"2023-01-30T16:56:17","date_gmt":"2023-01-30T15:56:17","guid":{"rendered":"https:\/\/libinst.detail-digital.ch\/devenir-un-soutien\/"},"modified":"2026-03-17T15:37:52","modified_gmt":"2026-03-17T14:37:52","slug":"devenir-un-soutien","status":"publish","type":"page","link":"https:\/\/www.libinst.ch\/fr\/devenir-un-soutien\/","title":{"rendered":"Devenir un soutien"},"content":{"rendered":"\t\t<div data-elementor-type=\"wp-page\" data-elementor-id=\"15608\" class=\"elementor elementor-15608 elementor-462\" data-elementor-post-type=\"page\">\n\t\t\t\t<div class=\"elementor-element elementor-element-0b11e9f section e-flex e-con-boxed e-con e-parent\" data-id=\"0b11e9f\" data-element_type=\"container\" data-e-type=\"container\">\n\t\t\t\t\t<div class=\"e-con-inner\">\n\t\t\t\t<div class=\"elementor-element elementor-element-36036fe elementor-widget elementor-widget-heading\" data-id=\"36036fe\" data-element_type=\"widget\" data-e-type=\"widget\" data-widget_type=\"heading.default\">\n\t\t\t\t<div class=\"elementor-widget-container\">\n\t\t\t\t\t<h2 class=\"elementor-heading-title elementor-size-default\">DEVENIR UN SOUTIEN<\/h2>\t\t\t\t<\/div>\n\t\t\t\t<\/div>\n\t\t<div class=\"elementor-element elementor-element-e7b0931 e-flex e-con-boxed e-con e-child\" data-id=\"e7b0931\" data-element_type=\"container\" data-e-type=\"container\">\n\t\t\t\t\t<div class=\"e-con-inner\">\n\t\t<div class=\"elementor-element elementor-element-c96ea08 e-flex e-con-boxed e-con e-child\" data-id=\"c96ea08\" data-element_type=\"container\" data-e-type=\"container\">\n\t\t\t\t\t<div class=\"e-con-inner\">\n\t\t\t\t<div class=\"elementor-element elementor-element-154b123 elementor-widget elementor-widget-text-editor\" data-id=\"154b123\" data-element_type=\"widget\" data-e-type=\"widget\" data-widget_type=\"text-editor.default\">\n\t\t\t\t<div class=\"elementor-widget-container\">\n\t\t\t\t\t\t\t\t\t<p>Pour la recherche, le d\u00e9veloppement et la diffusion d&rsquo;id\u00e9es lib\u00e9rales, l&rsquo;Institut Lib\u00e9ral a besoin de votre soutien. En tant que think tank ind\u00e9pendant et orient\u00e9 vers l&rsquo;\u00e9conomie de march\u00e9, l&rsquo;Institut Lib\u00e9ral ne sollicite pas de fonds publics et s&rsquo;appuie exclusivement sur le soutien priv\u00e9. (L&rsquo;Institut Lib\u00e9ral est une fondation reconnue d&rsquo;utilit\u00e9 publique, exon\u00e9r\u00e9e d&rsquo;imp\u00f4ts et soumise \u00e0 la surveillance l\u00e9gale conform\u00e9ment aux articles 80 et suivants du Code civil. CC).<\/p>\n<p>L&rsquo;engagement repose sur des convictions individuelles &#8211; c&rsquo;est pourquoi nous vous proposons de nombreuses possibilit\u00e9s de vous engager aupr\u00e8s de l&rsquo;Institut Lib\u00e9ral.<\/p>\n\t\t\t\t\t\t\t\t<\/div>\n\t\t\t\t<\/div>\n\t\t\t\t<div class=\"elementor-element elementor-element-d7c05ea elementor-hidden-desktop elementor-invisible elementor-widget elementor-widget-button\" data-id=\"d7c05ea\" data-element_type=\"widget\" data-e-type=\"widget\" data-settings=\"{&quot;_animation&quot;:&quot;fadeInUp&quot;}\" data-widget_type=\"button.default\">\n\t\t\t\t<div class=\"elementor-widget-container\">\n\t\t\t\t\t\t\t\t\t<div class=\"elementor-button-wrapper\">\n\t\t\t\t\t<a class=\"elementor-button elementor-button-link elementor-size-sm\" href=\"#spenden\">\n\t\t\t\t\t\t<span class=\"elementor-button-content-wrapper\">\n\t\t\t\t\t\t\t\t\t<span class=\"elementor-button-text\">faire un don<\/span>\n\t\t\t\t\t<\/span>\n\t\t\t\t\t<\/a>\n\t\t\t\t<\/div>\n\t\t\t\t\t\t\t\t<\/div>\n\t\t\t\t<\/div>\n\t\t<div class=\"elementor-element elementor-element-e023163 e-flex e-con-boxed e-con e-child\" data-id=\"e023163\" data-element_type=\"container\" data-e-type=\"container\">\n\t\t\t\t\t<div class=\"e-con-inner\">\n\t\t<div class=\"elementor-element elementor-element-e7a4a7e e-flex e-con-boxed e-con e-child\" data-id=\"e7a4a7e\" data-element_type=\"container\" data-e-type=\"container\" data-settings=\"{&quot;background_background&quot;:&quot;classic&quot;}\">\n\t\t\t\t\t<div class=\"e-con-inner\">\n\t\t\t\t<div class=\"elementor-element elementor-element-d41286e elementor-widget elementor-widget-text-editor\" data-id=\"d41286e\" data-element_type=\"widget\" data-e-type=\"widget\" data-widget_type=\"text-editor.default\">\n\t\t\t\t<div class=\"elementor-widget-container\">\n\t\t\t\t\t\t\t\t\t<p>En tant <strong>qu&rsquo;ami de l&rsquo;Institut Lib\u00e9ral<\/strong> vous b\u00e9n\u00e9ficiez d&rsquo;un acc\u00e8s pr\u00e9f\u00e9rentiel \u00e0 nos \u00e9v\u00e9nements et \u00e0 nos publications et recevez le bulletin d&rsquo;informations \u00abPerspectives\u00bb. En effectuant un don allant jusqu\u2019\u00e0 CHF 999, vous devenez automatiquement membre du \u00abCercle des amis de l\u2019IL\u00bb pour une dur\u00e9e d\u2019un an.<\/p>\t\t\t\t\t\t\t\t<\/div>\n\t\t\t\t<\/div>\n\t\t\t\t<div class=\"elementor-element elementor-element-d264e23 elementor-widget elementor-widget-price-list\" data-id=\"d264e23\" data-element_type=\"widget\" data-e-type=\"widget\" data-widget_type=\"price-list.default\">\n\t\t\t\t<div class=\"elementor-widget-container\">\n\t\t\t\t\t\n\t\t<ul class=\"elementor-price-list\">\n\n\t\t\t\t\t\t\t\t\t<li class=\"elementor-price-list-item\">\t\t\t\t\n\t\t\t\t<div class=\"elementor-price-list-text\">\n\t\t\t\t\t\t\t\t\t<div class=\"elementor-price-list-header\">\n\t\t\t\t\t\t\t\t\t\t\t<span class=\"elementor-price-list-title\">\n\t\t\t\t\t\t\t<a href=\"https:\/\/www.libinst.ch\/fr\/produkt\/ami-de-linstitut-liberal\/\">Ami<\/a>\t\t\t\t\t\t<\/span>\n\t\t\t\t\t\t\t\t\t\t\t\t\t\t\t\t\t\t\t\t\t\t\t\t<span class=\"elementor-price-list-price\">d\u00e8s 95 CHF<\/span>\n\t\t\t\t\t\t\t\t\t\t<\/div>\n\t\t\t\t\t\t\t\t\t\t\t\t<\/div>\n\t\t\t\t<\/li>\t\t\t\t\t\t\t\t\t\t\t\t<li class=\"elementor-price-list-item\">\t\t\t\t\n\t\t\t\t<div class=\"elementor-price-list-text\">\n\t\t\t\t\t\t\t\t\t<div class=\"elementor-price-list-header\">\n\t\t\t\t\t\t\t\t\t\t\t<span class=\"elementor-price-list-title\">\n\t\t\t\t\t\t\t<a href=\"https:\/\/www.libinst.ch\/fr\/produkt\/ami-de-linstitut-liberal\/\">Donateur<\/a>\t\t\t\t\t\t<\/span>\n\t\t\t\t\t\t\t\t\t\t\t\t\t\t\t\t\t\t\t\t\t\t\t\t<span class=\"elementor-price-list-price\">d\u00e8s 350 CHF<\/span>\n\t\t\t\t\t\t\t\t\t\t<\/div>\n\t\t\t\t\t\t\t\t\t\t\t\t<\/div>\n\t\t\t\t<\/li>\t\t\t\t\t\t\t\t\t\t\t\t<li class=\"elementor-price-list-item\">\t\t\t\t\n\t\t\t\t<div class=\"elementor-price-list-text\">\n\t\t\t\t\t\t\t\t\t<div class=\"elementor-price-list-header\">\n\t\t\t\t\t\t\t\t\t\t\t<span class=\"elementor-price-list-title\">\n\t\t\t\t\t\t\t<a href=\"https:\/\/www.libinst.ch\/fr\/produkt\/ami-de-linstitut-liberal\/\">\u00c9tudiant<\/a>\t\t\t\t\t\t<\/span>\n\t\t\t\t\t\t\t\t\t\t\t\t\t\t\t\t\t\t\t\t\t\t\t\t<span class=\"elementor-price-list-price\">60 CHF<\/span>\n\t\t\t\t\t\t\t\t\t\t<\/div>\n\t\t\t\t\t\t\t\t\t\t\t\t<\/div>\n\t\t\t\t<\/li>\t\t\t\t\t\n\t\t<\/ul>\n\n\t\t\t\t\t\t<\/div>\n\t\t\t\t<\/div>\n\t\t\t\t\t<\/div>\n\t\t\t\t<\/div>\n\t\t<div class=\"elementor-element elementor-element-457931b e-flex e-con-boxed e-con e-child\" data-id=\"457931b\" data-element_type=\"container\" data-e-type=\"container\" data-settings=\"{&quot;background_background&quot;:&quot;classic&quot;}\">\n\t\t\t\t\t<div class=\"e-con-inner\">\n\t\t\t\t<div class=\"elementor-element elementor-element-63a5e73 elementor-widget elementor-widget-text-editor\" data-id=\"63a5e73\" data-element_type=\"widget\" data-e-type=\"widget\" data-widget_type=\"text-editor.default\">\n\t\t\t\t<div class=\"elementor-widget-container\">\n\t\t\t\t\t\t\t\t\t<p style=\"text-align: left;\">En tant que <strong>m\u00e9c\u00e8ne de l&rsquo;Institut Lib\u00e9ral<\/strong> vous jouez un r\u00f4le substantiel dans la promotion des valeurs d&rsquo;une soci\u00e9t\u00e9 libre et b\u00e9n\u00e9ficiez d&rsquo;un acc\u00e8s prioritaire \u00e0 toutes nos offres. Pour de plus amples informations ou un entretien personnel, n&rsquo;h\u00e9sitez pas \u00e0 prendre contact avec notre Comit\u00e9. En effectuant un don \u00e0 partir de CHF 1000, vous devenez automatiquement membre du \u00abCercle des soutiens de l\u2019IL\u00bb pour une dur\u00e9e d\u2019un an.<\/p>\t\t\t\t\t\t\t\t<\/div>\n\t\t\t\t<\/div>\n\t\t\t\t<div class=\"elementor-element elementor-element-826a80d elementor-widget elementor-widget-price-list\" data-id=\"826a80d\" data-element_type=\"widget\" data-e-type=\"widget\" data-widget_type=\"price-list.default\">\n\t\t\t\t<div class=\"elementor-widget-container\">\n\t\t\t\t\t\n\t\t<ul class=\"elementor-price-list\">\n\n\t\t\t\t\t\t\t\t\t<li class=\"elementor-price-list-item\">\t\t\t\t\n\t\t\t\t<div class=\"elementor-price-list-text\">\n\t\t\t\t\t\t\t\t\t<div class=\"elementor-price-list-header\">\n\t\t\t\t\t\t\t\t\t\t\t<span class=\"elementor-price-list-title\">\n\t\t\t\t\t\t\t<a href=\"https:\/\/www.libinst.ch\/fr\/produkt\/promoteur-de-linstitut-liberal\/\">Bronze<\/a>\t\t\t\t\t\t<\/span>\n\t\t\t\t\t\t\t\t\t\t\t\t\t\t\t\t\t\t\t\t\t\t\t\t<span class=\"elementor-price-list-price\">d\u00e8s 1000 CHF<\/span>\n\t\t\t\t\t\t\t\t\t\t<\/div>\n\t\t\t\t\t\t\t\t\t\t\t\t<\/div>\n\t\t\t\t<\/li>\t\t\t\t\t\t\t\t\t\t\t\t<li class=\"elementor-price-list-item\">\t\t\t\t\n\t\t\t\t<div class=\"elementor-price-list-text\">\n\t\t\t\t\t\t\t\t\t<div class=\"elementor-price-list-header\">\n\t\t\t\t\t\t\t\t\t\t\t<span class=\"elementor-price-list-title\">\n\t\t\t\t\t\t\t<a href=\"https:\/\/www.libinst.ch\/fr\/produkt\/promoteur-de-linstitut-liberal\/\">Argent<\/a>\t\t\t\t\t\t<\/span>\n\t\t\t\t\t\t\t\t\t\t\t\t\t\t\t\t\t\t\t\t\t\t\t\t<span class=\"elementor-price-list-price\">d\u00e8s 5000 CHF<\/span>\n\t\t\t\t\t\t\t\t\t\t<\/div>\n\t\t\t\t\t\t\t\t\t\t\t\t<\/div>\n\t\t\t\t<\/li>\t\t\t\t\t\t\t\t\t\t\t\t<li class=\"elementor-price-list-item\">\t\t\t\t\n\t\t\t\t<div class=\"elementor-price-list-text\">\n\t\t\t\t\t\t\t\t\t<div class=\"elementor-price-list-header\">\n\t\t\t\t\t\t\t\t\t\t\t<span class=\"elementor-price-list-title\">\n\t\t\t\t\t\t\t<a href=\"https:\/\/www.libinst.ch\/fr\/produkt\/promoteur-de-linstitut-liberal\/\">Or<\/a>\t\t\t\t\t\t<\/span>\n\t\t\t\t\t\t\t\t\t\t\t\t\t\t\t\t\t\t\t\t\t\t\t\t<span class=\"elementor-price-list-price\">d\u00e8s 10'000 CHF<\/span>\n\t\t\t\t\t\t\t\t\t\t<\/div>\n\t\t\t\t\t\t\t\t\t\t\t\t<\/div>\n\t\t\t\t<\/li>\t\t\t\t\t\t\t\t\t\t\t\t<li class=\"elementor-price-list-item\">\t\t\t\t\n\t\t\t\t<div class=\"elementor-price-list-text\">\n\t\t\t\t\t\t\t\t\t<div class=\"elementor-price-list-header\">\n\t\t\t\t\t\t\t\t\t\t\t<span class=\"elementor-price-list-title\">\n\t\t\t\t\t\t\t<a href=\"https:\/\/www.libinst.ch\/fr\/produkt\/promoteur-de-linstitut-liberal\/\">Platine<\/a>\t\t\t\t\t\t<\/span>\n\t\t\t\t\t\t\t\t\t\t\t\t\t\t\t\t\t\t\t\t\t\t\t\t<span class=\"elementor-price-list-price\">d\u00e8s 20'000 CHF<\/span>\n\t\t\t\t\t\t\t\t\t\t<\/div>\n\t\t\t\t\t\t\t\t\t\t\t\t<\/div>\n\t\t\t\t<\/li>\t\t\t\t\t\t\t\t\t\t\t\t<li class=\"elementor-price-list-item\">\t\t\t\t\n\t\t\t\t<div class=\"elementor-price-list-text\">\n\t\t\t\t\t\t\t\t\t<div class=\"elementor-price-list-header\">\n\t\t\t\t\t\t\t\t\t\t\t<span class=\"elementor-price-list-title\">\n\t\t\t\t\t\t\t<a href=\"https:\/\/www.libinst.ch\/fr\/produkt\/promoteur-de-linstitut-liberal\/\">Bienfaiteur<\/a>\t\t\t\t\t\t<\/span>\n\t\t\t\t\t\t\t\t\t\t\t\t\t\t\t\t\t\t\t\t\t\t\t\t<span class=\"elementor-price-list-price\">d\u00e8s 50'000 CHF<\/span>\n\t\t\t\t\t\t\t\t\t\t<\/div>\n\t\t\t\t\t\t\t\t\t\t\t\t<\/div>\n\t\t\t\t<\/li>\t\t\t\t\t\n\t\t<\/ul>\n\n\t\t\t\t\t\t<\/div>\n\t\t\t\t<\/div>\n\t\t\t\t\t<\/div>\n\t\t\t\t<\/div>\n\t\t\t\t\t<\/div>\n\t\t\t\t<\/div>\n\t\t<div class=\"elementor-element elementor-element-3f23542 e-flex e-con-boxed e-con e-child\" data-id=\"3f23542\" data-element_type=\"container\" data-e-type=\"container\">\n\t\t\t\t\t<div class=\"e-con-inner\">\n\t\t<div class=\"elementor-element elementor-element-5f553df e-flex e-con-boxed e-con e-child\" data-id=\"5f553df\" data-element_type=\"container\" data-e-type=\"container\" data-settings=\"{&quot;background_background&quot;:&quot;classic&quot;}\">\n\t\t\t\t\t<div class=\"e-con-inner\">\n\t\t\t\t<div class=\"elementor-element elementor-element-d49adcd elementor-widget elementor-widget-text-editor\" data-id=\"d49adcd\" data-element_type=\"widget\" data-e-type=\"widget\" data-widget_type=\"text-editor.default\">\n\t\t\t\t<div class=\"elementor-widget-container\">\n\t\t\t\t\t\t\t\t\t<p>Vous pouvez \u00e9galement favoriser l&rsquo;Institut Lib\u00e9ral par une donation ou un legs. Pour de plus amples informations ou un entretien personnel, n&rsquo;h\u00e9sitez pas \u00e0 prendre contact avec notre Comit\u00e9 et \u00e0 vous r\u00e9f\u00e9rer \u00e0 votre conseiller habituel.<\/p>\n\t\t\t\t\t\t\t\t<\/div>\n\t\t\t\t<\/div>\n\t\t\t\t\t<\/div>\n\t\t\t\t<\/div>\n\t\t<div class=\"elementor-element elementor-element-bda8ed8 e-flex e-con-boxed e-con e-child\" data-id=\"bda8ed8\" data-element_type=\"container\" data-e-type=\"container\">\n\t\t\t\t\t<div class=\"e-con-inner\">\n\t\t\t\t<div class=\"elementor-element elementor-element-adb6347 elementor-widget elementor-widget-heading\" data-id=\"adb6347\" data-element_type=\"widget\" data-e-type=\"widget\" data-widget_type=\"heading.default\">\n\t\t\t\t<div class=\"elementor-widget-container\">\n\t\t\t\t\t<h3 class=\"elementor-heading-title elementor-size-default\">D\u00e9duction fiscale<\/h3>\t\t\t\t<\/div>\n\t\t\t\t<\/div>\n\t\t\t\t<div class=\"elementor-element elementor-element-9dfe910 elementor-widget elementor-widget-text-editor\" data-id=\"9dfe910\" data-element_type=\"widget\" data-e-type=\"widget\" data-widget_type=\"text-editor.default\">\n\t\t\t\t<div class=\"elementor-widget-container\">\n\t\t\t\t\t\t\t\t\t<p>Les contributions et dons \u00e0 l&rsquo;Institut Lib\u00e9ral peuvent \u00eatre d\u00e9duits du revenu imposable, selon des dispositions qui peuvent varier selon le canton. Pour toute question \u00e0 ce propos, veuillez vous r\u00e9f\u00e9rer \u00e0 votre conseiller local.<\/p>\n\t\t\t\t\t\t\t\t<\/div>\n\t\t\t\t<\/div>\n\t\t\t\t\t<\/div>\n\t\t\t\t<\/div>\n\t\t<div class=\"elementor-element elementor-element-42f1eb5 e-flex e-con-boxed e-con e-child\" data-id=\"42f1eb5\" data-element_type=\"container\" data-e-type=\"container\">\n\t\t\t\t\t<div class=\"e-con-inner\">\n\t\t\t\t<div class=\"elementor-element elementor-element-de26fab elementor-widget elementor-widget-heading\" data-id=\"de26fab\" data-element_type=\"widget\" data-e-type=\"widget\" data-widget_type=\"heading.default\">\n\t\t\t\t<div class=\"elementor-widget-container\">\n\t\t\t\t\t<h3 class=\"elementor-heading-title elementor-size-default\">Virement direct<\/h3>\t\t\t\t<\/div>\n\t\t\t\t<\/div>\n\t\t\t\t<div class=\"elementor-element elementor-element-49a2d14 elementor-widget elementor-widget-text-editor\" data-id=\"49a2d14\" data-element_type=\"widget\" data-e-type=\"widget\" data-widget_type=\"text-editor.default\">\n\t\t\t\t<div class=\"elementor-widget-container\">\n\t\t\t\t\t\t\t\t\t<p dir=\"auto\">Bien entendu, tout don vers\u00e9 directement sur notre compte bancaire postal est \u00e9galement le bienvenu :<\/p><p dir=\"auto\"><strong>IBAN :<\/strong> CH22 0023 5235 8402 1601 W<br \/><strong>BIC :<\/strong> UBSWCHZH30A<\/p>\t\t\t\t\t\t\t\t<\/div>\n\t\t\t\t<\/div>\n\t\t\t\t\t<\/div>\n\t\t\t\t<\/div>\n\t\t\t\t\t<\/div>\n\t\t\t\t<\/div>\n\t\t\t\t\t<\/div>\n\t\t\t\t<\/div>\n\t\t<div class=\"elementor-element elementor-element-1e1032a e-flex e-con-boxed e-con e-child\" data-id=\"1e1032a\" data-element_type=\"container\" data-e-type=\"container\" id=\"spenden\">\n\t\t\t\t\t<div class=\"e-con-inner\">\n\t\t\t\t<div class=\"elementor-element elementor-element-cccc8e0 elementor-widget elementor-widget-html\" data-id=\"cccc8e0\" data-element_type=\"widget\" data-e-type=\"widget\" data-widget_type=\"html.default\">\n\t\t\t\t<div class=\"elementor-widget-container\">\n\t\t\t\t\t<iframe loading=\"lazy\" src=\"https:\/\/libinst.zahls.ch\/fr\/pay?cid=9ff15feb&hide_description=1&appview=1\" allow=\"payment *\" width=\"100%\" height=\"1600\" scrolling=\"no\" style=\"border:0;\" id=\"zahls-embed\"><\/iframe>\t\t\t\t<\/div>\n\t\t\t\t<\/div>\n\t\t\t\t\t<\/div>\n\t\t\t\t<\/div>\n\t\t\t\t\t<\/div>\n\t\t\t\t<\/div>\n\t\t\t\t\t<\/div>\n\t\t\t\t<\/div>\n\t\t\t\t<\/div>\n\t\t","protected":false},"excerpt":{"rendered":"<p>DEVENIR UN SOUTIEN Pour la recherche, le d\u00e9veloppement et la diffusion d&rsquo;id\u00e9es lib\u00e9rales, l&rsquo;Institut Lib\u00e9ral a besoin de votre soutien. En tant que think tank ind\u00e9pendant et orient\u00e9 vers l&rsquo;\u00e9conomie de march\u00e9, l&rsquo;Institut Lib\u00e9ral ne sollicite pas de fonds publics et s&rsquo;appuie exclusivement sur le soutien priv\u00e9. (L&rsquo;Institut Lib\u00e9ral est une fondation reconnue d&rsquo;utilit\u00e9 publique, [&hellip;]<\/p>\n","protected":false},"author":1,"featured_media":0,"parent":0,"menu_order":0,"comment_status":"closed","ping_status":"closed","template":"","meta":{"_acf_changed":false,"footnotes":""},"tag":[],"class_list":["post-15608","page","type-page","status-publish","hentry"],"acf":[],"yoast_head":"<!-- This site is optimized with the Yoast SEO plugin v27.3 - https:\/\/yoast.com\/product\/yoast-seo-wordpress\/ -->\n<title>Devenir un soutien - Institut Lib\u00e9ral<\/title>\n<meta name=\"robots\" content=\"index, follow, max-snippet:-1, max-image-preview:large, max-video-preview:-1\" \/>\n<link rel=\"canonical\" href=\"https:\/\/www.libinst.ch\/unterstutzer-werden\/\" \/>\n<meta property=\"og:locale\" content=\"fr_FR\" \/>\n<meta property=\"og:type\" content=\"article\" \/>\n<meta property=\"og:title\" content=\"Devenir un soutien - Institut Lib\u00e9ral\" \/>\n<meta property=\"og:description\" content=\"DEVENIR UN SOUTIEN Pour la recherche, le d\u00e9veloppement et la diffusion d&rsquo;id\u00e9es lib\u00e9rales, l&rsquo;Institut Lib\u00e9ral a besoin de votre soutien. En tant que think tank ind\u00e9pendant et orient\u00e9 vers l&rsquo;\u00e9conomie de march\u00e9, l&rsquo;Institut Lib\u00e9ral ne sollicite pas de fonds publics et s&rsquo;appuie exclusivement sur le soutien priv\u00e9. (L&rsquo;Institut Lib\u00e9ral est une fondation reconnue d&rsquo;utilit\u00e9 publique, [&hellip;]\" \/>\n<meta property=\"og:url\" content=\"https:\/\/www.libinst.ch\/unterstutzer-werden\/\" \/>\n<meta property=\"og:site_name\" content=\"Institut Lib\u00e9ral\" \/>\n<meta property=\"article:modified_time\" content=\"2026-03-17T14:37:52+00:00\" \/>\n<meta name=\"twitter:card\" content=\"summary_large_image\" \/>\n<meta name=\"twitter:label1\" content=\"Dur\u00e9e de lecture estim\u00e9e\" \/>\n\t<meta name=\"twitter:data1\" content=\"2 minutes\" \/>\n<script type=\"application\/ld+json\" class=\"yoast-schema-graph\">{\"@context\":\"https:\\\/\\\/schema.org\",\"@graph\":[{\"@type\":\"WebPage\",\"@id\":\"https:\\\/\\\/www.libinst.ch\\\/unterstutzer-werden\\\/\",\"url\":\"https:\\\/\\\/www.libinst.ch\\\/unterstutzer-werden\\\/\",\"name\":\"Devenir un soutien - Institut Lib\u00e9ral\",\"isPartOf\":{\"@id\":\"\\\/#website\"},\"datePublished\":\"2023-01-30T15:56:17+00:00\",\"dateModified\":\"2026-03-17T14:37:52+00:00\",\"breadcrumb\":{\"@id\":\"https:\\\/\\\/www.libinst.ch\\\/unterstutzer-werden\\\/#breadcrumb\"},\"inLanguage\":\"fr-FR\",\"potentialAction\":[{\"@type\":\"ReadAction\",\"target\":[\"https:\\\/\\\/www.libinst.ch\\\/unterstutzer-werden\\\/\"]}]},{\"@type\":\"BreadcrumbList\",\"@id\":\"https:\\\/\\\/www.libinst.ch\\\/unterstutzer-werden\\\/#breadcrumb\",\"itemListElement\":[{\"@type\":\"ListItem\",\"position\":1,\"name\":\"Home\",\"item\":\"https:\\\/\\\/www.libinst.ch\\\/\"},{\"@type\":\"ListItem\",\"position\":2,\"name\":\"Devenir un soutien\"}]},{\"@type\":\"WebSite\",\"@id\":\"\\\/#website\",\"url\":\"\\\/\",\"name\":\"Institut Lib\u00e9ral\",\"description\":\"\",\"publisher\":{\"@id\":\"\\\/#organization\"},\"potentialAction\":[{\"@type\":\"SearchAction\",\"target\":{\"@type\":\"EntryPoint\",\"urlTemplate\":\"\\\/?s={search_term_string}\"},\"query-input\":{\"@type\":\"PropertyValueSpecification\",\"valueRequired\":true,\"valueName\":\"search_term_string\"}}],\"inLanguage\":\"fr-FR\"},{\"@type\":\"Organization\",\"@id\":\"\\\/#organization\",\"name\":\"Institut Lib\u00e9ral\",\"url\":\"\\\/\",\"logo\":{\"@type\":\"ImageObject\",\"inLanguage\":\"fr-FR\",\"@id\":\"\\\/#\\\/schema\\\/logo\\\/image\\\/\",\"url\":\"https:\\\/\\\/www.libinst.ch\\\/wp-content\\\/uploads\\\/2023\\\/08\\\/logo-institut-liberal.png\",\"contentUrl\":\"https:\\\/\\\/www.libinst.ch\\\/wp-content\\\/uploads\\\/2023\\\/08\\\/logo-institut-liberal.png\",\"width\":2935,\"height\":458,\"caption\":\"Institut Lib\u00e9ral\"},\"image\":{\"@id\":\"\\\/#\\\/schema\\\/logo\\\/image\\\/\"}}]}<\/script>\n<!-- \/ Yoast SEO plugin. -->","yoast_head_json":{"title":"Devenir un soutien - Institut Lib\u00e9ral","robots":{"index":"index","follow":"follow","max-snippet":"max-snippet:-1","max-image-preview":"max-image-preview:large","max-video-preview":"max-video-preview:-1"},"canonical":"https:\/\/www.libinst.ch\/unterstutzer-werden\/","og_locale":"fr_FR","og_type":"article","og_title":"Devenir un soutien - Institut Lib\u00e9ral","og_description":"DEVENIR UN SOUTIEN Pour la recherche, le d\u00e9veloppement et la diffusion d&rsquo;id\u00e9es lib\u00e9rales, l&rsquo;Institut Lib\u00e9ral a besoin de votre soutien. En tant que think tank ind\u00e9pendant et orient\u00e9 vers l&rsquo;\u00e9conomie de march\u00e9, l&rsquo;Institut Lib\u00e9ral ne sollicite pas de fonds publics et s&rsquo;appuie exclusivement sur le soutien priv\u00e9. (L&rsquo;Institut Lib\u00e9ral est une fondation reconnue d&rsquo;utilit\u00e9 publique, [&hellip;]","og_url":"https:\/\/www.libinst.ch\/unterstutzer-werden\/","og_site_name":"Institut Lib\u00e9ral","article_modified_time":"2026-03-17T14:37:52+00:00","twitter_card":"summary_large_image","twitter_misc":{"Dur\u00e9e de lecture estim\u00e9e":"2 minutes"},"schema":{"@context":"https:\/\/schema.org","@graph":[{"@type":"WebPage","@id":"https:\/\/www.libinst.ch\/unterstutzer-werden\/","url":"https:\/\/www.libinst.ch\/unterstutzer-werden\/","name":"Devenir un soutien - Institut Lib\u00e9ral","isPartOf":{"@id":"\/#website"},"datePublished":"2023-01-30T15:56:17+00:00","dateModified":"2026-03-17T14:37:52+00:00","breadcrumb":{"@id":"https:\/\/www.libinst.ch\/unterstutzer-werden\/#breadcrumb"},"inLanguage":"fr-FR","potentialAction":[{"@type":"ReadAction","target":["https:\/\/www.libinst.ch\/unterstutzer-werden\/"]}]},{"@type":"BreadcrumbList","@id":"https:\/\/www.libinst.ch\/unterstutzer-werden\/#breadcrumb","itemListElement":[{"@type":"ListItem","position":1,"name":"Home","item":"https:\/\/www.libinst.ch\/"},{"@type":"ListItem","position":2,"name":"Devenir un soutien"}]},{"@type":"WebSite","@id":"\/#website","url":"\/","name":"Institut Lib\u00e9ral","description":"","publisher":{"@id":"\/#organization"},"potentialAction":[{"@type":"SearchAction","target":{"@type":"EntryPoint","urlTemplate":"\/?s={search_term_string}"},"query-input":{"@type":"PropertyValueSpecification","valueRequired":true,"valueName":"search_term_string"}}],"inLanguage":"fr-FR"},{"@type":"Organization","@id":"\/#organization","name":"Institut Lib\u00e9ral","url":"\/","logo":{"@type":"ImageObject","inLanguage":"fr-FR","@id":"\/#\/schema\/logo\/image\/","url":"https:\/\/www.libinst.ch\/wp-content\/uploads\/2023\/08\/logo-institut-liberal.png","contentUrl":"https:\/\/www.libinst.ch\/wp-content\/uploads\/2023\/08\/logo-institut-liberal.png","width":2935,"height":458,"caption":"Institut Lib\u00e9ral"},"image":{"@id":"\/#\/schema\/logo\/image\/"}}]}},"_links":{"self":[{"href":"https:\/\/www.libinst.ch\/fr\/wp-json\/wp\/v2\/pages\/15608","targetHints":{"allow":["GET"]}}],"collection":[{"href":"https:\/\/www.libinst.ch\/fr\/wp-json\/wp\/v2\/pages"}],"about":[{"href":"https:\/\/www.libinst.ch\/fr\/wp-json\/wp\/v2\/types\/page"}],"author":[{"embeddable":true,"href":"https:\/\/www.libinst.ch\/fr\/wp-json\/wp\/v2\/users\/1"}],"replies":[{"embeddable":true,"href":"https:\/\/www.libinst.ch\/fr\/wp-json\/wp\/v2\/comments?post=15608"}],"version-history":[{"count":45,"href":"https:\/\/www.libinst.ch\/fr\/wp-json\/wp\/v2\/pages\/15608\/revisions"}],"predecessor-version":[{"id":33269,"href":"https:\/\/www.libinst.ch\/fr\/wp-json\/wp\/v2\/pages\/15608\/revisions\/33269"}],"wp:attachment":[{"href":"https:\/\/www.libinst.ch\/fr\/wp-json\/wp\/v2\/media?parent=15608"}],"wp:term":[{"taxonomy":"tags","embeddable":true,"href":"https:\/\/www.libinst.ch\/fr\/wp-json\/wp\/v2\/tag?post=15608"}],"curies":[{"name":"wp","href":"https:\/\/api.w.org\/{rel}","templated":true}]}}