{"id":15846,"date":"2023-08-02T11:56:31","date_gmt":"2023-08-02T09:56:31","guid":{"rendered":"https:\/\/libinst.detail-digital.ch\/?page_id=15846"},"modified":"2024-01-05T13:16:19","modified_gmt":"2024-01-05T12:16:19","slug":"mentions-legales","status":"publish","type":"page","link":"https:\/\/www.libinst.ch\/fr\/mentions-legales\/","title":{"rendered":"Mentions l\u00e9gales"},"content":{"rendered":"\t\t<div data-elementor-type=\"wp-page\" data-elementor-id=\"15846\" class=\"elementor elementor-15846 elementor-15843\" data-elementor-post-type=\"page\">\n\t\t\t\t<div class=\"elementor-element elementor-element-a5f40b1 section e-flex e-con-boxed e-con e-parent\" data-id=\"a5f40b1\" data-element_type=\"container\" data-e-type=\"container\">\n\t\t\t\t\t<div class=\"e-con-inner\">\n\t\t\t\t<div class=\"elementor-element elementor-element-0d2e69d elementor-widget elementor-widget-heading\" data-id=\"0d2e69d\" data-element_type=\"widget\" data-e-type=\"widget\" data-widget_type=\"heading.default\">\n\t\t\t\t<div class=\"elementor-widget-container\">\n\t\t\t\t\t<h2 class=\"elementor-heading-title elementor-size-default\">Mentions l\u00e9gales<\/h2>\t\t\t\t<\/div>\n\t\t\t\t<\/div>\n\t\t\t\t<div class=\"elementor-element elementor-element-92f7e78 elementor-widget elementor-widget-text-editor\" data-id=\"92f7e78\" data-element_type=\"widget\" data-e-type=\"widget\" data-widget_type=\"text-editor.default\">\n\t\t\t\t<div class=\"elementor-widget-container\">\n\t\t\t\t\t\t\t\t\t<h4><strong>Fournisseur &amp; responsable<br \/><\/strong><\/h4><p>Institut lib\u00e9ral<br \/>Scheideggstrasse 73<br \/>8038 Z\u00fcrich <br \/><strong>Adresse e-mail du fournisseur : <\/strong>\u00a0<a href=\"mailto:institut@libinst.ch\">institut@libinst.ch<\/a><\/p><p>Personne responsable au sein de l&rsquo;Institut Lib\u00e9ral : Olivier Kessler, Directeur (<a href=\"mailto:olivier.kessler@libinst.ch\">olivier.kessler@libinst.ch<\/a>)<\/p>\t\t\t\t\t\t\t\t<\/div>\n\t\t\t\t<\/div>\n\t\t\t\t<div class=\"elementor-element elementor-element-1247d4b elementor-widget elementor-widget-text-editor\" data-id=\"1247d4b\" data-element_type=\"widget\" data-e-type=\"widget\" data-widget_type=\"text-editor.default\">\n\t\t\t\t<div class=\"elementor-widget-container\">\n\t\t\t\t\t\t\t\t\t<h4><b>Clause de non-responsabilit\u00e9<\/b><\/h4>\n<h5><b>Responsabilit\u00e9 pour les liens :<\/b><\/h5>\n<p>Notre offre contient des liens vers des sites web externes de tiers, sur le contenu desquels nous n&rsquo;avons aucune influence. C&rsquo;est pourquoi nous ne pouvons pas non plus nous porter garants de ces contenus externes. Le fournisseur ou l&rsquo;exploitant des pages li\u00e9es est toujours responsable de ses contenus. Les pages li\u00e9es ont \u00e9t\u00e9 contr\u00f4l\u00e9es au moment de la cr\u00e9ation du lien afin de v\u00e9rifier qu&rsquo;elles ne pr\u00e9sentaient pas d&rsquo;infraction \u00e0 la loi. Aucun contenu ill\u00e9gal n&rsquo;a \u00e9t\u00e9 identifi\u00e9 au moment de la cr\u00e9ation du lien. Un contr\u00f4le permanent du contenu des pages li\u00e9es n&rsquo;est toutefois pas envisageable sans indices concrets d&rsquo;une violation de la loi. D\u00e8s que nous aurons connaissance d&rsquo;une violation de la loi, nous supprimerons imm\u00e9diatement les liens concern\u00e9s.<\/p>\n<p>\u00a0<\/p>\n<h5><b>Responsabilit\u00e9 pour les contenus :<\/b><\/h5>\n<p>Les contenus de nos pages ont \u00e9t\u00e9 \u00e9labor\u00e9s avec le plus grand soin. Nous ne pouvons toutefois pas garantir l\u2019exactitude, l\u2019exhaustivit\u00e9 et l\u2019actualit\u00e9 des contenus. En tant que prestataire de services, nous sommes responsables de nos propres contenus sur ces pages conform\u00e9ment \u00e0 la l\u00e9gislation g\u00e9n\u00e9rale. En tant que prestataire de services, nous ne sommes toutefois pas tenus de surveiller les informations externes transmises ou enregistr\u00e9es, ni de rechercher les circonstances qui indiquent une activit\u00e9 ill\u00e9gale. L\u2019obligation de supprimer ou de bloquer l\u2019utilisation d\u2019informations conform\u00e9ment \u00e0 la loi en vigueur reste inchang\u00e9e. Une responsabilit\u00e9 \u00e0 cet \u00e9gard n\u2019est toutefois possible qu\u2019\u00e0 partir du moment o\u00f9 une violation concr\u00e8te de la loi est connue. D\u00e8s la prise de connaissance d\u2019une telle violation, nous supprimerons imm\u00e9diatement les contenus concern\u00e9s.<\/p>\n<\/p>\n<h5><b>Droit d\u2019auteur :<\/b><\/h5>\n<p>Les contenus et les \u0153uvres cr\u00e9\u00e9s par les exploitants de ces pages sont soumis au droit d&rsquo;auteur suisse. La reproduction, le traitement, la diffusion et toute forme d&rsquo;exploitation en dehors des limites du droit d&rsquo;auteur requi\u00e8rent l&rsquo;accord \u00e9crit de l&rsquo;auteur ou du cr\u00e9ateur concern\u00e9. Les t\u00e9l\u00e9chargements et les copies de ce site ne sont autoris\u00e9s que pour un usage priv\u00e9 et non commercial. Dans la mesure o\u00f9 les contenus de ce site n&rsquo;ont pas \u00e9t\u00e9 cr\u00e9\u00e9s par l&rsquo;exploitant, les droits d&rsquo;auteur de tiers sont respect\u00e9s. Les contenus de tiers sont notamment identifi\u00e9s comme tels. Si vous deviez n\u00e9anmoins constater une violation des droits d&rsquo;auteur, nous vous prions de nous en informer. D\u00e8s la prise de connaissance d&rsquo;une violation de la loi, nous supprimerons imm\u00e9diatement les contenus concern\u00e9s.<\/p>\n\t\t\t\t\t\t\t\t<\/div>\n\t\t\t\t<\/div>\n\t\t\t\t\t<\/div>\n\t\t\t\t<\/div>\n\t\t\t\t<\/div>\n\t\t","protected":false},"excerpt":{"rendered":"<p>Mentions l\u00e9gales Fournisseur &amp; responsable Institut lib\u00e9ralScheideggstrasse 738038 Z\u00fcrich Adresse e-mail du fournisseur : \u00a0institut@libinst.ch Personne responsable au sein de l&rsquo;Institut Lib\u00e9ral : Olivier Kessler, Directeur (olivier.kessler@libinst.ch) Clause de non-responsabilit\u00e9 Responsabilit\u00e9 pour les liens : Notre offre contient des liens vers des sites web externes de tiers, sur le contenu desquels nous n&rsquo;avons aucune influence. [&hellip;]<\/p>\n","protected":false},"author":8,"featured_media":0,"parent":0,"menu_order":0,"comment_status":"closed","ping_status":"closed","template":"","meta":{"_acf_changed":false,"footnotes":""},"tag":[],"class_list":["post-15846","page","type-page","status-publish","hentry"],"acf":[],"yoast_head":"<!-- This site is optimized with the Yoast SEO plugin v27.3 - https:\/\/yoast.com\/product\/yoast-seo-wordpress\/ -->\n<title>Mentions l\u00e9gales - Institut Lib\u00e9ral<\/title>\n<meta name=\"robots\" content=\"index, follow, max-snippet:-1, max-image-preview:large, max-video-preview:-1\" \/>\n<link rel=\"canonical\" href=\"https:\/\/www.libinst.ch\/impressum\/\" \/>\n<meta property=\"og:locale\" content=\"fr_FR\" \/>\n<meta property=\"og:type\" content=\"article\" \/>\n<meta property=\"og:title\" content=\"Mentions l\u00e9gales - Institut Lib\u00e9ral\" \/>\n<meta property=\"og:description\" content=\"Mentions l\u00e9gales Fournisseur &amp; responsable Institut lib\u00e9ralScheideggstrasse 738038 Z\u00fcrich Adresse e-mail du fournisseur : \u00a0institut@libinst.ch Personne responsable au sein de l&rsquo;Institut Lib\u00e9ral : Olivier Kessler, Directeur (olivier.kessler@libinst.ch) Clause de non-responsabilit\u00e9 Responsabilit\u00e9 pour les liens : Notre offre contient des liens vers des sites web externes de tiers, sur le contenu desquels nous n&rsquo;avons aucune influence. [&hellip;]\" \/>\n<meta property=\"og:url\" content=\"https:\/\/www.libinst.ch\/impressum\/\" \/>\n<meta property=\"og:site_name\" content=\"Institut Lib\u00e9ral\" \/>\n<meta property=\"article:modified_time\" content=\"2024-01-05T12:16:19+00:00\" \/>\n<meta name=\"twitter:card\" content=\"summary_large_image\" \/>\n<meta name=\"twitter:label1\" content=\"Dur\u00e9e de lecture estim\u00e9e\" \/>\n\t<meta name=\"twitter:data1\" content=\"3 minutes\" \/>\n<script type=\"application\/ld+json\" class=\"yoast-schema-graph\">{\"@context\":\"https:\\\/\\\/schema.org\",\"@graph\":[{\"@type\":\"WebPage\",\"@id\":\"https:\\\/\\\/www.libinst.ch\\\/impressum\\\/\",\"url\":\"https:\\\/\\\/www.libinst.ch\\\/impressum\\\/\",\"name\":\"Mentions l\u00e9gales - Institut Lib\u00e9ral\",\"isPartOf\":{\"@id\":\"\\\/#website\"},\"datePublished\":\"2023-08-02T09:56:31+00:00\",\"dateModified\":\"2024-01-05T12:16:19+00:00\",\"breadcrumb\":{\"@id\":\"https:\\\/\\\/www.libinst.ch\\\/impressum\\\/#breadcrumb\"},\"inLanguage\":\"fr-FR\",\"potentialAction\":[{\"@type\":\"ReadAction\",\"target\":[\"https:\\\/\\\/www.libinst.ch\\\/impressum\\\/\"]}]},{\"@type\":\"BreadcrumbList\",\"@id\":\"https:\\\/\\\/www.libinst.ch\\\/impressum\\\/#breadcrumb\",\"itemListElement\":[{\"@type\":\"ListItem\",\"position\":1,\"name\":\"Home\",\"item\":\"https:\\\/\\\/www.libinst.ch\\\/\"},{\"@type\":\"ListItem\",\"position\":2,\"name\":\"Mentions l\u00e9gales\"}]},{\"@type\":\"WebSite\",\"@id\":\"\\\/#website\",\"url\":\"\\\/\",\"name\":\"Institut Lib\u00e9ral\",\"description\":\"\",\"publisher\":{\"@id\":\"\\\/#organization\"},\"potentialAction\":[{\"@type\":\"SearchAction\",\"target\":{\"@type\":\"EntryPoint\",\"urlTemplate\":\"\\\/?s={search_term_string}\"},\"query-input\":{\"@type\":\"PropertyValueSpecification\",\"valueRequired\":true,\"valueName\":\"search_term_string\"}}],\"inLanguage\":\"fr-FR\"},{\"@type\":\"Organization\",\"@id\":\"\\\/#organization\",\"name\":\"Institut Lib\u00e9ral\",\"url\":\"\\\/\",\"logo\":{\"@type\":\"ImageObject\",\"inLanguage\":\"fr-FR\",\"@id\":\"\\\/#\\\/schema\\\/logo\\\/image\\\/\",\"url\":\"https:\\\/\\\/www.libinst.ch\\\/wp-content\\\/uploads\\\/2023\\\/08\\\/logo-institut-liberal.png\",\"contentUrl\":\"https:\\\/\\\/www.libinst.ch\\\/wp-content\\\/uploads\\\/2023\\\/08\\\/logo-institut-liberal.png\",\"width\":2935,\"height\":458,\"caption\":\"Institut Lib\u00e9ral\"},\"image\":{\"@id\":\"\\\/#\\\/schema\\\/logo\\\/image\\\/\"}}]}<\/script>\n<!-- \/ Yoast SEO plugin. -->","yoast_head_json":{"title":"Mentions l\u00e9gales - Institut Lib\u00e9ral","robots":{"index":"index","follow":"follow","max-snippet":"max-snippet:-1","max-image-preview":"max-image-preview:large","max-video-preview":"max-video-preview:-1"},"canonical":"https:\/\/www.libinst.ch\/impressum\/","og_locale":"fr_FR","og_type":"article","og_title":"Mentions l\u00e9gales - Institut Lib\u00e9ral","og_description":"Mentions l\u00e9gales Fournisseur &amp; responsable Institut lib\u00e9ralScheideggstrasse 738038 Z\u00fcrich Adresse e-mail du fournisseur : \u00a0institut@libinst.ch Personne responsable au sein de l&rsquo;Institut Lib\u00e9ral : Olivier Kessler, Directeur (olivier.kessler@libinst.ch) Clause de non-responsabilit\u00e9 Responsabilit\u00e9 pour les liens : Notre offre contient des liens vers des sites web externes de tiers, sur le contenu desquels nous n&rsquo;avons aucune influence. [&hellip;]","og_url":"https:\/\/www.libinst.ch\/impressum\/","og_site_name":"Institut Lib\u00e9ral","article_modified_time":"2024-01-05T12:16:19+00:00","twitter_card":"summary_large_image","twitter_misc":{"Dur\u00e9e de lecture estim\u00e9e":"3 minutes"},"schema":{"@context":"https:\/\/schema.org","@graph":[{"@type":"WebPage","@id":"https:\/\/www.libinst.ch\/impressum\/","url":"https:\/\/www.libinst.ch\/impressum\/","name":"Mentions l\u00e9gales - Institut Lib\u00e9ral","isPartOf":{"@id":"\/#website"},"datePublished":"2023-08-02T09:56:31+00:00","dateModified":"2024-01-05T12:16:19+00:00","breadcrumb":{"@id":"https:\/\/www.libinst.ch\/impressum\/#breadcrumb"},"inLanguage":"fr-FR","potentialAction":[{"@type":"ReadAction","target":["https:\/\/www.libinst.ch\/impressum\/"]}]},{"@type":"BreadcrumbList","@id":"https:\/\/www.libinst.ch\/impressum\/#breadcrumb","itemListElement":[{"@type":"ListItem","position":1,"name":"Home","item":"https:\/\/www.libinst.ch\/"},{"@type":"ListItem","position":2,"name":"Mentions l\u00e9gales"}]},{"@type":"WebSite","@id":"\/#website","url":"\/","name":"Institut Lib\u00e9ral","description":"","publisher":{"@id":"\/#organization"},"potentialAction":[{"@type":"SearchAction","target":{"@type":"EntryPoint","urlTemplate":"\/?s={search_term_string}"},"query-input":{"@type":"PropertyValueSpecification","valueRequired":true,"valueName":"search_term_string"}}],"inLanguage":"fr-FR"},{"@type":"Organization","@id":"\/#organization","name":"Institut Lib\u00e9ral","url":"\/","logo":{"@type":"ImageObject","inLanguage":"fr-FR","@id":"\/#\/schema\/logo\/image\/","url":"https:\/\/www.libinst.ch\/wp-content\/uploads\/2023\/08\/logo-institut-liberal.png","contentUrl":"https:\/\/www.libinst.ch\/wp-content\/uploads\/2023\/08\/logo-institut-liberal.png","width":2935,"height":458,"caption":"Institut Lib\u00e9ral"},"image":{"@id":"\/#\/schema\/logo\/image\/"}}]}},"_links":{"self":[{"href":"https:\/\/www.libinst.ch\/fr\/wp-json\/wp\/v2\/pages\/15846","targetHints":{"allow":["GET"]}}],"collection":[{"href":"https:\/\/www.libinst.ch\/fr\/wp-json\/wp\/v2\/pages"}],"about":[{"href":"https:\/\/www.libinst.ch\/fr\/wp-json\/wp\/v2\/types\/page"}],"author":[{"embeddable":true,"href":"https:\/\/www.libinst.ch\/fr\/wp-json\/wp\/v2\/users\/8"}],"replies":[{"embeddable":true,"href":"https:\/\/www.libinst.ch\/fr\/wp-json\/wp\/v2\/comments?post=15846"}],"version-history":[{"count":10,"href":"https:\/\/www.libinst.ch\/fr\/wp-json\/wp\/v2\/pages\/15846\/revisions"}],"predecessor-version":[{"id":22892,"href":"https:\/\/www.libinst.ch\/fr\/wp-json\/wp\/v2\/pages\/15846\/revisions\/22892"}],"wp:attachment":[{"href":"https:\/\/www.libinst.ch\/fr\/wp-json\/wp\/v2\/media?parent=15846"}],"wp:term":[{"taxonomy":"tags","embeddable":true,"href":"https:\/\/www.libinst.ch\/fr\/wp-json\/wp\/v2\/tag?post=15846"}],"curies":[{"name":"wp","href":"https:\/\/api.w.org\/{rel}","templated":true}]}}