{"id":16077,"date":"2023-08-03T10:21:41","date_gmt":"2023-08-03T08:21:41","guid":{"rendered":"https:\/\/libinst.detail-digital.ch\/?page_id=16077"},"modified":"2023-08-30T09:30:21","modified_gmt":"2023-08-30T07:30:21","slug":"conditions-generales-de-vente-cgv","status":"publish","type":"page","link":"https:\/\/www.libinst.ch\/fr\/conditions-generales-de-vente-cgv\/","title":{"rendered":"Conditions g\u00e9n\u00e9rales de vente (CGV)"},"content":{"rendered":"\t\t<div data-elementor-type=\"wp-page\" data-elementor-id=\"16077\" class=\"elementor elementor-16077 elementor-16074\" data-elementor-post-type=\"page\">\n\t\t\t\t<div class=\"elementor-element elementor-element-a5f40b1 section e-flex e-con-boxed e-con e-parent\" data-id=\"a5f40b1\" data-element_type=\"container\" data-e-type=\"container\">\n\t\t\t\t\t<div class=\"e-con-inner\">\n\t\t\t\t<div class=\"elementor-element elementor-element-0d2e69d elementor-widget elementor-widget-heading\" data-id=\"0d2e69d\" data-element_type=\"widget\" data-e-type=\"widget\" data-widget_type=\"heading.default\">\n\t\t\t\t<div class=\"elementor-widget-container\">\n\t\t\t\t\t<h2 class=\"elementor-heading-title elementor-size-default\">Conditions g\u00e9n\u00e9rales de vente (CGV)<\/h2>\t\t\t\t<\/div>\n\t\t\t\t<\/div>\n\t\t\t\t<div class=\"elementor-element elementor-element-92f7e78 elementor-widget elementor-widget-text-editor\" data-id=\"92f7e78\" data-element_type=\"widget\" data-e-type=\"widget\" data-widget_type=\"text-editor.default\">\n\t\t\t\t<div class=\"elementor-widget-container\">\n\t\t\t\t\t\t\t\t\t<p>Bienvenue sur le site de l&rsquo;Institut Lib\u00e9ral.<\/p><p>Les pr\u00e9sentes conditions g\u00e9n\u00e9rales contiennent les r\u00e8gles et dispositions relatives \u00e0 l&rsquo;utilisation du site web de l&rsquo;Institut Lib\u00e9ral \u00e0 l&rsquo;adresse <a href=\"https:\/\/www.libinst.ch\/fr\/\">https:\/\/www.libinst.ch\/fr\/.<\/a><\/p><p>Nous partons du principe qu&rsquo;en acc\u00e9dant au site Internet, vous acceptez les conditions g\u00e9n\u00e9rales dans leur int\u00e9gralit\u00e9. Veuillez ne pas continuer \u00e0 utiliser le site de l&rsquo;Institut Lib\u00e9ral si vous n&rsquo;acceptez pas toutes les conditions mentionn\u00e9es sur cette page.<\/p><p>\u00a0<\/p><h4><strong>Cookies :<\/strong><\/h4><p>Ce site utilise des cookies pour personnaliser votre exp\u00e9rience en ligne. En continuant \u00e0 acc\u00e9der au site de l&rsquo;Institut Lib\u00e9ral, vous acceptez l&rsquo;utilisation de cookies.<\/p><p>Un cookie est un fichier texte qui est enregistr\u00e9 sur votre disque dur par un serveur web. Les cookies ne peuvent pas ex\u00e9cuter de programmes ni transmettre de virus \u00e0 votre ordinateur. Ils contiennent un identifiant unique et ne peuvent \u00eatre lus que par le serveur web du domaine qui a enregistr\u00e9 le cookie chez vous.<\/p><p>Nous utilisons des cookies \u00e0 diff\u00e9rentes fins, notamment pour l&rsquo;analyse et les communications marketing personnalis\u00e9es dans le but d&rsquo;am\u00e9liorer la convivialit\u00e9 de notre site web. Vous avez la possibilit\u00e9 de refuser les cookies facultatifs. Certains cookies sont toutefois absolument n\u00e9cessaires au bon fonctionnement de notre site web. Ces cookies techniquement n\u00e9cessaires doivent toujours \u00eatre activ\u00e9s et ne n\u00e9cessitent donc pas votre consentement. Veuillez noter qu&rsquo;en acceptant les cookies n\u00e9cessaires, vous acceptez \u00e9galement les cookies de tiers si vous utilisez des services fournis par des tiers sur notre site web, comme par exemple une fen\u00eatre publicitaire vid\u00e9o int\u00e9gr\u00e9e.<\/p><p>\u00a0<\/p><h4><strong>License :<\/strong><\/h4><p>Sauf indication contraire, l&rsquo;Institut Lib\u00e9ral et\/ou ses d\u00e9tenteurs de licence d\u00e9tiennent les droits de propri\u00e9t\u00e9 intellectuelle de tous les documents figurant sur le site web de l&rsquo;Institut Lib\u00e9ral. Tous les droits de propri\u00e9t\u00e9 intellectuelle sont r\u00e9serv\u00e9s. Vous pouvez consulter et\/ou imprimer des pages de l&rsquo;Institut Lib\u00e9ral pour votre propre usage personnel et\/ou les partager sur les m\u00e9dias sociaux et\/ou y cr\u00e9er un lien d&rsquo;une autre mani\u00e8re, sous r\u00e9serve des restrictions \u00e9nonc\u00e9es dans les pr\u00e9sentes conditions g\u00e9n\u00e9rales.<\/p><p>Le pr\u00e9sent accord entre en vigueur \u00e0 la date d&rsquo;aujourd&rsquo;hui.<\/p><p>Dans certaines parties de ce site web, les utilisateurs ont la possibilit\u00e9 de laisser des commentaires \u00e0 des fins d&rsquo;\u00e9change d&rsquo;opinions et d&rsquo;informations. Les commentaires d&rsquo;utilisateurs correspondants ne sont pas v\u00e9rifi\u00e9s, filtr\u00e9s, \u00e9dit\u00e9s ou diffus\u00e9s avant leur publication sur le site web de l&rsquo;Institut Lib\u00e9ral. Les commentaires des utilisateurs refl\u00e8tent exclusivement l&rsquo;opinion personnelle de leur auteur et ne correspondent pas aux opinions et aux convictions de l&rsquo;Institut Lib\u00e9ral, de ses repr\u00e9sentants l\u00e9gaux et\/ou de ses partenaires commerciaux. Sauf disposition l\u00e9gale contraire, l&rsquo;Institut Lib\u00e9ral n&rsquo;assume aucune responsabilit\u00e9 pour les commentaires d&rsquo;utilisateurs ou pour les dommages et\/ou frais \u00e9ventuels r\u00e9sultant de l&rsquo;apparition de tels commentaires d&rsquo;utilisateurs sur le site web.<\/p><p>L&rsquo;Institut Lib\u00e9ral se r\u00e9serve le droit de v\u00e9rifier et \u00e9ventuellement de supprimer tous les commentaires qui pourraient \u00eatre consid\u00e9r\u00e9s comme inappropri\u00e9s, choquants ou contraires aux Conditions G\u00e9n\u00e9rales.<\/p><p><strong>Par la pr\u00e9sente, vous nous assurez et acceptez que :<\/strong><\/p><ul><li>Vous disposez de l&rsquo;autorisation, des licences et des consentements n\u00e9cessaires pour publier des commentaires sur notre site web ;<\/li><li>Vos commentaires n&rsquo;enfreignent pas les droits de propri\u00e9t\u00e9 intellectuelle ou autres droits de propri\u00e9t\u00e9 tels que les droits d&rsquo;auteur, les brevets ou les marques de tiers ;<\/li><li>Vos commentaires ne contiennent pas de mat\u00e9riel injurieux, diffamatoire, offensant, inappropri\u00e9 ou autrement ill\u00e9gal qui constitue une violation de la vie priv\u00e9e ;<\/li><li>Vos commentaires n&rsquo;ont pas pour but de promouvoir ou d&rsquo;encourager des activit\u00e9s commerciales, orient\u00e9es vers le client, ou des activit\u00e9s ill\u00e9gales ;<\/li><li>Vous accordez par la pr\u00e9sente \u00e0 l&rsquo;Institut Lib\u00e9ral une licence non exclusive pour utiliser, reproduire, \u00e9diter et autoriser d&rsquo;autres personnes \u00e0 utiliser, reproduire et \u00e9diter vos commentaires sous toutes les formes, tous les formats ou tous les supports.<\/li><\/ul><p>\u00a0<\/p><h4><strong>Cr\u00e9er un lien vers notre contenu :<\/strong><\/h4><h5><strong>Toute personne peut cr\u00e9er un lien vers notre site web sans autorisation \u00e9crite, \u00e0 condition que :<\/strong><\/h5><p>le lien : (a) ne soit pas trompeur de quelque mani\u00e8re que ce soit ; (b) ne sugg\u00e8re pas par erreur un parrainage, un soutien ou une approbation de la partie qui \u00e9tablit le lien ou de ses produits et\/ou services ; et (c) s&rsquo;inscrive dans le contexte du site web vers lequel le lien est \u00e9tabli.<\/p><p><b>Notre site web peut \u00eatre li\u00e9 de la mani\u00e8re suivante :<\/b><\/p><p>En utilisant le nom de notre institut ou<\/p><p>En utilisant l&rsquo;Uniform Resource Locator (URL) vers lequel le lien est \u00e9tabli ou en utilisant d&rsquo;autres descriptions de notre site ou des documents vers lesquels le lien est \u00e9tabli, de mani\u00e8re \u00e0 ce que ces descriptions correspondent au contexte et au contenu du site vers lequel le lien est \u00e9tabli.<\/p><p>Ni le logo de l&rsquo;Institut Lib\u00e9ral ni aucun autre \u00e9l\u00e9ment graphique ne peuvent \u00eatre utilis\u00e9s pour cr\u00e9er un lien sans accord de licence d&rsquo;utilisation de la marque.<\/p><p>\u00a0<\/p><h4><strong>Responsabilit\u00e9 pour les contenus :<\/strong><\/h4><p>Nous n&rsquo;assumons aucune responsabilit\u00e9 pour les contenus qui apparaissent sur votre site web. Vous acceptez par la pr\u00e9sente de nous garantir contre toute r\u00e9clamation faite sur votre site. Aucun site web ne doit contenir de liens dont le contenu peut \u00eatre consid\u00e9r\u00e9 comme diffamatoire, obsc\u00e8ne ou criminel, ou qui enfreint ou viole des droits ou pr\u00e9conise toute autre infraction ou violation des droits de tiers.<\/p><p>\u00a0<\/p><h4><strong>R\u00e9serve de droit :<\/strong><\/h4><p>Nous nous r\u00e9servons le droit, \u00e0 tout moment et \u00e0 notre enti\u00e8re discr\u00e9tion, de vous demander de supprimer tous les liens ou un lien sp\u00e9cifique vers notre site. Vous acceptez de vous conformer imm\u00e9diatement \u00e0 une telle demande et de supprimer sans d\u00e9lai tout lien vers notre site. Nous nous r\u00e9servons \u00e9galement le droit de modifier \u00e0 tout moment les conditions g\u00e9n\u00e9rales et les directives relatives aux liens. Si vous continuez \u00e0 cr\u00e9er un lien vers notre site web, vous acceptez les directives relatives aux liens figurant dans les pr\u00e9sentes conditions g\u00e9n\u00e9rales. En continuant \u00e0 cr\u00e9er un lien vers notre site web, vous acceptez d\u2019\u00eatre li\u00e9 par ces conditions de cr\u00e9ation de liens et de les respecter.<\/p><p>\u00a0<\/p><h4><strong>Suppression de liens de notre site web :<\/strong><\/h4><p>Veuillez nous contacter \u00e0 tout moment si vous consid\u00e9rez qu&rsquo;un lien sur notre site web ou un site web li\u00e9 est inappropri\u00e9 pour une raison quelconque. Nous examinerons les demandes de suppression de liens, mais nous ne sommes pas tenus d&rsquo;y donner suite ou de r\u00e9pondre directement aux demandes.<\/p><p>Nous ne garantissons pas l&rsquo;exhaustivit\u00e9 ou l&rsquo;exactitude des informations contenues sur un site tiers, ni que le site restera disponible ou que le mat\u00e9riel contenu sur le site sera tenu \u00e0 jour.<\/p><p>\u00a0<\/p><h4><strong>Clause de non-responsabilit\u00e9 :<\/strong><\/h4><p>Dans les limites autoris\u00e9es par la l\u00e9gislation en vigueur, nous excluons toutes les repr\u00e9sentations, garanties et conditions relatives \u00e0 notre site Web et \u00e0 son utilisation. Rien dans cette clause de non-responsabilit\u00e9 ne vise \u00e0 :<\/p><ul><li>limiter ou exclure notre ou votre responsabilit\u00e9 en cas de d\u00e9c\u00e8s ou de dommages corporels r\u00e9sultant d&rsquo;une n\u00e9gligence ;<\/li><li>limiter ou exclure notre ou votre responsabilit\u00e9 en cas de fraude ou de fausse d\u00e9claration frauduleuse ;<\/li><li>limiter notre ou votre responsabilit\u00e9 d&rsquo;une mani\u00e8re non autoris\u00e9e par la loi applicable ; ou<\/li><li>exclure toute responsabilit\u00e9 de notre ou de votre part qui ne peut \u00eatre exclue en vertu de la loi applicable.<\/li><\/ul><p>\u00a0<\/p><p>Les limitations et exclusions de responsabilit\u00e9 \u00e9nonc\u00e9es dans cette section et ailleurs dans cette clause de non-responsabilit\u00e9 : (a) sont soumises au paragraphe pr\u00e9c\u00e9dent et (b) s&rsquo;appliquent \u00e0 toutes les responsabilit\u00e9s d\u00e9coulant de la clause de non-responsabilit\u00e9 ou li\u00e9es \u00e0 l&rsquo;objet de cette clause de non-responsabilit\u00e9, y compris les responsabilit\u00e9s contractuelles, d\u00e9lictuelles et li\u00e9es \u00e0 la violation d&rsquo;obligations l\u00e9gales.<\/p><p>Tant que le site web et les informations et services qu&rsquo;il contient sont mis \u00e0 disposition gratuitement, nous n&rsquo;assumons aucune responsabilit\u00e9 pour les pertes ou dommages de quelque nature que ce soit.<\/p>\t\t\t\t\t\t\t\t<\/div>\n\t\t\t\t<\/div>\n\t\t\t\t\t<\/div>\n\t\t\t\t<\/div>\n\t\t\t\t<\/div>\n\t\t","protected":false},"excerpt":{"rendered":"<p>Conditions g\u00e9n\u00e9rales de vente (CGV) Bienvenue sur le site de l&rsquo;Institut Lib\u00e9ral. Les pr\u00e9sentes conditions g\u00e9n\u00e9rales contiennent les r\u00e8gles et dispositions relatives \u00e0 l&rsquo;utilisation du site web de l&rsquo;Institut Lib\u00e9ral \u00e0 l&rsquo;adresse https:\/\/www.libinst.ch\/fr\/. Nous partons du principe qu&rsquo;en acc\u00e9dant au site Internet, vous acceptez les conditions g\u00e9n\u00e9rales dans leur int\u00e9gralit\u00e9. Veuillez ne pas continuer \u00e0 [&hellip;]<\/p>\n","protected":false},"author":8,"featured_media":0,"parent":0,"menu_order":0,"comment_status":"closed","ping_status":"closed","template":"","meta":{"_acf_changed":false,"footnotes":""},"tag":[],"class_list":["post-16077","page","type-page","status-publish","hentry"],"acf":[],"yoast_head":"<!-- This site is optimized with the Yoast SEO plugin v27.3 - https:\/\/yoast.com\/product\/yoast-seo-wordpress\/ -->\n<title>Conditions g\u00e9n\u00e9rales de vente (CGV) - Institut Lib\u00e9ral<\/title>\n<meta name=\"robots\" content=\"index, follow, max-snippet:-1, max-image-preview:large, max-video-preview:-1\" \/>\n<link rel=\"canonical\" href=\"https:\/\/www.libinst.ch\/fr\/conditions-generales-de-vente-cgv\/\" \/>\n<meta property=\"og:locale\" content=\"fr_FR\" \/>\n<meta property=\"og:type\" content=\"article\" \/>\n<meta property=\"og:title\" content=\"Conditions g\u00e9n\u00e9rales de vente (CGV) - Institut Lib\u00e9ral\" \/>\n<meta property=\"og:description\" content=\"Conditions g\u00e9n\u00e9rales de vente (CGV) Bienvenue sur le site de l&rsquo;Institut Lib\u00e9ral. Les pr\u00e9sentes conditions g\u00e9n\u00e9rales contiennent les r\u00e8gles et dispositions relatives \u00e0 l&rsquo;utilisation du site web de l&rsquo;Institut Lib\u00e9ral \u00e0 l&rsquo;adresse https:\/\/www.libinst.ch\/fr\/. Nous partons du principe qu&rsquo;en acc\u00e9dant au site Internet, vous acceptez les conditions g\u00e9n\u00e9rales dans leur int\u00e9gralit\u00e9. Veuillez ne pas continuer \u00e0 [&hellip;]\" \/>\n<meta property=\"og:url\" content=\"https:\/\/www.libinst.ch\/fr\/conditions-generales-de-vente-cgv\/\" \/>\n<meta property=\"og:site_name\" content=\"Institut Lib\u00e9ral\" \/>\n<meta property=\"article:modified_time\" content=\"2023-08-30T07:30:21+00:00\" \/>\n<meta name=\"twitter:card\" content=\"summary_large_image\" \/>\n<meta name=\"twitter:label1\" content=\"Dur\u00e9e de lecture estim\u00e9e\" \/>\n\t<meta name=\"twitter:data1\" content=\"7 minutes\" \/>\n<script type=\"application\/ld+json\" class=\"yoast-schema-graph\">{\"@context\":\"https:\\\/\\\/schema.org\",\"@graph\":[{\"@type\":\"WebPage\",\"@id\":\"https:\\\/\\\/www.libinst.ch\\\/fr\\\/conditions-generales-de-vente-cgv\\\/\",\"url\":\"https:\\\/\\\/www.libinst.ch\\\/fr\\\/conditions-generales-de-vente-cgv\\\/\",\"name\":\"Conditions g\u00e9n\u00e9rales de vente (CGV) - Institut Lib\u00e9ral\",\"isPartOf\":{\"@id\":\"\\\/#website\"},\"datePublished\":\"2023-08-03T08:21:41+00:00\",\"dateModified\":\"2023-08-30T07:30:21+00:00\",\"breadcrumb\":{\"@id\":\"https:\\\/\\\/www.libinst.ch\\\/fr\\\/conditions-generales-de-vente-cgv\\\/#breadcrumb\"},\"inLanguage\":\"fr-FR\",\"potentialAction\":[{\"@type\":\"ReadAction\",\"target\":[\"https:\\\/\\\/www.libinst.ch\\\/fr\\\/conditions-generales-de-vente-cgv\\\/\"]}]},{\"@type\":\"BreadcrumbList\",\"@id\":\"https:\\\/\\\/www.libinst.ch\\\/fr\\\/conditions-generales-de-vente-cgv\\\/#breadcrumb\",\"itemListElement\":[{\"@type\":\"ListItem\",\"position\":1,\"name\":\"Home\",\"item\":\"https:\\\/\\\/www.libinst.ch\\\/\"},{\"@type\":\"ListItem\",\"position\":2,\"name\":\"Conditions g\u00e9n\u00e9rales de vente (CGV)\"}]},{\"@type\":\"WebSite\",\"@id\":\"\\\/#website\",\"url\":\"\\\/\",\"name\":\"Institut Lib\u00e9ral\",\"description\":\"\",\"publisher\":{\"@id\":\"\\\/#organization\"},\"potentialAction\":[{\"@type\":\"SearchAction\",\"target\":{\"@type\":\"EntryPoint\",\"urlTemplate\":\"\\\/?s={search_term_string}\"},\"query-input\":{\"@type\":\"PropertyValueSpecification\",\"valueRequired\":true,\"valueName\":\"search_term_string\"}}],\"inLanguage\":\"fr-FR\"},{\"@type\":\"Organization\",\"@id\":\"\\\/#organization\",\"name\":\"Institut Lib\u00e9ral\",\"url\":\"\\\/\",\"logo\":{\"@type\":\"ImageObject\",\"inLanguage\":\"fr-FR\",\"@id\":\"\\\/#\\\/schema\\\/logo\\\/image\\\/\",\"url\":\"https:\\\/\\\/www.libinst.ch\\\/wp-content\\\/uploads\\\/2023\\\/08\\\/logo-institut-liberal.png\",\"contentUrl\":\"https:\\\/\\\/www.libinst.ch\\\/wp-content\\\/uploads\\\/2023\\\/08\\\/logo-institut-liberal.png\",\"width\":2935,\"height\":458,\"caption\":\"Institut Lib\u00e9ral\"},\"image\":{\"@id\":\"\\\/#\\\/schema\\\/logo\\\/image\\\/\"}}]}<\/script>\n<!-- \/ Yoast SEO plugin. -->","yoast_head_json":{"title":"Conditions g\u00e9n\u00e9rales de vente (CGV) - Institut Lib\u00e9ral","robots":{"index":"index","follow":"follow","max-snippet":"max-snippet:-1","max-image-preview":"max-image-preview:large","max-video-preview":"max-video-preview:-1"},"canonical":"https:\/\/www.libinst.ch\/fr\/conditions-generales-de-vente-cgv\/","og_locale":"fr_FR","og_type":"article","og_title":"Conditions g\u00e9n\u00e9rales de vente (CGV) - Institut Lib\u00e9ral","og_description":"Conditions g\u00e9n\u00e9rales de vente (CGV) Bienvenue sur le site de l&rsquo;Institut Lib\u00e9ral. Les pr\u00e9sentes conditions g\u00e9n\u00e9rales contiennent les r\u00e8gles et dispositions relatives \u00e0 l&rsquo;utilisation du site web de l&rsquo;Institut Lib\u00e9ral \u00e0 l&rsquo;adresse https:\/\/www.libinst.ch\/fr\/. Nous partons du principe qu&rsquo;en acc\u00e9dant au site Internet, vous acceptez les conditions g\u00e9n\u00e9rales dans leur int\u00e9gralit\u00e9. Veuillez ne pas continuer \u00e0 [&hellip;]","og_url":"https:\/\/www.libinst.ch\/fr\/conditions-generales-de-vente-cgv\/","og_site_name":"Institut Lib\u00e9ral","article_modified_time":"2023-08-30T07:30:21+00:00","twitter_card":"summary_large_image","twitter_misc":{"Dur\u00e9e de lecture estim\u00e9e":"7 minutes"},"schema":{"@context":"https:\/\/schema.org","@graph":[{"@type":"WebPage","@id":"https:\/\/www.libinst.ch\/fr\/conditions-generales-de-vente-cgv\/","url":"https:\/\/www.libinst.ch\/fr\/conditions-generales-de-vente-cgv\/","name":"Conditions g\u00e9n\u00e9rales de vente (CGV) - Institut Lib\u00e9ral","isPartOf":{"@id":"\/#website"},"datePublished":"2023-08-03T08:21:41+00:00","dateModified":"2023-08-30T07:30:21+00:00","breadcrumb":{"@id":"https:\/\/www.libinst.ch\/fr\/conditions-generales-de-vente-cgv\/#breadcrumb"},"inLanguage":"fr-FR","potentialAction":[{"@type":"ReadAction","target":["https:\/\/www.libinst.ch\/fr\/conditions-generales-de-vente-cgv\/"]}]},{"@type":"BreadcrumbList","@id":"https:\/\/www.libinst.ch\/fr\/conditions-generales-de-vente-cgv\/#breadcrumb","itemListElement":[{"@type":"ListItem","position":1,"name":"Home","item":"https:\/\/www.libinst.ch\/"},{"@type":"ListItem","position":2,"name":"Conditions g\u00e9n\u00e9rales de vente (CGV)"}]},{"@type":"WebSite","@id":"\/#website","url":"\/","name":"Institut Lib\u00e9ral","description":"","publisher":{"@id":"\/#organization"},"potentialAction":[{"@type":"SearchAction","target":{"@type":"EntryPoint","urlTemplate":"\/?s={search_term_string}"},"query-input":{"@type":"PropertyValueSpecification","valueRequired":true,"valueName":"search_term_string"}}],"inLanguage":"fr-FR"},{"@type":"Organization","@id":"\/#organization","name":"Institut Lib\u00e9ral","url":"\/","logo":{"@type":"ImageObject","inLanguage":"fr-FR","@id":"\/#\/schema\/logo\/image\/","url":"https:\/\/www.libinst.ch\/wp-content\/uploads\/2023\/08\/logo-institut-liberal.png","contentUrl":"https:\/\/www.libinst.ch\/wp-content\/uploads\/2023\/08\/logo-institut-liberal.png","width":2935,"height":458,"caption":"Institut Lib\u00e9ral"},"image":{"@id":"\/#\/schema\/logo\/image\/"}}]}},"_links":{"self":[{"href":"https:\/\/www.libinst.ch\/fr\/wp-json\/wp\/v2\/pages\/16077","targetHints":{"allow":["GET"]}}],"collection":[{"href":"https:\/\/www.libinst.ch\/fr\/wp-json\/wp\/v2\/pages"}],"about":[{"href":"https:\/\/www.libinst.ch\/fr\/wp-json\/wp\/v2\/types\/page"}],"author":[{"embeddable":true,"href":"https:\/\/www.libinst.ch\/fr\/wp-json\/wp\/v2\/users\/8"}],"replies":[{"embeddable":true,"href":"https:\/\/www.libinst.ch\/fr\/wp-json\/wp\/v2\/comments?post=16077"}],"version-history":[{"count":7,"href":"https:\/\/www.libinst.ch\/fr\/wp-json\/wp\/v2\/pages\/16077\/revisions"}],"predecessor-version":[{"id":19403,"href":"https:\/\/www.libinst.ch\/fr\/wp-json\/wp\/v2\/pages\/16077\/revisions\/19403"}],"wp:attachment":[{"href":"https:\/\/www.libinst.ch\/fr\/wp-json\/wp\/v2\/media?parent=16077"}],"wp:term":[{"taxonomy":"tags","embeddable":true,"href":"https:\/\/www.libinst.ch\/fr\/wp-json\/wp\/v2\/tag?post=16077"}],"curies":[{"name":"wp","href":"https:\/\/api.w.org\/{rel}","templated":true}]}}