{"id":16484,"date":"2023-06-21T13:14:21","date_gmt":"2023-06-21T11:14:21","guid":{"rendered":"https:\/\/libinst.detail-digital.ch\/index-des-droits-de-propriete\/"},"modified":"2024-04-01T11:50:19","modified_gmt":"2024-04-01T09:50:19","slug":"index-des-droits-de-propriete","status":"publish","type":"page","link":"https:\/\/www.libinst.ch\/fr\/index-des-droits-de-propriete\/","title":{"rendered":"Indice des droits de propri\u00e9t\u00e9"},"content":{"rendered":"\t\t<div data-elementor-type=\"wp-page\" data-elementor-id=\"16484\" class=\"elementor elementor-16484 elementor-13717\" data-elementor-post-type=\"page\">\n\t\t\t\t<div class=\"elementor-element elementor-element-26c795bb section e-flex e-con-boxed e-con e-parent\" data-id=\"26c795bb\" data-element_type=\"container\" data-e-type=\"container\">\n\t\t\t\t\t<div class=\"e-con-inner\">\n\t\t<div class=\"elementor-element elementor-element-19823e39 e-flex e-con-boxed e-con e-parent\" data-id=\"19823e39\" data-element_type=\"container\" data-e-type=\"container\">\n\t\t\t\t\t<div class=\"e-con-inner\">\n\t\t\t\t<div class=\"elementor-element elementor-element-48ef7413 elementor-widget elementor-widget-heading\" data-id=\"48ef7413\" data-element_type=\"widget\" data-e-type=\"widget\" data-widget_type=\"heading.default\">\n\t\t\t\t<div class=\"elementor-widget-container\">\n\t\t\t\t\t<h2 class=\"elementor-heading-title elementor-size-default\">Index des droits de propri\u00e9t\u00e9<\/h2>\t\t\t\t<\/div>\n\t\t\t\t<\/div>\n\t\t<div class=\"elementor-element elementor-element-1f1a1350 e-flex e-con-boxed e-con e-parent\" data-id=\"1f1a1350\" data-element_type=\"container\" data-e-type=\"container\">\n\t\t\t\t\t<div class=\"e-con-inner\">\n\t\t\t\t\t<\/div>\n\t\t\t\t<\/div>\n\t\t\t\t\t<\/div>\n\t\t\t\t<\/div>\n\t\t\t\t<div class=\"elementor-element elementor-element-dc2e74e elementor-widget elementor-widget-text-editor\" data-id=\"dc2e74e\" data-element_type=\"widget\" data-e-type=\"widget\" data-widget_type=\"text-editor.default\">\n\t\t\t\t<div class=\"elementor-widget-container\">\n\t\t\t\t\t\t\t\t\t<p>Les droits de propri\u00e9t\u00e9 sont le fondement non seulement de la libert\u00e9 individuelle, mais aussi de la prosp\u00e9rit\u00e9 \u00e9conomique. L&rsquo;importance de droits de propri\u00e9t\u00e9 bien d\u00e9finis et garantis est n\u00e9anmoins souvent sous-estim\u00e9e dans le d\u00e9bat public. L&rsquo;indice international des droits de propri\u00e9t\u00e9 rem\u00e9die \u00e0 ce probl\u00e8me. Depuis 2007, il examine la situation et l&rsquo;\u00e9volution des droits de propri\u00e9t\u00e9 dans le monde et focalise l&rsquo;attention sur ce param\u00e8tre essentiel du d\u00e9veloppement et du progr\u00e8s. L&rsquo;Institut Lib\u00e9ral est l&rsquo;organisation partenaire en Suisse de l&rsquo;indice international des droits de propri\u00e9t\u00e9, qu&rsquo;il co-\u00e9dite chaque ann\u00e9e en collaboration avec la Property Rights Alliance. <\/p>\n\t\t\t\t\t\t\t\t<\/div>\n\t\t\t\t<\/div>\n\t\t\t\t<div class=\"elementor-element elementor-element-59f47fbc elementor-align-left elementor-widget elementor-widget-button\" data-id=\"59f47fbc\" data-element_type=\"widget\" data-e-type=\"widget\" data-widget_type=\"button.default\">\n\t\t\t\t<div class=\"elementor-widget-container\">\n\t\t\t\t\t\t\t\t\t<div class=\"elementor-button-wrapper\">\n\t\t\t\t\t<a class=\"elementor-button elementor-button-link elementor-size-sm\" href=\"http:\/\/internationalpropertyrightsindex.org\/\" target=\"_blank\" rel=\"nofollow\">\n\t\t\t\t\t\t<span class=\"elementor-button-content-wrapper\">\n\t\t\t\t\t\t\t\t\t<span class=\"elementor-button-text\">Vers le site de l'Indice international des droits de propri\u00e9t\u00e9<\/span>\n\t\t\t\t\t<\/span>\n\t\t\t\t\t<\/a>\n\t\t\t\t<\/div>\n\t\t\t\t\t\t\t\t<\/div>\n\t\t\t\t<\/div>\n\t\t\t\t\t<\/div>\n\t\t\t\t<\/div>\n\t\t\t\t<\/div>\n\t\t","protected":false},"excerpt":{"rendered":"<p>Index des droits de propri\u00e9t\u00e9 Les droits de propri\u00e9t\u00e9 sont le fondement non seulement de la libert\u00e9 individuelle, mais aussi de la prosp\u00e9rit\u00e9 \u00e9conomique. L&rsquo;importance de droits de propri\u00e9t\u00e9 bien d\u00e9finis et garantis est n\u00e9anmoins souvent sous-estim\u00e9e dans le d\u00e9bat public. L&rsquo;indice international des droits de propri\u00e9t\u00e9 rem\u00e9die \u00e0 ce probl\u00e8me. Depuis 2007, il examine [&hellip;]<\/p>\n","protected":false},"author":8,"featured_media":0,"parent":0,"menu_order":0,"comment_status":"closed","ping_status":"closed","template":"","meta":{"_acf_changed":false,"footnotes":""},"tag":[],"class_list":["post-16484","page","type-page","status-publish","hentry"],"acf":[],"yoast_head":"<!-- This site is optimized with the Yoast SEO plugin v27.3 - https:\/\/yoast.com\/product\/yoast-seo-wordpress\/ -->\n<title>Indice des droits de propri\u00e9t\u00e9 - Institut Lib\u00e9ral<\/title>\n<meta name=\"robots\" content=\"index, follow, max-snippet:-1, max-image-preview:large, max-video-preview:-1\" \/>\n<link rel=\"canonical\" href=\"https:\/\/www.libinst.ch\/fr\/index-des-droits-de-propriete\/\" \/>\n<meta property=\"og:locale\" content=\"fr_FR\" \/>\n<meta property=\"og:type\" content=\"article\" \/>\n<meta property=\"og:title\" content=\"Indice des droits de propri\u00e9t\u00e9 - Institut Lib\u00e9ral\" \/>\n<meta property=\"og:description\" content=\"Index des droits de propri\u00e9t\u00e9 Les droits de propri\u00e9t\u00e9 sont le fondement non seulement de la libert\u00e9 individuelle, mais aussi de la prosp\u00e9rit\u00e9 \u00e9conomique. L&rsquo;importance de droits de propri\u00e9t\u00e9 bien d\u00e9finis et garantis est n\u00e9anmoins souvent sous-estim\u00e9e dans le d\u00e9bat public. L&rsquo;indice international des droits de propri\u00e9t\u00e9 rem\u00e9die \u00e0 ce probl\u00e8me. Depuis 2007, il examine [&hellip;]\" \/>\n<meta property=\"og:url\" content=\"https:\/\/www.libinst.ch\/fr\/index-des-droits-de-propriete\/\" \/>\n<meta property=\"og:site_name\" content=\"Institut Lib\u00e9ral\" \/>\n<meta property=\"article:modified_time\" content=\"2024-04-01T09:50:19+00:00\" \/>\n<meta name=\"twitter:card\" content=\"summary_large_image\" \/>\n<meta name=\"twitter:label1\" content=\"Dur\u00e9e de lecture estim\u00e9e\" \/>\n\t<meta name=\"twitter:data1\" content=\"1 minute\" \/>\n<script type=\"application\/ld+json\" class=\"yoast-schema-graph\">{\"@context\":\"https:\\\/\\\/schema.org\",\"@graph\":[{\"@type\":\"WebPage\",\"@id\":\"https:\\\/\\\/www.libinst.ch\\\/fr\\\/index-des-droits-de-propriete\\\/\",\"url\":\"https:\\\/\\\/www.libinst.ch\\\/fr\\\/index-des-droits-de-propriete\\\/\",\"name\":\"Indice des droits de propri\u00e9t\u00e9 - Institut Lib\u00e9ral\",\"isPartOf\":{\"@id\":\"\\\/#website\"},\"datePublished\":\"2023-06-21T11:14:21+00:00\",\"dateModified\":\"2024-04-01T09:50:19+00:00\",\"breadcrumb\":{\"@id\":\"https:\\\/\\\/www.libinst.ch\\\/fr\\\/index-des-droits-de-propriete\\\/#breadcrumb\"},\"inLanguage\":\"fr-FR\",\"potentialAction\":[{\"@type\":\"ReadAction\",\"target\":[\"https:\\\/\\\/www.libinst.ch\\\/fr\\\/index-des-droits-de-propriete\\\/\"]}]},{\"@type\":\"BreadcrumbList\",\"@id\":\"https:\\\/\\\/www.libinst.ch\\\/fr\\\/index-des-droits-de-propriete\\\/#breadcrumb\",\"itemListElement\":[{\"@type\":\"ListItem\",\"position\":1,\"name\":\"Home\",\"item\":\"https:\\\/\\\/www.libinst.ch\\\/\"},{\"@type\":\"ListItem\",\"position\":2,\"name\":\"Indice des droits de propri\u00e9t\u00e9\"}]},{\"@type\":\"WebSite\",\"@id\":\"\\\/#website\",\"url\":\"\\\/\",\"name\":\"Institut Lib\u00e9ral\",\"description\":\"\",\"publisher\":{\"@id\":\"\\\/#organization\"},\"potentialAction\":[{\"@type\":\"SearchAction\",\"target\":{\"@type\":\"EntryPoint\",\"urlTemplate\":\"\\\/?s={search_term_string}\"},\"query-input\":{\"@type\":\"PropertyValueSpecification\",\"valueRequired\":true,\"valueName\":\"search_term_string\"}}],\"inLanguage\":\"fr-FR\"},{\"@type\":\"Organization\",\"@id\":\"\\\/#organization\",\"name\":\"Institut Lib\u00e9ral\",\"url\":\"\\\/\",\"logo\":{\"@type\":\"ImageObject\",\"inLanguage\":\"fr-FR\",\"@id\":\"\\\/#\\\/schema\\\/logo\\\/image\\\/\",\"url\":\"https:\\\/\\\/www.libinst.ch\\\/wp-content\\\/uploads\\\/2023\\\/08\\\/logo-institut-liberal.png\",\"contentUrl\":\"https:\\\/\\\/www.libinst.ch\\\/wp-content\\\/uploads\\\/2023\\\/08\\\/logo-institut-liberal.png\",\"width\":2935,\"height\":458,\"caption\":\"Institut Lib\u00e9ral\"},\"image\":{\"@id\":\"\\\/#\\\/schema\\\/logo\\\/image\\\/\"}}]}<\/script>\n<!-- \/ Yoast SEO plugin. -->","yoast_head_json":{"title":"Indice des droits de propri\u00e9t\u00e9 - Institut Lib\u00e9ral","robots":{"index":"index","follow":"follow","max-snippet":"max-snippet:-1","max-image-preview":"max-image-preview:large","max-video-preview":"max-video-preview:-1"},"canonical":"https:\/\/www.libinst.ch\/fr\/index-des-droits-de-propriete\/","og_locale":"fr_FR","og_type":"article","og_title":"Indice des droits de propri\u00e9t\u00e9 - Institut Lib\u00e9ral","og_description":"Index des droits de propri\u00e9t\u00e9 Les droits de propri\u00e9t\u00e9 sont le fondement non seulement de la libert\u00e9 individuelle, mais aussi de la prosp\u00e9rit\u00e9 \u00e9conomique. L&rsquo;importance de droits de propri\u00e9t\u00e9 bien d\u00e9finis et garantis est n\u00e9anmoins souvent sous-estim\u00e9e dans le d\u00e9bat public. L&rsquo;indice international des droits de propri\u00e9t\u00e9 rem\u00e9die \u00e0 ce probl\u00e8me. Depuis 2007, il examine [&hellip;]","og_url":"https:\/\/www.libinst.ch\/fr\/index-des-droits-de-propriete\/","og_site_name":"Institut Lib\u00e9ral","article_modified_time":"2024-04-01T09:50:19+00:00","twitter_card":"summary_large_image","twitter_misc":{"Dur\u00e9e de lecture estim\u00e9e":"1 minute"},"schema":{"@context":"https:\/\/schema.org","@graph":[{"@type":"WebPage","@id":"https:\/\/www.libinst.ch\/fr\/index-des-droits-de-propriete\/","url":"https:\/\/www.libinst.ch\/fr\/index-des-droits-de-propriete\/","name":"Indice des droits de propri\u00e9t\u00e9 - Institut Lib\u00e9ral","isPartOf":{"@id":"\/#website"},"datePublished":"2023-06-21T11:14:21+00:00","dateModified":"2024-04-01T09:50:19+00:00","breadcrumb":{"@id":"https:\/\/www.libinst.ch\/fr\/index-des-droits-de-propriete\/#breadcrumb"},"inLanguage":"fr-FR","potentialAction":[{"@type":"ReadAction","target":["https:\/\/www.libinst.ch\/fr\/index-des-droits-de-propriete\/"]}]},{"@type":"BreadcrumbList","@id":"https:\/\/www.libinst.ch\/fr\/index-des-droits-de-propriete\/#breadcrumb","itemListElement":[{"@type":"ListItem","position":1,"name":"Home","item":"https:\/\/www.libinst.ch\/"},{"@type":"ListItem","position":2,"name":"Indice des droits de propri\u00e9t\u00e9"}]},{"@type":"WebSite","@id":"\/#website","url":"\/","name":"Institut Lib\u00e9ral","description":"","publisher":{"@id":"\/#organization"},"potentialAction":[{"@type":"SearchAction","target":{"@type":"EntryPoint","urlTemplate":"\/?s={search_term_string}"},"query-input":{"@type":"PropertyValueSpecification","valueRequired":true,"valueName":"search_term_string"}}],"inLanguage":"fr-FR"},{"@type":"Organization","@id":"\/#organization","name":"Institut Lib\u00e9ral","url":"\/","logo":{"@type":"ImageObject","inLanguage":"fr-FR","@id":"\/#\/schema\/logo\/image\/","url":"https:\/\/www.libinst.ch\/wp-content\/uploads\/2023\/08\/logo-institut-liberal.png","contentUrl":"https:\/\/www.libinst.ch\/wp-content\/uploads\/2023\/08\/logo-institut-liberal.png","width":2935,"height":458,"caption":"Institut Lib\u00e9ral"},"image":{"@id":"\/#\/schema\/logo\/image\/"}}]}},"_links":{"self":[{"href":"https:\/\/www.libinst.ch\/fr\/wp-json\/wp\/v2\/pages\/16484","targetHints":{"allow":["GET"]}}],"collection":[{"href":"https:\/\/www.libinst.ch\/fr\/wp-json\/wp\/v2\/pages"}],"about":[{"href":"https:\/\/www.libinst.ch\/fr\/wp-json\/wp\/v2\/types\/page"}],"author":[{"embeddable":true,"href":"https:\/\/www.libinst.ch\/fr\/wp-json\/wp\/v2\/users\/8"}],"replies":[{"embeddable":true,"href":"https:\/\/www.libinst.ch\/fr\/wp-json\/wp\/v2\/comments?post=16484"}],"version-history":[{"count":9,"href":"https:\/\/www.libinst.ch\/fr\/wp-json\/wp\/v2\/pages\/16484\/revisions"}],"predecessor-version":[{"id":23952,"href":"https:\/\/www.libinst.ch\/fr\/wp-json\/wp\/v2\/pages\/16484\/revisions\/23952"}],"wp:attachment":[{"href":"https:\/\/www.libinst.ch\/fr\/wp-json\/wp\/v2\/media?parent=16484"}],"wp:term":[{"taxonomy":"tags","embeddable":true,"href":"https:\/\/www.libinst.ch\/fr\/wp-json\/wp\/v2\/tag?post=16484"}],"curies":[{"name":"wp","href":"https:\/\/api.w.org\/{rel}","templated":true}]}}