{"id":15441,"date":"2013-07-28T17:47:46","date_gmt":"2013-07-28T15:47:46","guid":{"rendered":"https:\/\/libinst.detail-digital.ch\/produkt\/au-chevet-du-systeme-de-sante\/"},"modified":"2025-08-14T13:45:58","modified_gmt":"2025-08-14T11:45:58","slug":"au-chevet-du-systeme-de-sante","status":"publish","type":"product","link":"https:\/\/www.libinst.ch\/fr\/product\/au-chevet-du-systeme-de-sante\/","title":{"rendered":"Au chevet du syst\u00e8me de sant\u00e9"},"content":{"rendered":"<div id=\"collapsible\" class=\"elementor-element elementor-element-0699c79 elementor-widget elementor-widget-woocommerce-product-content\" data-id=\"0699c79\" data-element_type=\"widget\" data-widget_type=\"woocommerce-product-content.default\">\n<div class=\"elementor-widget-container\">\n<p><em>Le stock de la version papier est \u00e9puis\u00e9. Le livre reste disponible en version \u00e9lectronique (e-book).<\/em><\/p>\n<\/div>\n<\/div>\n<p>Les syst\u00e8mes de sant\u00e9 occidentaux se trouvent en crise financi\u00e8re permanente: l&rsquo;explosion des co\u00fbts m\u00e8ne \u00e0 toujours plus de r\u00e9glementations et finalement \u00e0 un rationnement des prestations. Pourquoi le syst\u00e8me de sant\u00e9 \u00e9choue-t-il dans ses arbitrages\u00a0?<\/p>\n<p>Les experts de ce recueil montrent que le syst\u00e8me de sant\u00e9 est avant tout victime des interventions de l&rsquo;\u00c9tat. Le financement public, les subventions crois\u00e9es et la planification politique de l&rsquo;offre distordent les prix, affaiblissent la responsabilit\u00e9 individuelle et faussent les incitations tant des patients que des prestataires. Cela se traduit par la demande de prestations inutiles, des surcapacit\u00e9s et des inefficiences \u00e0 large \u00e9chelle de l&rsquo;offre et des conflits de r\u00e9partition.<\/p>\n<p>Quelles en sont les issues? La solution \u00e9prouv\u00e9e consiste \u00e0 passer de la d\u00e9pendance collective \u00e0 la pr\u00e9voyance personnelle, afin de restaurer le libre choix et le contr\u00f4le du patient \u2014 et d&rsquo;orienter les prestataires selon les besoins effectifs de chacun. Les r\u00e9sultats: des co\u00fbts en baisse, davantage d&rsquo;efficacit\u00e9 et un financement durable.<\/p>\n<p>Avec des contributions d&rsquo;Alphonse Crespo, Gerd Habermann, Frederik Roeder, Pierre Bessard, Arnold Kling, Georges Lane, Werner Widmer, Stephan Mumenthaler, Ole Wiesinger et Beat Gygi.<\/p>\n","protected":false},"excerpt":{"rendered":"<p>Le stock de la version papier est \u00e9puis\u00e9. Le livre reste disponible en version \u00e9lectronique (e-book). Les syst\u00e8mes de sant\u00e9 occidentaux se trouvent en crise financi\u00e8re permanente: l&rsquo;explosion des co\u00fbts m\u00e8ne \u00e0 toujours plus de r\u00e9glementations et finalement \u00e0 un rationnement des prestations. Pourquoi le syst\u00e8me de sant\u00e9 \u00e9choue-t-il dans ses arbitrages\u00a0? Les experts de [&hellip;]<\/p>\n","protected":false},"featured_media":15794,"template":"","meta":{"_acf_changed":false},"tag":[1357,1356,169],"product_brand":[],"product_cat":[1557],"product_tag":[],"class_list":{"0":"post-15441","1":"product","2":"type-product","3":"status-publish","4":"has-post-thumbnail","6":"tags-prix","7":"tags-rationnement","8":"tags-systeme-de-sante","9":"product_cat-livres","11":"first","12":"instock","13":"shipping-taxable","14":"purchasable","15":"product-type-variable"},"acf":[],"yoast_head":"<!-- This site is optimized with the Yoast SEO plugin v27.3 - https:\/\/yoast.com\/product\/yoast-seo-wordpress\/ -->\n<title>Au chevet du syst\u00e8me de sant\u00e9 - Institut Lib\u00e9ral<\/title>\n<meta name=\"robots\" content=\"index, follow, max-snippet:-1, max-image-preview:large, max-video-preview:-1\" \/>\n<link rel=\"canonical\" href=\"https:\/\/www.libinst.ch\/fr\/product\/au-chevet-du-systeme-de-sante\/\" \/>\n<meta property=\"og:locale\" content=\"fr_FR\" \/>\n<meta property=\"og:type\" content=\"article\" \/>\n<meta property=\"og:title\" content=\"Au chevet du syst\u00e8me de sant\u00e9 - Institut Lib\u00e9ral\" \/>\n<meta property=\"og:description\" content=\"Le stock de la version papier est \u00e9puis\u00e9. Le livre reste disponible en version \u00e9lectronique (e-book). Les syst\u00e8mes de sant\u00e9 occidentaux se trouvent en crise financi\u00e8re permanente: l&rsquo;explosion des co\u00fbts m\u00e8ne \u00e0 toujours plus de r\u00e9glementations et finalement \u00e0 un rationnement des prestations. Pourquoi le syst\u00e8me de sant\u00e9 \u00e9choue-t-il dans ses arbitrages\u00a0? Les experts de [&hellip;]\" \/>\n<meta property=\"og:url\" content=\"https:\/\/www.libinst.ch\/fr\/product\/au-chevet-du-systeme-de-sante\/\" \/>\n<meta property=\"og:site_name\" content=\"Institut Lib\u00e9ral\" \/>\n<meta property=\"article:modified_time\" content=\"2025-08-14T11:45:58+00:00\" \/>\n<meta property=\"og:image\" content=\"https:\/\/www.libinst.ch\/wp-content\/uploads\/2023\/07\/Au-chevet.jpg\" \/>\n\t<meta property=\"og:image:width\" content=\"2000\" \/>\n\t<meta property=\"og:image:height\" content=\"2000\" \/>\n\t<meta property=\"og:image:type\" content=\"image\/jpeg\" \/>\n<meta name=\"twitter:card\" content=\"summary_large_image\" \/>\n<meta name=\"twitter:label1\" content=\"Dur\u00e9e de lecture estim\u00e9e\" \/>\n\t<meta name=\"twitter:data1\" content=\"2 minutes\" \/>\n<script type=\"application\/ld+json\" class=\"yoast-schema-graph\">{\"@context\":\"https:\\\/\\\/schema.org\",\"@graph\":[{\"@type\":\"WebPage\",\"@id\":\"https:\\\/\\\/www.libinst.ch\\\/fr\\\/product\\\/au-chevet-du-systeme-de-sante\\\/\",\"url\":\"https:\\\/\\\/www.libinst.ch\\\/fr\\\/product\\\/au-chevet-du-systeme-de-sante\\\/\",\"name\":\"Au chevet du syst\u00e8me de sant\u00e9 - Institut Lib\u00e9ral\",\"isPartOf\":{\"@id\":\"\\\/#website\"},\"primaryImageOfPage\":{\"@id\":\"https:\\\/\\\/www.libinst.ch\\\/fr\\\/product\\\/au-chevet-du-systeme-de-sante\\\/#primaryimage\"},\"image\":{\"@id\":\"https:\\\/\\\/www.libinst.ch\\\/fr\\\/product\\\/au-chevet-du-systeme-de-sante\\\/#primaryimage\"},\"thumbnailUrl\":\"https:\\\/\\\/www.libinst.ch\\\/wp-content\\\/uploads\\\/2023\\\/07\\\/Au-chevet.jpg\",\"datePublished\":\"2013-07-28T15:47:46+00:00\",\"dateModified\":\"2025-08-14T11:45:58+00:00\",\"breadcrumb\":{\"@id\":\"https:\\\/\\\/www.libinst.ch\\\/fr\\\/product\\\/au-chevet-du-systeme-de-sante\\\/#breadcrumb\"},\"inLanguage\":\"fr-FR\",\"potentialAction\":[{\"@type\":\"ReadAction\",\"target\":[\"https:\\\/\\\/www.libinst.ch\\\/fr\\\/product\\\/au-chevet-du-systeme-de-sante\\\/\"]}]},{\"@type\":\"ImageObject\",\"inLanguage\":\"fr-FR\",\"@id\":\"https:\\\/\\\/www.libinst.ch\\\/fr\\\/product\\\/au-chevet-du-systeme-de-sante\\\/#primaryimage\",\"url\":\"https:\\\/\\\/www.libinst.ch\\\/wp-content\\\/uploads\\\/2023\\\/07\\\/Au-chevet.jpg\",\"contentUrl\":\"https:\\\/\\\/www.libinst.ch\\\/wp-content\\\/uploads\\\/2023\\\/07\\\/Au-chevet.jpg\",\"width\":2000,\"height\":2000},{\"@type\":\"BreadcrumbList\",\"@id\":\"https:\\\/\\\/www.libinst.ch\\\/fr\\\/product\\\/au-chevet-du-systeme-de-sante\\\/#breadcrumb\",\"itemListElement\":[{\"@type\":\"ListItem\",\"position\":1,\"name\":\"Home\",\"item\":\"https:\\\/\\\/www.libinst.ch\\\/\"},{\"@type\":\"ListItem\",\"position\":2,\"name\":\"Au chevet du syst\u00e8me de sant\u00e9\"}]},{\"@type\":\"WebSite\",\"@id\":\"\\\/#website\",\"url\":\"\\\/\",\"name\":\"Institut Lib\u00e9ral\",\"description\":\"\",\"publisher\":{\"@id\":\"\\\/#organization\"},\"potentialAction\":[{\"@type\":\"SearchAction\",\"target\":{\"@type\":\"EntryPoint\",\"urlTemplate\":\"\\\/?s={search_term_string}\"},\"query-input\":{\"@type\":\"PropertyValueSpecification\",\"valueRequired\":true,\"valueName\":\"search_term_string\"}}],\"inLanguage\":\"fr-FR\"},{\"@type\":\"Organization\",\"@id\":\"\\\/#organization\",\"name\":\"Institut Lib\u00e9ral\",\"url\":\"\\\/\",\"logo\":{\"@type\":\"ImageObject\",\"inLanguage\":\"fr-FR\",\"@id\":\"\\\/#\\\/schema\\\/logo\\\/image\\\/\",\"url\":\"https:\\\/\\\/www.libinst.ch\\\/wp-content\\\/uploads\\\/2023\\\/08\\\/logo-institut-liberal.png\",\"contentUrl\":\"https:\\\/\\\/www.libinst.ch\\\/wp-content\\\/uploads\\\/2023\\\/08\\\/logo-institut-liberal.png\",\"width\":2935,\"height\":458,\"caption\":\"Institut Lib\u00e9ral\"},\"image\":{\"@id\":\"\\\/#\\\/schema\\\/logo\\\/image\\\/\"}}]}<\/script>\n<!-- \/ Yoast SEO plugin. -->","yoast_head_json":{"title":"Au chevet du syst\u00e8me de sant\u00e9 - Institut Lib\u00e9ral","robots":{"index":"index","follow":"follow","max-snippet":"max-snippet:-1","max-image-preview":"max-image-preview:large","max-video-preview":"max-video-preview:-1"},"canonical":"https:\/\/www.libinst.ch\/fr\/product\/au-chevet-du-systeme-de-sante\/","og_locale":"fr_FR","og_type":"article","og_title":"Au chevet du syst\u00e8me de sant\u00e9 - Institut Lib\u00e9ral","og_description":"Le stock de la version papier est \u00e9puis\u00e9. Le livre reste disponible en version \u00e9lectronique (e-book). Les syst\u00e8mes de sant\u00e9 occidentaux se trouvent en crise financi\u00e8re permanente: l&rsquo;explosion des co\u00fbts m\u00e8ne \u00e0 toujours plus de r\u00e9glementations et finalement \u00e0 un rationnement des prestations. Pourquoi le syst\u00e8me de sant\u00e9 \u00e9choue-t-il dans ses arbitrages\u00a0? Les experts de [&hellip;]","og_url":"https:\/\/www.libinst.ch\/fr\/product\/au-chevet-du-systeme-de-sante\/","og_site_name":"Institut Lib\u00e9ral","article_modified_time":"2025-08-14T11:45:58+00:00","og_image":[{"width":2000,"height":2000,"url":"https:\/\/www.libinst.ch\/wp-content\/uploads\/2023\/07\/Au-chevet.jpg","type":"image\/jpeg"}],"twitter_card":"summary_large_image","twitter_misc":{"Dur\u00e9e de lecture estim\u00e9e":"2 minutes"},"schema":{"@context":"https:\/\/schema.org","@graph":[{"@type":"WebPage","@id":"https:\/\/www.libinst.ch\/fr\/product\/au-chevet-du-systeme-de-sante\/","url":"https:\/\/www.libinst.ch\/fr\/product\/au-chevet-du-systeme-de-sante\/","name":"Au chevet du syst\u00e8me de sant\u00e9 - Institut Lib\u00e9ral","isPartOf":{"@id":"\/#website"},"primaryImageOfPage":{"@id":"https:\/\/www.libinst.ch\/fr\/product\/au-chevet-du-systeme-de-sante\/#primaryimage"},"image":{"@id":"https:\/\/www.libinst.ch\/fr\/product\/au-chevet-du-systeme-de-sante\/#primaryimage"},"thumbnailUrl":"https:\/\/www.libinst.ch\/wp-content\/uploads\/2023\/07\/Au-chevet.jpg","datePublished":"2013-07-28T15:47:46+00:00","dateModified":"2025-08-14T11:45:58+00:00","breadcrumb":{"@id":"https:\/\/www.libinst.ch\/fr\/product\/au-chevet-du-systeme-de-sante\/#breadcrumb"},"inLanguage":"fr-FR","potentialAction":[{"@type":"ReadAction","target":["https:\/\/www.libinst.ch\/fr\/product\/au-chevet-du-systeme-de-sante\/"]}]},{"@type":"ImageObject","inLanguage":"fr-FR","@id":"https:\/\/www.libinst.ch\/fr\/product\/au-chevet-du-systeme-de-sante\/#primaryimage","url":"https:\/\/www.libinst.ch\/wp-content\/uploads\/2023\/07\/Au-chevet.jpg","contentUrl":"https:\/\/www.libinst.ch\/wp-content\/uploads\/2023\/07\/Au-chevet.jpg","width":2000,"height":2000},{"@type":"BreadcrumbList","@id":"https:\/\/www.libinst.ch\/fr\/product\/au-chevet-du-systeme-de-sante\/#breadcrumb","itemListElement":[{"@type":"ListItem","position":1,"name":"Home","item":"https:\/\/www.libinst.ch\/"},{"@type":"ListItem","position":2,"name":"Au chevet du syst\u00e8me de sant\u00e9"}]},{"@type":"WebSite","@id":"\/#website","url":"\/","name":"Institut Lib\u00e9ral","description":"","publisher":{"@id":"\/#organization"},"potentialAction":[{"@type":"SearchAction","target":{"@type":"EntryPoint","urlTemplate":"\/?s={search_term_string}"},"query-input":{"@type":"PropertyValueSpecification","valueRequired":true,"valueName":"search_term_string"}}],"inLanguage":"fr-FR"},{"@type":"Organization","@id":"\/#organization","name":"Institut Lib\u00e9ral","url":"\/","logo":{"@type":"ImageObject","inLanguage":"fr-FR","@id":"\/#\/schema\/logo\/image\/","url":"https:\/\/www.libinst.ch\/wp-content\/uploads\/2023\/08\/logo-institut-liberal.png","contentUrl":"https:\/\/www.libinst.ch\/wp-content\/uploads\/2023\/08\/logo-institut-liberal.png","width":2935,"height":458,"caption":"Institut Lib\u00e9ral"},"image":{"@id":"\/#\/schema\/logo\/image\/"}}]}},"_links":{"self":[{"href":"https:\/\/www.libinst.ch\/fr\/wp-json\/wp\/v2\/product\/15441","targetHints":{"allow":["GET"]}}],"collection":[{"href":"https:\/\/www.libinst.ch\/fr\/wp-json\/wp\/v2\/product"}],"about":[{"href":"https:\/\/www.libinst.ch\/fr\/wp-json\/wp\/v2\/types\/product"}],"wp:featuredmedia":[{"embeddable":true,"href":"https:\/\/www.libinst.ch\/fr\/wp-json\/wp\/v2\/media\/15794"}],"wp:attachment":[{"href":"https:\/\/www.libinst.ch\/fr\/wp-json\/wp\/v2\/media?parent=15441"}],"wp:term":[{"taxonomy":"tags","embeddable":true,"href":"https:\/\/www.libinst.ch\/fr\/wp-json\/wp\/v2\/tag?post=15441"},{"taxonomy":"product_brand","embeddable":true,"href":"https:\/\/www.libinst.ch\/fr\/wp-json\/wp\/v2\/product_brand?post=15441"},{"taxonomy":"product_cat","embeddable":true,"href":"https:\/\/www.libinst.ch\/fr\/wp-json\/wp\/v2\/product_cat?post=15441"},{"taxonomy":"product_tag","embeddable":true,"href":"https:\/\/www.libinst.ch\/fr\/wp-json\/wp\/v2\/product_tag?post=15441"}],"curies":[{"name":"wp","href":"https:\/\/api.w.org\/{rel}","templated":true}]}}