{"id":15459,"date":"2014-07-28T17:47:55","date_gmt":"2014-07-28T15:47:55","guid":{"rendered":"https:\/\/libinst.detail-digital.ch\/produkt\/l-impot-sur-les-successions\/"},"modified":"2024-05-21T14:00:49","modified_gmt":"2024-05-21T12:00:49","slug":"l-impot-sur-les-successions","status":"publish","type":"product","link":"https:\/\/www.libinst.ch\/fr\/product\/l-impot-sur-les-successions\/","title":{"rendered":"L&rsquo;imp\u00f4t sur les successions: une fausse bonne id\u00e9e"},"content":{"rendered":"<p>L&rsquo;\u00c9tat-providence est sous pression. Ses d\u00e9penses croissantes et l&rsquo;absence de r\u00e9formes aux conditions d\u00e9mographiques changeantes le m\u00e8nent dans une impasse financi\u00e8re. La politique cherche par cons\u00e9quent d\u00e9sesp\u00e9r\u00e9ment de nouvelles recettes fiscales\u00a0: dans toute l&rsquo;Europe, de nouvelles hausses de la charge fiscale sont \u00e0 l&rsquo;ordre du jour, malgr\u00e9 l&rsquo;ampleur d\u00e9j\u00e0 p\u00e9nalisante des pr\u00e9l\u00e8vements. En Suisse, la question de l&rsquo;imposition des successions au niveau f\u00e9d\u00e9ral redevient d&rsquo;actualit\u00e9.<\/p>\n<p>L&rsquo;imp\u00f4t sur les successions b\u00e9n\u00e9ficie de sympathies dans tous les camps politiques. Le d\u00e9c\u00e8s semble un moment opportun pour faire les fonds de tiroir. Les h\u00e9ritiers font figure de veinards qui n&rsquo;ont pas vraiment m\u00e9rit\u00e9 leur chance. Et l&rsquo;accumulation d&rsquo;une fortune sur plusieurs g\u00e9n\u00e9rations est souvent consid\u00e9r\u00e9e comme suspecte. \u00c0 juste titre?<\/p>\n<p>Les experts chevronn\u00e9s de ce recueil expliquent pourquoi l&rsquo;imp\u00f4t sur les successions est une forme particuli\u00e8rement injuste et inefficace d&rsquo;imposition, pourquoi l&rsquo;institution de l&rsquo;h\u00e9ritage est un fondement humaniste de notre soci\u00e9t\u00e9 et de notre \u00e9conomie et pourquoi l&rsquo;imposition des successions est d\u00e9nu\u00e9e de toute justification \u00e9thique, \u00e9conomique et juridique.<\/p>\n<p>Avec les contributions de Victoria Curzon Price, Peter Ruch, Andrea Opel, Christoph Schaltegger, Reiner Eichenberger et Pierre Bessard.<\/p>\n","protected":false},"excerpt":{"rendered":"<p>L&rsquo;\u00c9tat-providence est sous pression. Ses d\u00e9penses croissantes et l&rsquo;absence de r\u00e9formes aux conditions d\u00e9mographiques changeantes le m\u00e8nent dans une impasse financi\u00e8re. La politique cherche par cons\u00e9quent d\u00e9sesp\u00e9r\u00e9ment de nouvelles recettes fiscales\u00a0: dans toute l&rsquo;Europe, de nouvelles hausses de la charge fiscale sont \u00e0 l&rsquo;ordre du jour, malgr\u00e9 l&rsquo;ampleur d\u00e9j\u00e0 p\u00e9nalisante des pr\u00e9l\u00e8vements. En Suisse, la [&hellip;]<\/p>\n","protected":false},"featured_media":16224,"template":"","meta":{"_acf_changed":false},"tag":[180,1361,1332],"product_brand":[],"product_cat":[1557],"product_tag":[],"class_list":{"0":"post-15459","1":"product","2":"type-product","3":"status-publish","4":"has-post-thumbnail","6":"tags-fiscalite","7":"tags-heritage","8":"tags-imposition","9":"product_cat-livres","11":"first","12":"instock","13":"shipping-taxable","14":"purchasable","15":"product-type-variable"},"acf":[],"yoast_head":"<!-- This site is optimized with the Yoast SEO plugin v27.3 - https:\/\/yoast.com\/product\/yoast-seo-wordpress\/ -->\n<title>L&#039;imp\u00f4t sur les successions: une fausse bonne id\u00e9e - Institut Lib\u00e9ral<\/title>\n<meta name=\"robots\" content=\"index, follow, max-snippet:-1, max-image-preview:large, max-video-preview:-1\" \/>\n<link rel=\"canonical\" href=\"https:\/\/www.libinst.ch\/fr\/product\/l-impot-sur-les-successions\/\" \/>\n<meta property=\"og:locale\" content=\"fr_FR\" \/>\n<meta property=\"og:type\" content=\"article\" \/>\n<meta property=\"og:title\" content=\"L&#039;imp\u00f4t sur les successions: une fausse bonne id\u00e9e - Institut Lib\u00e9ral\" \/>\n<meta property=\"og:description\" content=\"L&rsquo;\u00c9tat-providence est sous pression. Ses d\u00e9penses croissantes et l&rsquo;absence de r\u00e9formes aux conditions d\u00e9mographiques changeantes le m\u00e8nent dans une impasse financi\u00e8re. La politique cherche par cons\u00e9quent d\u00e9sesp\u00e9r\u00e9ment de nouvelles recettes fiscales\u00a0: dans toute l&rsquo;Europe, de nouvelles hausses de la charge fiscale sont \u00e0 l&rsquo;ordre du jour, malgr\u00e9 l&rsquo;ampleur d\u00e9j\u00e0 p\u00e9nalisante des pr\u00e9l\u00e8vements. En Suisse, la [&hellip;]\" \/>\n<meta property=\"og:url\" content=\"https:\/\/www.libinst.ch\/fr\/product\/l-impot-sur-les-successions\/\" \/>\n<meta property=\"og:site_name\" content=\"Institut Lib\u00e9ral\" \/>\n<meta property=\"article:modified_time\" content=\"2024-05-21T12:00:49+00:00\" \/>\n<meta property=\"og:image\" content=\"https:\/\/www.libinst.ch\/wp-content\/uploads\/2023\/07\/2014-Limpot-sur-les-successions-3D-MIT-HINTERGRUND.jpg\" \/>\n\t<meta property=\"og:image:width\" content=\"2000\" \/>\n\t<meta property=\"og:image:height\" content=\"2000\" \/>\n\t<meta property=\"og:image:type\" content=\"image\/jpeg\" \/>\n<meta name=\"twitter:card\" content=\"summary_large_image\" \/>\n<meta name=\"twitter:label1\" content=\"Dur\u00e9e de lecture estim\u00e9e\" \/>\n\t<meta name=\"twitter:data1\" content=\"2 minutes\" \/>\n<script type=\"application\/ld+json\" class=\"yoast-schema-graph\">{\"@context\":\"https:\\\/\\\/schema.org\",\"@graph\":[{\"@type\":\"WebPage\",\"@id\":\"https:\\\/\\\/www.libinst.ch\\\/fr\\\/product\\\/l-impot-sur-les-successions\\\/\",\"url\":\"https:\\\/\\\/www.libinst.ch\\\/fr\\\/product\\\/l-impot-sur-les-successions\\\/\",\"name\":\"L'imp\u00f4t sur les successions: une fausse bonne id\u00e9e - Institut Lib\u00e9ral\",\"isPartOf\":{\"@id\":\"\\\/#website\"},\"primaryImageOfPage\":{\"@id\":\"https:\\\/\\\/www.libinst.ch\\\/fr\\\/product\\\/l-impot-sur-les-successions\\\/#primaryimage\"},\"image\":{\"@id\":\"https:\\\/\\\/www.libinst.ch\\\/fr\\\/product\\\/l-impot-sur-les-successions\\\/#primaryimage\"},\"thumbnailUrl\":\"https:\\\/\\\/www.libinst.ch\\\/wp-content\\\/uploads\\\/2023\\\/07\\\/2014-Limpot-sur-les-successions-3D-MIT-HINTERGRUND.jpg\",\"datePublished\":\"2014-07-28T15:47:55+00:00\",\"dateModified\":\"2024-05-21T12:00:49+00:00\",\"breadcrumb\":{\"@id\":\"https:\\\/\\\/www.libinst.ch\\\/fr\\\/product\\\/l-impot-sur-les-successions\\\/#breadcrumb\"},\"inLanguage\":\"fr-FR\",\"potentialAction\":[{\"@type\":\"ReadAction\",\"target\":[\"https:\\\/\\\/www.libinst.ch\\\/fr\\\/product\\\/l-impot-sur-les-successions\\\/\"]}]},{\"@type\":\"ImageObject\",\"inLanguage\":\"fr-FR\",\"@id\":\"https:\\\/\\\/www.libinst.ch\\\/fr\\\/product\\\/l-impot-sur-les-successions\\\/#primaryimage\",\"url\":\"https:\\\/\\\/www.libinst.ch\\\/wp-content\\\/uploads\\\/2023\\\/07\\\/2014-Limpot-sur-les-successions-3D-MIT-HINTERGRUND.jpg\",\"contentUrl\":\"https:\\\/\\\/www.libinst.ch\\\/wp-content\\\/uploads\\\/2023\\\/07\\\/2014-Limpot-sur-les-successions-3D-MIT-HINTERGRUND.jpg\",\"width\":2000,\"height\":2000},{\"@type\":\"BreadcrumbList\",\"@id\":\"https:\\\/\\\/www.libinst.ch\\\/fr\\\/product\\\/l-impot-sur-les-successions\\\/#breadcrumb\",\"itemListElement\":[{\"@type\":\"ListItem\",\"position\":1,\"name\":\"Home\",\"item\":\"https:\\\/\\\/www.libinst.ch\\\/\"},{\"@type\":\"ListItem\",\"position\":2,\"name\":\"L&rsquo;imp\u00f4t sur les successions: une fausse bonne id\u00e9e\"}]},{\"@type\":\"WebSite\",\"@id\":\"\\\/#website\",\"url\":\"\\\/\",\"name\":\"Institut Lib\u00e9ral\",\"description\":\"\",\"publisher\":{\"@id\":\"\\\/#organization\"},\"potentialAction\":[{\"@type\":\"SearchAction\",\"target\":{\"@type\":\"EntryPoint\",\"urlTemplate\":\"\\\/?s={search_term_string}\"},\"query-input\":{\"@type\":\"PropertyValueSpecification\",\"valueRequired\":true,\"valueName\":\"search_term_string\"}}],\"inLanguage\":\"fr-FR\"},{\"@type\":\"Organization\",\"@id\":\"\\\/#organization\",\"name\":\"Institut Lib\u00e9ral\",\"url\":\"\\\/\",\"logo\":{\"@type\":\"ImageObject\",\"inLanguage\":\"fr-FR\",\"@id\":\"\\\/#\\\/schema\\\/logo\\\/image\\\/\",\"url\":\"https:\\\/\\\/www.libinst.ch\\\/wp-content\\\/uploads\\\/2023\\\/08\\\/logo-institut-liberal.png\",\"contentUrl\":\"https:\\\/\\\/www.libinst.ch\\\/wp-content\\\/uploads\\\/2023\\\/08\\\/logo-institut-liberal.png\",\"width\":2935,\"height\":458,\"caption\":\"Institut Lib\u00e9ral\"},\"image\":{\"@id\":\"\\\/#\\\/schema\\\/logo\\\/image\\\/\"}}]}<\/script>\n<!-- \/ Yoast SEO plugin. -->","yoast_head_json":{"title":"L'imp\u00f4t sur les successions: une fausse bonne id\u00e9e - Institut Lib\u00e9ral","robots":{"index":"index","follow":"follow","max-snippet":"max-snippet:-1","max-image-preview":"max-image-preview:large","max-video-preview":"max-video-preview:-1"},"canonical":"https:\/\/www.libinst.ch\/fr\/product\/l-impot-sur-les-successions\/","og_locale":"fr_FR","og_type":"article","og_title":"L'imp\u00f4t sur les successions: une fausse bonne id\u00e9e - Institut Lib\u00e9ral","og_description":"L&rsquo;\u00c9tat-providence est sous pression. Ses d\u00e9penses croissantes et l&rsquo;absence de r\u00e9formes aux conditions d\u00e9mographiques changeantes le m\u00e8nent dans une impasse financi\u00e8re. La politique cherche par cons\u00e9quent d\u00e9sesp\u00e9r\u00e9ment de nouvelles recettes fiscales\u00a0: dans toute l&rsquo;Europe, de nouvelles hausses de la charge fiscale sont \u00e0 l&rsquo;ordre du jour, malgr\u00e9 l&rsquo;ampleur d\u00e9j\u00e0 p\u00e9nalisante des pr\u00e9l\u00e8vements. En Suisse, la [&hellip;]","og_url":"https:\/\/www.libinst.ch\/fr\/product\/l-impot-sur-les-successions\/","og_site_name":"Institut Lib\u00e9ral","article_modified_time":"2024-05-21T12:00:49+00:00","og_image":[{"width":2000,"height":2000,"url":"https:\/\/www.libinst.ch\/wp-content\/uploads\/2023\/07\/2014-Limpot-sur-les-successions-3D-MIT-HINTERGRUND.jpg","type":"image\/jpeg"}],"twitter_card":"summary_large_image","twitter_misc":{"Dur\u00e9e de lecture estim\u00e9e":"2 minutes"},"schema":{"@context":"https:\/\/schema.org","@graph":[{"@type":"WebPage","@id":"https:\/\/www.libinst.ch\/fr\/product\/l-impot-sur-les-successions\/","url":"https:\/\/www.libinst.ch\/fr\/product\/l-impot-sur-les-successions\/","name":"L'imp\u00f4t sur les successions: une fausse bonne id\u00e9e - Institut Lib\u00e9ral","isPartOf":{"@id":"\/#website"},"primaryImageOfPage":{"@id":"https:\/\/www.libinst.ch\/fr\/product\/l-impot-sur-les-successions\/#primaryimage"},"image":{"@id":"https:\/\/www.libinst.ch\/fr\/product\/l-impot-sur-les-successions\/#primaryimage"},"thumbnailUrl":"https:\/\/www.libinst.ch\/wp-content\/uploads\/2023\/07\/2014-Limpot-sur-les-successions-3D-MIT-HINTERGRUND.jpg","datePublished":"2014-07-28T15:47:55+00:00","dateModified":"2024-05-21T12:00:49+00:00","breadcrumb":{"@id":"https:\/\/www.libinst.ch\/fr\/product\/l-impot-sur-les-successions\/#breadcrumb"},"inLanguage":"fr-FR","potentialAction":[{"@type":"ReadAction","target":["https:\/\/www.libinst.ch\/fr\/product\/l-impot-sur-les-successions\/"]}]},{"@type":"ImageObject","inLanguage":"fr-FR","@id":"https:\/\/www.libinst.ch\/fr\/product\/l-impot-sur-les-successions\/#primaryimage","url":"https:\/\/www.libinst.ch\/wp-content\/uploads\/2023\/07\/2014-Limpot-sur-les-successions-3D-MIT-HINTERGRUND.jpg","contentUrl":"https:\/\/www.libinst.ch\/wp-content\/uploads\/2023\/07\/2014-Limpot-sur-les-successions-3D-MIT-HINTERGRUND.jpg","width":2000,"height":2000},{"@type":"BreadcrumbList","@id":"https:\/\/www.libinst.ch\/fr\/product\/l-impot-sur-les-successions\/#breadcrumb","itemListElement":[{"@type":"ListItem","position":1,"name":"Home","item":"https:\/\/www.libinst.ch\/"},{"@type":"ListItem","position":2,"name":"L&rsquo;imp\u00f4t sur les successions: une fausse bonne id\u00e9e"}]},{"@type":"WebSite","@id":"\/#website","url":"\/","name":"Institut Lib\u00e9ral","description":"","publisher":{"@id":"\/#organization"},"potentialAction":[{"@type":"SearchAction","target":{"@type":"EntryPoint","urlTemplate":"\/?s={search_term_string}"},"query-input":{"@type":"PropertyValueSpecification","valueRequired":true,"valueName":"search_term_string"}}],"inLanguage":"fr-FR"},{"@type":"Organization","@id":"\/#organization","name":"Institut Lib\u00e9ral","url":"\/","logo":{"@type":"ImageObject","inLanguage":"fr-FR","@id":"\/#\/schema\/logo\/image\/","url":"https:\/\/www.libinst.ch\/wp-content\/uploads\/2023\/08\/logo-institut-liberal.png","contentUrl":"https:\/\/www.libinst.ch\/wp-content\/uploads\/2023\/08\/logo-institut-liberal.png","width":2935,"height":458,"caption":"Institut Lib\u00e9ral"},"image":{"@id":"\/#\/schema\/logo\/image\/"}}]}},"_links":{"self":[{"href":"https:\/\/www.libinst.ch\/fr\/wp-json\/wp\/v2\/product\/15459","targetHints":{"allow":["GET"]}}],"collection":[{"href":"https:\/\/www.libinst.ch\/fr\/wp-json\/wp\/v2\/product"}],"about":[{"href":"https:\/\/www.libinst.ch\/fr\/wp-json\/wp\/v2\/types\/product"}],"wp:featuredmedia":[{"embeddable":true,"href":"https:\/\/www.libinst.ch\/fr\/wp-json\/wp\/v2\/media\/16224"}],"wp:attachment":[{"href":"https:\/\/www.libinst.ch\/fr\/wp-json\/wp\/v2\/media?parent=15459"}],"wp:term":[{"taxonomy":"tags","embeddable":true,"href":"https:\/\/www.libinst.ch\/fr\/wp-json\/wp\/v2\/tag?post=15459"},{"taxonomy":"product_brand","embeddable":true,"href":"https:\/\/www.libinst.ch\/fr\/wp-json\/wp\/v2\/product_brand?post=15459"},{"taxonomy":"product_cat","embeddable":true,"href":"https:\/\/www.libinst.ch\/fr\/wp-json\/wp\/v2\/product_cat?post=15459"},{"taxonomy":"product_tag","embeddable":true,"href":"https:\/\/www.libinst.ch\/fr\/wp-json\/wp\/v2\/product_tag?post=15459"}],"curies":[{"name":"wp","href":"https:\/\/api.w.org\/{rel}","templated":true}]}}