{"id":15460,"date":"2014-07-28T17:47:55","date_gmt":"2014-07-28T15:47:55","guid":{"rendered":"https:\/\/libinst.detail-digital.ch\/produkt\/charles-monnard-lethique-de-la-responsabilite\/"},"modified":"2025-08-14T13:00:12","modified_gmt":"2025-08-14T11:00:12","slug":"charles-monnard-lethique-de-la-responsabilite","status":"publish","type":"product","link":"https:\/\/www.libinst.ch\/fr\/product\/charles-monnard-lethique-de-la-responsabilite\/","title":{"rendered":"Charles Monnard: l&rsquo;\u00e9thique de la responsabilit\u00e9"},"content":{"rendered":"<div id=\"collapsible\" class=\"elementor-element elementor-element-0699c79 elementor-widget elementor-widget-woocommerce-product-content\" data-id=\"0699c79\" data-element_type=\"widget\" data-widget_type=\"woocommerce-product-content.default\">\n<div class=\"elementor-widget-container\">\n<p><em>Le stock de la version papier est \u00e9puis\u00e9.<\/em><\/p>\n<\/div>\n<\/div>\n<p>\u00abLa libert\u00e9 est la condition d&rsquo;une vie compl\u00e8te, la condition de la civilisation, du d\u00e9veloppement de la pens\u00e9e, de l&rsquo;activit\u00e9, de l&rsquo;industrie, des lettres, des sciences, la condition des progr\u00e8s de l&rsquo;humanit\u00e9.\u00bb<\/p>\n<p>Certes, la libert\u00e9 est la valeur la plus pr\u00e9cieuse de l&rsquo;humanit\u00e9. Mais elle ne peut pas \u00eatre maintenue sans \u00eatre circonscrite par l&rsquo;\u00e9thique de la responsabilit\u00e9. Cela comporte des implications importantes sur le fonctionnement d&rsquo;une soci\u00e9t\u00e9 libre, mais aussi dans l&rsquo;appr\u00e9ciation de l&rsquo;\u00c9tat-providence, qui s&rsquo;est substitu\u00e9 au devoir personnel&#8230;<\/p>\n","protected":false},"excerpt":{"rendered":"<p>Le stock de la version papier est \u00e9puis\u00e9. \u00abLa libert\u00e9 est la condition d&rsquo;une vie compl\u00e8te, la condition de la civilisation, du d\u00e9veloppement de la pens\u00e9e, de l&rsquo;activit\u00e9, de l&rsquo;industrie, des lettres, des sciences, la condition des progr\u00e8s de l&rsquo;humanit\u00e9.\u00bb Certes, la libert\u00e9 est la valeur la plus pr\u00e9cieuse de l&rsquo;humanit\u00e9. Mais elle ne peut [&hellip;]<\/p>\n","protected":false},"featured_media":15790,"template":"","meta":{"_acf_changed":false},"tag":[183,1331,592],"product_brand":[],"product_cat":[1557],"product_tag":[],"class_list":{"0":"post-15460","1":"product","2":"type-product","3":"status-publish","4":"has-post-thumbnail","6":"tags-autonomie-privee","7":"tags-charles-monnard","8":"tags-liberte","9":"product_cat-livres","11":"first","12":"outofstock","13":"shipping-taxable","14":"product-type-variable"},"acf":[],"yoast_head":"<!-- This site is optimized with the Yoast SEO plugin v27.3 - https:\/\/yoast.com\/product\/yoast-seo-wordpress\/ -->\n<title>Charles Monnard: l&#039;\u00e9thique de la responsabilit\u00e9 - Institut Lib\u00e9ral<\/title>\n<meta name=\"robots\" content=\"index, follow, max-snippet:-1, max-image-preview:large, max-video-preview:-1\" \/>\n<link rel=\"canonical\" href=\"https:\/\/www.libinst.ch\/fr\/product\/charles-monnard-lethique-de-la-responsabilite\/\" \/>\n<meta property=\"og:locale\" content=\"fr_FR\" \/>\n<meta property=\"og:type\" content=\"article\" \/>\n<meta property=\"og:title\" content=\"Charles Monnard: l&#039;\u00e9thique de la responsabilit\u00e9 - Institut Lib\u00e9ral\" \/>\n<meta property=\"og:description\" content=\"Le stock de la version papier est \u00e9puis\u00e9. \u00abLa libert\u00e9 est la condition d&rsquo;une vie compl\u00e8te, la condition de la civilisation, du d\u00e9veloppement de la pens\u00e9e, de l&rsquo;activit\u00e9, de l&rsquo;industrie, des lettres, des sciences, la condition des progr\u00e8s de l&rsquo;humanit\u00e9.\u00bb Certes, la libert\u00e9 est la valeur la plus pr\u00e9cieuse de l&rsquo;humanit\u00e9. Mais elle ne peut [&hellip;]\" \/>\n<meta property=\"og:url\" content=\"https:\/\/www.libinst.ch\/fr\/product\/charles-monnard-lethique-de-la-responsabilite\/\" \/>\n<meta property=\"og:site_name\" content=\"Institut Lib\u00e9ral\" \/>\n<meta property=\"article:modified_time\" content=\"2025-08-14T11:00:12+00:00\" \/>\n<meta property=\"og:image\" content=\"https:\/\/www.libinst.ch\/wp-content\/uploads\/2023\/07\/Charles.jpg\" \/>\n\t<meta property=\"og:image:width\" content=\"2000\" \/>\n\t<meta property=\"og:image:height\" content=\"2000\" \/>\n\t<meta property=\"og:image:type\" content=\"image\/jpeg\" \/>\n<meta name=\"twitter:card\" content=\"summary_large_image\" \/>\n<meta name=\"twitter:label1\" content=\"Dur\u00e9e de lecture estim\u00e9e\" \/>\n\t<meta name=\"twitter:data1\" content=\"1 minute\" \/>\n<script type=\"application\/ld+json\" class=\"yoast-schema-graph\">{\"@context\":\"https:\\\/\\\/schema.org\",\"@graph\":[{\"@type\":\"WebPage\",\"@id\":\"https:\\\/\\\/www.libinst.ch\\\/fr\\\/product\\\/charles-monnard-lethique-de-la-responsabilite\\\/\",\"url\":\"https:\\\/\\\/www.libinst.ch\\\/fr\\\/product\\\/charles-monnard-lethique-de-la-responsabilite\\\/\",\"name\":\"Charles Monnard: l'\u00e9thique de la responsabilit\u00e9 - Institut Lib\u00e9ral\",\"isPartOf\":{\"@id\":\"\\\/#website\"},\"primaryImageOfPage\":{\"@id\":\"https:\\\/\\\/www.libinst.ch\\\/fr\\\/product\\\/charles-monnard-lethique-de-la-responsabilite\\\/#primaryimage\"},\"image\":{\"@id\":\"https:\\\/\\\/www.libinst.ch\\\/fr\\\/product\\\/charles-monnard-lethique-de-la-responsabilite\\\/#primaryimage\"},\"thumbnailUrl\":\"https:\\\/\\\/www.libinst.ch\\\/wp-content\\\/uploads\\\/2023\\\/07\\\/Charles.jpg\",\"datePublished\":\"2014-07-28T15:47:55+00:00\",\"dateModified\":\"2025-08-14T11:00:12+00:00\",\"breadcrumb\":{\"@id\":\"https:\\\/\\\/www.libinst.ch\\\/fr\\\/product\\\/charles-monnard-lethique-de-la-responsabilite\\\/#breadcrumb\"},\"inLanguage\":\"fr-FR\",\"potentialAction\":[{\"@type\":\"ReadAction\",\"target\":[\"https:\\\/\\\/www.libinst.ch\\\/fr\\\/product\\\/charles-monnard-lethique-de-la-responsabilite\\\/\"]}]},{\"@type\":\"ImageObject\",\"inLanguage\":\"fr-FR\",\"@id\":\"https:\\\/\\\/www.libinst.ch\\\/fr\\\/product\\\/charles-monnard-lethique-de-la-responsabilite\\\/#primaryimage\",\"url\":\"https:\\\/\\\/www.libinst.ch\\\/wp-content\\\/uploads\\\/2023\\\/07\\\/Charles.jpg\",\"contentUrl\":\"https:\\\/\\\/www.libinst.ch\\\/wp-content\\\/uploads\\\/2023\\\/07\\\/Charles.jpg\",\"width\":2000,\"height\":2000},{\"@type\":\"BreadcrumbList\",\"@id\":\"https:\\\/\\\/www.libinst.ch\\\/fr\\\/product\\\/charles-monnard-lethique-de-la-responsabilite\\\/#breadcrumb\",\"itemListElement\":[{\"@type\":\"ListItem\",\"position\":1,\"name\":\"Home\",\"item\":\"https:\\\/\\\/www.libinst.ch\\\/\"},{\"@type\":\"ListItem\",\"position\":2,\"name\":\"Charles Monnard: l&#8217;\u00e9thique de la responsabilit\u00e9\"}]},{\"@type\":\"WebSite\",\"@id\":\"\\\/#website\",\"url\":\"\\\/\",\"name\":\"Institut Lib\u00e9ral\",\"description\":\"\",\"publisher\":{\"@id\":\"\\\/#organization\"},\"potentialAction\":[{\"@type\":\"SearchAction\",\"target\":{\"@type\":\"EntryPoint\",\"urlTemplate\":\"\\\/?s={search_term_string}\"},\"query-input\":{\"@type\":\"PropertyValueSpecification\",\"valueRequired\":true,\"valueName\":\"search_term_string\"}}],\"inLanguage\":\"fr-FR\"},{\"@type\":\"Organization\",\"@id\":\"\\\/#organization\",\"name\":\"Institut Lib\u00e9ral\",\"url\":\"\\\/\",\"logo\":{\"@type\":\"ImageObject\",\"inLanguage\":\"fr-FR\",\"@id\":\"\\\/#\\\/schema\\\/logo\\\/image\\\/\",\"url\":\"https:\\\/\\\/www.libinst.ch\\\/wp-content\\\/uploads\\\/2023\\\/08\\\/logo-institut-liberal.png\",\"contentUrl\":\"https:\\\/\\\/www.libinst.ch\\\/wp-content\\\/uploads\\\/2023\\\/08\\\/logo-institut-liberal.png\",\"width\":2935,\"height\":458,\"caption\":\"Institut Lib\u00e9ral\"},\"image\":{\"@id\":\"\\\/#\\\/schema\\\/logo\\\/image\\\/\"}}]}<\/script>\n<!-- \/ Yoast SEO plugin. -->","yoast_head_json":{"title":"Charles Monnard: l'\u00e9thique de la responsabilit\u00e9 - Institut Lib\u00e9ral","robots":{"index":"index","follow":"follow","max-snippet":"max-snippet:-1","max-image-preview":"max-image-preview:large","max-video-preview":"max-video-preview:-1"},"canonical":"https:\/\/www.libinst.ch\/fr\/product\/charles-monnard-lethique-de-la-responsabilite\/","og_locale":"fr_FR","og_type":"article","og_title":"Charles Monnard: l'\u00e9thique de la responsabilit\u00e9 - Institut Lib\u00e9ral","og_description":"Le stock de la version papier est \u00e9puis\u00e9. \u00abLa libert\u00e9 est la condition d&rsquo;une vie compl\u00e8te, la condition de la civilisation, du d\u00e9veloppement de la pens\u00e9e, de l&rsquo;activit\u00e9, de l&rsquo;industrie, des lettres, des sciences, la condition des progr\u00e8s de l&rsquo;humanit\u00e9.\u00bb Certes, la libert\u00e9 est la valeur la plus pr\u00e9cieuse de l&rsquo;humanit\u00e9. Mais elle ne peut [&hellip;]","og_url":"https:\/\/www.libinst.ch\/fr\/product\/charles-monnard-lethique-de-la-responsabilite\/","og_site_name":"Institut Lib\u00e9ral","article_modified_time":"2025-08-14T11:00:12+00:00","og_image":[{"width":2000,"height":2000,"url":"https:\/\/www.libinst.ch\/wp-content\/uploads\/2023\/07\/Charles.jpg","type":"image\/jpeg"}],"twitter_card":"summary_large_image","twitter_misc":{"Dur\u00e9e de lecture estim\u00e9e":"1 minute"},"schema":{"@context":"https:\/\/schema.org","@graph":[{"@type":"WebPage","@id":"https:\/\/www.libinst.ch\/fr\/product\/charles-monnard-lethique-de-la-responsabilite\/","url":"https:\/\/www.libinst.ch\/fr\/product\/charles-monnard-lethique-de-la-responsabilite\/","name":"Charles Monnard: l'\u00e9thique de la responsabilit\u00e9 - Institut Lib\u00e9ral","isPartOf":{"@id":"\/#website"},"primaryImageOfPage":{"@id":"https:\/\/www.libinst.ch\/fr\/product\/charles-monnard-lethique-de-la-responsabilite\/#primaryimage"},"image":{"@id":"https:\/\/www.libinst.ch\/fr\/product\/charles-monnard-lethique-de-la-responsabilite\/#primaryimage"},"thumbnailUrl":"https:\/\/www.libinst.ch\/wp-content\/uploads\/2023\/07\/Charles.jpg","datePublished":"2014-07-28T15:47:55+00:00","dateModified":"2025-08-14T11:00:12+00:00","breadcrumb":{"@id":"https:\/\/www.libinst.ch\/fr\/product\/charles-monnard-lethique-de-la-responsabilite\/#breadcrumb"},"inLanguage":"fr-FR","potentialAction":[{"@type":"ReadAction","target":["https:\/\/www.libinst.ch\/fr\/product\/charles-monnard-lethique-de-la-responsabilite\/"]}]},{"@type":"ImageObject","inLanguage":"fr-FR","@id":"https:\/\/www.libinst.ch\/fr\/product\/charles-monnard-lethique-de-la-responsabilite\/#primaryimage","url":"https:\/\/www.libinst.ch\/wp-content\/uploads\/2023\/07\/Charles.jpg","contentUrl":"https:\/\/www.libinst.ch\/wp-content\/uploads\/2023\/07\/Charles.jpg","width":2000,"height":2000},{"@type":"BreadcrumbList","@id":"https:\/\/www.libinst.ch\/fr\/product\/charles-monnard-lethique-de-la-responsabilite\/#breadcrumb","itemListElement":[{"@type":"ListItem","position":1,"name":"Home","item":"https:\/\/www.libinst.ch\/"},{"@type":"ListItem","position":2,"name":"Charles Monnard: l&#8217;\u00e9thique de la responsabilit\u00e9"}]},{"@type":"WebSite","@id":"\/#website","url":"\/","name":"Institut Lib\u00e9ral","description":"","publisher":{"@id":"\/#organization"},"potentialAction":[{"@type":"SearchAction","target":{"@type":"EntryPoint","urlTemplate":"\/?s={search_term_string}"},"query-input":{"@type":"PropertyValueSpecification","valueRequired":true,"valueName":"search_term_string"}}],"inLanguage":"fr-FR"},{"@type":"Organization","@id":"\/#organization","name":"Institut Lib\u00e9ral","url":"\/","logo":{"@type":"ImageObject","inLanguage":"fr-FR","@id":"\/#\/schema\/logo\/image\/","url":"https:\/\/www.libinst.ch\/wp-content\/uploads\/2023\/08\/logo-institut-liberal.png","contentUrl":"https:\/\/www.libinst.ch\/wp-content\/uploads\/2023\/08\/logo-institut-liberal.png","width":2935,"height":458,"caption":"Institut Lib\u00e9ral"},"image":{"@id":"\/#\/schema\/logo\/image\/"}}]}},"_links":{"self":[{"href":"https:\/\/www.libinst.ch\/fr\/wp-json\/wp\/v2\/product\/15460","targetHints":{"allow":["GET"]}}],"collection":[{"href":"https:\/\/www.libinst.ch\/fr\/wp-json\/wp\/v2\/product"}],"about":[{"href":"https:\/\/www.libinst.ch\/fr\/wp-json\/wp\/v2\/types\/product"}],"wp:featuredmedia":[{"embeddable":true,"href":"https:\/\/www.libinst.ch\/fr\/wp-json\/wp\/v2\/media\/15790"}],"wp:attachment":[{"href":"https:\/\/www.libinst.ch\/fr\/wp-json\/wp\/v2\/media?parent=15460"}],"wp:term":[{"taxonomy":"tags","embeddable":true,"href":"https:\/\/www.libinst.ch\/fr\/wp-json\/wp\/v2\/tag?post=15460"},{"taxonomy":"product_brand","embeddable":true,"href":"https:\/\/www.libinst.ch\/fr\/wp-json\/wp\/v2\/product_brand?post=15460"},{"taxonomy":"product_cat","embeddable":true,"href":"https:\/\/www.libinst.ch\/fr\/wp-json\/wp\/v2\/product_cat?post=15460"},{"taxonomy":"product_tag","embeddable":true,"href":"https:\/\/www.libinst.ch\/fr\/wp-json\/wp\/v2\/product_tag?post=15460"}],"curies":[{"name":"wp","href":"https:\/\/api.w.org\/{rel}","templated":true}]}}