{"id":15461,"date":"2014-07-28T17:47:57","date_gmt":"2014-07-28T15:47:57","guid":{"rendered":"https:\/\/libinst.detail-digital.ch\/produkt\/les-valeurs-ethiques-d-une-societe-libre\/"},"modified":"2025-08-14T13:47:19","modified_gmt":"2025-08-14T11:47:19","slug":"les-valeurs-ethiques-d-une-societe-libre","status":"publish","type":"product","link":"https:\/\/www.libinst.ch\/fr\/product\/les-valeurs-ethiques-d-une-societe-libre\/","title":{"rendered":"Les valeurs \u00e9thiques d&rsquo;une soci\u00e9t\u00e9 libre"},"content":{"rendered":"<div id=\"collapsible\" class=\"elementor-element elementor-element-0699c79 elementor-widget elementor-widget-woocommerce-product-content\" data-id=\"0699c79\" data-element_type=\"widget\" data-widget_type=\"woocommerce-product-content.default\">\n<div class=\"elementor-widget-container\">\n<p><em>Le stock de la version papier est \u00e9puis\u00e9. Le livre reste disponible en version \u00e9lectronique (e-book).<\/em><\/p>\n<\/div>\n<\/div>\n<p>Comment renouer avec l&rsquo;\u00e9thique du lib\u00e9ralisme? Comment s&rsquo;inspirer des praticiens et des penseurs intemporels se rattachant aux valeurs lib\u00e9rales? Comment appliquer ces enseignements aux d\u00e9fis contemporains? C&rsquo;est pour se pencher sur ces questions que la Journ\u00e9e lib\u00e9rale romande, \u00e0 l&rsquo;initiative de l&rsquo;Institut Lib\u00e9ral et du Cercle Lib\u00e9ral de Lausanne, a r\u00e9uni quelque 80 personnes le 8 novembre 2014 dans la ville de naissance de Benjamin Constant. Cette brochure se penche sur les principes intemporels de la justice lib\u00e9rale, sur l&rsquo;\u0153uvre et les id\u00e9es d&rsquo;Adam Smith, tr\u00e8s pertinentes dans l&rsquo;exp\u00e9rience suisse, ainsi que sur l&rsquo;h\u00e9ritage jud\u00e9o-chr\u00e9tien, notamment dans l&rsquo;esprit du th\u00e9ologien Alexandre Vinet. Elle analyse enfin l&rsquo;application de ces id\u00e9es \u00e0 l&rsquo;aune de la pratique politique, telle que l&rsquo;a incarn\u00e9e le conseiller d&rsquo;\u00c9tat et parlementaire f\u00e9d\u00e9ral Louis Guisan au si\u00e8cle dernier.<\/p>\n","protected":false},"excerpt":{"rendered":"<p>Le stock de la version papier est \u00e9puis\u00e9. Le livre reste disponible en version \u00e9lectronique (e-book). Comment renouer avec l&rsquo;\u00e9thique du lib\u00e9ralisme? Comment s&rsquo;inspirer des praticiens et des penseurs intemporels se rattachant aux valeurs lib\u00e9rales? Comment appliquer ces enseignements aux d\u00e9fis contemporains? C&rsquo;est pour se pencher sur ces questions que la Journ\u00e9e lib\u00e9rale romande, \u00e0 [&hellip;]<\/p>\n","protected":false},"featured_media":16220,"template":"","meta":{"_acf_changed":false},"tag":[183,174,1330],"product_brand":[],"product_cat":[1557],"product_tag":[],"class_list":{"0":"post-15461","1":"product","2":"type-product","3":"status-publish","4":"has-post-thumbnail","6":"tags-autonomie-privee","7":"tags-culture","8":"tags-responsabilite","9":"product_cat-livres","11":"first","12":"instock","13":"shipping-taxable","14":"purchasable","15":"product-type-variable"},"acf":[],"yoast_head":"<!-- This site is optimized with the Yoast SEO plugin v27.3 - https:\/\/yoast.com\/product\/yoast-seo-wordpress\/ -->\n<title>Les valeurs \u00e9thiques d&#039;une soci\u00e9t\u00e9 libre - Institut Lib\u00e9ral<\/title>\n<meta name=\"robots\" content=\"index, follow, max-snippet:-1, max-image-preview:large, max-video-preview:-1\" \/>\n<link rel=\"canonical\" href=\"https:\/\/www.libinst.ch\/fr\/product\/les-valeurs-ethiques-d-une-societe-libre\/\" \/>\n<meta property=\"og:locale\" content=\"fr_FR\" \/>\n<meta property=\"og:type\" content=\"article\" \/>\n<meta property=\"og:title\" content=\"Les valeurs \u00e9thiques d&#039;une soci\u00e9t\u00e9 libre - Institut Lib\u00e9ral\" \/>\n<meta property=\"og:description\" content=\"Le stock de la version papier est \u00e9puis\u00e9. Le livre reste disponible en version \u00e9lectronique (e-book). Comment renouer avec l&rsquo;\u00e9thique du lib\u00e9ralisme? Comment s&rsquo;inspirer des praticiens et des penseurs intemporels se rattachant aux valeurs lib\u00e9rales? Comment appliquer ces enseignements aux d\u00e9fis contemporains? C&rsquo;est pour se pencher sur ces questions que la Journ\u00e9e lib\u00e9rale romande, \u00e0 [&hellip;]\" \/>\n<meta property=\"og:url\" content=\"https:\/\/www.libinst.ch\/fr\/product\/les-valeurs-ethiques-d-une-societe-libre\/\" \/>\n<meta property=\"og:site_name\" content=\"Institut Lib\u00e9ral\" \/>\n<meta property=\"article:modified_time\" content=\"2025-08-14T11:47:19+00:00\" \/>\n<meta property=\"og:image\" content=\"https:\/\/www.libinst.ch\/wp-content\/uploads\/2023\/07\/2014-Les-valeurs-ethiques-dune-societe-libre-3D-MIT-HINTERGRUND.jpg\" \/>\n\t<meta property=\"og:image:width\" content=\"2000\" \/>\n\t<meta property=\"og:image:height\" content=\"2000\" \/>\n\t<meta property=\"og:image:type\" content=\"image\/jpeg\" \/>\n<meta name=\"twitter:card\" content=\"summary_large_image\" \/>\n<meta name=\"twitter:label1\" content=\"Dur\u00e9e de lecture estim\u00e9e\" \/>\n\t<meta name=\"twitter:data1\" content=\"1 minute\" \/>\n<script type=\"application\/ld+json\" class=\"yoast-schema-graph\">{\"@context\":\"https:\\\/\\\/schema.org\",\"@graph\":[{\"@type\":\"WebPage\",\"@id\":\"https:\\\/\\\/www.libinst.ch\\\/fr\\\/product\\\/les-valeurs-ethiques-d-une-societe-libre\\\/\",\"url\":\"https:\\\/\\\/www.libinst.ch\\\/fr\\\/product\\\/les-valeurs-ethiques-d-une-societe-libre\\\/\",\"name\":\"Les valeurs \u00e9thiques d'une soci\u00e9t\u00e9 libre - Institut Lib\u00e9ral\",\"isPartOf\":{\"@id\":\"\\\/#website\"},\"primaryImageOfPage\":{\"@id\":\"https:\\\/\\\/www.libinst.ch\\\/fr\\\/product\\\/les-valeurs-ethiques-d-une-societe-libre\\\/#primaryimage\"},\"image\":{\"@id\":\"https:\\\/\\\/www.libinst.ch\\\/fr\\\/product\\\/les-valeurs-ethiques-d-une-societe-libre\\\/#primaryimage\"},\"thumbnailUrl\":\"https:\\\/\\\/www.libinst.ch\\\/wp-content\\\/uploads\\\/2023\\\/07\\\/2014-Les-valeurs-ethiques-dune-societe-libre-3D-MIT-HINTERGRUND.jpg\",\"datePublished\":\"2014-07-28T15:47:57+00:00\",\"dateModified\":\"2025-08-14T11:47:19+00:00\",\"breadcrumb\":{\"@id\":\"https:\\\/\\\/www.libinst.ch\\\/fr\\\/product\\\/les-valeurs-ethiques-d-une-societe-libre\\\/#breadcrumb\"},\"inLanguage\":\"fr-FR\",\"potentialAction\":[{\"@type\":\"ReadAction\",\"target\":[\"https:\\\/\\\/www.libinst.ch\\\/fr\\\/product\\\/les-valeurs-ethiques-d-une-societe-libre\\\/\"]}]},{\"@type\":\"ImageObject\",\"inLanguage\":\"fr-FR\",\"@id\":\"https:\\\/\\\/www.libinst.ch\\\/fr\\\/product\\\/les-valeurs-ethiques-d-une-societe-libre\\\/#primaryimage\",\"url\":\"https:\\\/\\\/www.libinst.ch\\\/wp-content\\\/uploads\\\/2023\\\/07\\\/2014-Les-valeurs-ethiques-dune-societe-libre-3D-MIT-HINTERGRUND.jpg\",\"contentUrl\":\"https:\\\/\\\/www.libinst.ch\\\/wp-content\\\/uploads\\\/2023\\\/07\\\/2014-Les-valeurs-ethiques-dune-societe-libre-3D-MIT-HINTERGRUND.jpg\",\"width\":2000,\"height\":2000},{\"@type\":\"BreadcrumbList\",\"@id\":\"https:\\\/\\\/www.libinst.ch\\\/fr\\\/product\\\/les-valeurs-ethiques-d-une-societe-libre\\\/#breadcrumb\",\"itemListElement\":[{\"@type\":\"ListItem\",\"position\":1,\"name\":\"Home\",\"item\":\"https:\\\/\\\/www.libinst.ch\\\/\"},{\"@type\":\"ListItem\",\"position\":2,\"name\":\"Les valeurs \u00e9thiques d&#8217;une soci\u00e9t\u00e9 libre\"}]},{\"@type\":\"WebSite\",\"@id\":\"\\\/#website\",\"url\":\"\\\/\",\"name\":\"Institut Lib\u00e9ral\",\"description\":\"\",\"publisher\":{\"@id\":\"\\\/#organization\"},\"potentialAction\":[{\"@type\":\"SearchAction\",\"target\":{\"@type\":\"EntryPoint\",\"urlTemplate\":\"\\\/?s={search_term_string}\"},\"query-input\":{\"@type\":\"PropertyValueSpecification\",\"valueRequired\":true,\"valueName\":\"search_term_string\"}}],\"inLanguage\":\"fr-FR\"},{\"@type\":\"Organization\",\"@id\":\"\\\/#organization\",\"name\":\"Institut Lib\u00e9ral\",\"url\":\"\\\/\",\"logo\":{\"@type\":\"ImageObject\",\"inLanguage\":\"fr-FR\",\"@id\":\"\\\/#\\\/schema\\\/logo\\\/image\\\/\",\"url\":\"https:\\\/\\\/www.libinst.ch\\\/wp-content\\\/uploads\\\/2023\\\/08\\\/logo-institut-liberal.png\",\"contentUrl\":\"https:\\\/\\\/www.libinst.ch\\\/wp-content\\\/uploads\\\/2023\\\/08\\\/logo-institut-liberal.png\",\"width\":2935,\"height\":458,\"caption\":\"Institut Lib\u00e9ral\"},\"image\":{\"@id\":\"\\\/#\\\/schema\\\/logo\\\/image\\\/\"}}]}<\/script>\n<!-- \/ Yoast SEO plugin. -->","yoast_head_json":{"title":"Les valeurs \u00e9thiques d'une soci\u00e9t\u00e9 libre - Institut Lib\u00e9ral","robots":{"index":"index","follow":"follow","max-snippet":"max-snippet:-1","max-image-preview":"max-image-preview:large","max-video-preview":"max-video-preview:-1"},"canonical":"https:\/\/www.libinst.ch\/fr\/product\/les-valeurs-ethiques-d-une-societe-libre\/","og_locale":"fr_FR","og_type":"article","og_title":"Les valeurs \u00e9thiques d'une soci\u00e9t\u00e9 libre - Institut Lib\u00e9ral","og_description":"Le stock de la version papier est \u00e9puis\u00e9. Le livre reste disponible en version \u00e9lectronique (e-book). Comment renouer avec l&rsquo;\u00e9thique du lib\u00e9ralisme? Comment s&rsquo;inspirer des praticiens et des penseurs intemporels se rattachant aux valeurs lib\u00e9rales? Comment appliquer ces enseignements aux d\u00e9fis contemporains? C&rsquo;est pour se pencher sur ces questions que la Journ\u00e9e lib\u00e9rale romande, \u00e0 [&hellip;]","og_url":"https:\/\/www.libinst.ch\/fr\/product\/les-valeurs-ethiques-d-une-societe-libre\/","og_site_name":"Institut Lib\u00e9ral","article_modified_time":"2025-08-14T11:47:19+00:00","og_image":[{"width":2000,"height":2000,"url":"https:\/\/www.libinst.ch\/wp-content\/uploads\/2023\/07\/2014-Les-valeurs-ethiques-dune-societe-libre-3D-MIT-HINTERGRUND.jpg","type":"image\/jpeg"}],"twitter_card":"summary_large_image","twitter_misc":{"Dur\u00e9e de lecture estim\u00e9e":"1 minute"},"schema":{"@context":"https:\/\/schema.org","@graph":[{"@type":"WebPage","@id":"https:\/\/www.libinst.ch\/fr\/product\/les-valeurs-ethiques-d-une-societe-libre\/","url":"https:\/\/www.libinst.ch\/fr\/product\/les-valeurs-ethiques-d-une-societe-libre\/","name":"Les valeurs \u00e9thiques d'une soci\u00e9t\u00e9 libre - Institut Lib\u00e9ral","isPartOf":{"@id":"\/#website"},"primaryImageOfPage":{"@id":"https:\/\/www.libinst.ch\/fr\/product\/les-valeurs-ethiques-d-une-societe-libre\/#primaryimage"},"image":{"@id":"https:\/\/www.libinst.ch\/fr\/product\/les-valeurs-ethiques-d-une-societe-libre\/#primaryimage"},"thumbnailUrl":"https:\/\/www.libinst.ch\/wp-content\/uploads\/2023\/07\/2014-Les-valeurs-ethiques-dune-societe-libre-3D-MIT-HINTERGRUND.jpg","datePublished":"2014-07-28T15:47:57+00:00","dateModified":"2025-08-14T11:47:19+00:00","breadcrumb":{"@id":"https:\/\/www.libinst.ch\/fr\/product\/les-valeurs-ethiques-d-une-societe-libre\/#breadcrumb"},"inLanguage":"fr-FR","potentialAction":[{"@type":"ReadAction","target":["https:\/\/www.libinst.ch\/fr\/product\/les-valeurs-ethiques-d-une-societe-libre\/"]}]},{"@type":"ImageObject","inLanguage":"fr-FR","@id":"https:\/\/www.libinst.ch\/fr\/product\/les-valeurs-ethiques-d-une-societe-libre\/#primaryimage","url":"https:\/\/www.libinst.ch\/wp-content\/uploads\/2023\/07\/2014-Les-valeurs-ethiques-dune-societe-libre-3D-MIT-HINTERGRUND.jpg","contentUrl":"https:\/\/www.libinst.ch\/wp-content\/uploads\/2023\/07\/2014-Les-valeurs-ethiques-dune-societe-libre-3D-MIT-HINTERGRUND.jpg","width":2000,"height":2000},{"@type":"BreadcrumbList","@id":"https:\/\/www.libinst.ch\/fr\/product\/les-valeurs-ethiques-d-une-societe-libre\/#breadcrumb","itemListElement":[{"@type":"ListItem","position":1,"name":"Home","item":"https:\/\/www.libinst.ch\/"},{"@type":"ListItem","position":2,"name":"Les valeurs \u00e9thiques d&#8217;une soci\u00e9t\u00e9 libre"}]},{"@type":"WebSite","@id":"\/#website","url":"\/","name":"Institut Lib\u00e9ral","description":"","publisher":{"@id":"\/#organization"},"potentialAction":[{"@type":"SearchAction","target":{"@type":"EntryPoint","urlTemplate":"\/?s={search_term_string}"},"query-input":{"@type":"PropertyValueSpecification","valueRequired":true,"valueName":"search_term_string"}}],"inLanguage":"fr-FR"},{"@type":"Organization","@id":"\/#organization","name":"Institut Lib\u00e9ral","url":"\/","logo":{"@type":"ImageObject","inLanguage":"fr-FR","@id":"\/#\/schema\/logo\/image\/","url":"https:\/\/www.libinst.ch\/wp-content\/uploads\/2023\/08\/logo-institut-liberal.png","contentUrl":"https:\/\/www.libinst.ch\/wp-content\/uploads\/2023\/08\/logo-institut-liberal.png","width":2935,"height":458,"caption":"Institut Lib\u00e9ral"},"image":{"@id":"\/#\/schema\/logo\/image\/"}}]}},"_links":{"self":[{"href":"https:\/\/www.libinst.ch\/fr\/wp-json\/wp\/v2\/product\/15461","targetHints":{"allow":["GET"]}}],"collection":[{"href":"https:\/\/www.libinst.ch\/fr\/wp-json\/wp\/v2\/product"}],"about":[{"href":"https:\/\/www.libinst.ch\/fr\/wp-json\/wp\/v2\/types\/product"}],"wp:featuredmedia":[{"embeddable":true,"href":"https:\/\/www.libinst.ch\/fr\/wp-json\/wp\/v2\/media\/16220"}],"wp:attachment":[{"href":"https:\/\/www.libinst.ch\/fr\/wp-json\/wp\/v2\/media?parent=15461"}],"wp:term":[{"taxonomy":"tags","embeddable":true,"href":"https:\/\/www.libinst.ch\/fr\/wp-json\/wp\/v2\/tag?post=15461"},{"taxonomy":"product_brand","embeddable":true,"href":"https:\/\/www.libinst.ch\/fr\/wp-json\/wp\/v2\/product_brand?post=15461"},{"taxonomy":"product_cat","embeddable":true,"href":"https:\/\/www.libinst.ch\/fr\/wp-json\/wp\/v2\/product_cat?post=15461"},{"taxonomy":"product_tag","embeddable":true,"href":"https:\/\/www.libinst.ch\/fr\/wp-json\/wp\/v2\/product_tag?post=15461"}],"curies":[{"name":"wp","href":"https:\/\/api.w.org\/{rel}","templated":true}]}}