{"id":15462,"date":"2015-07-28T17:47:57","date_gmt":"2015-07-28T15:47:57","guid":{"rendered":"https:\/\/libinst.detail-digital.ch\/produkt\/l-education-et-la-formation-entre-tradition-et-defis\/"},"modified":"2025-08-14T13:42:46","modified_gmt":"2025-08-14T11:42:46","slug":"l-education-et-la-formation-entre-tradition-et-defis","status":"publish","type":"product","link":"https:\/\/www.libinst.ch\/fr\/product\/l-education-et-la-formation-entre-tradition-et-defis\/","title":{"rendered":"L&rsquo;\u00e9ducation et la formation: entre tradition et d\u00e9fis"},"content":{"rendered":"<p>L&rsquo;importance de la formation dans le d\u00e9veloppement d&rsquo;une soci\u00e9t\u00e9 est reconnue et indisput\u00e9e. La formation ne cr\u00e9e pas seulement le capital humain \u00e0 la source de l&rsquo;innovation et de la prosp\u00e9rit\u00e9. Avec le pouvoir des id\u00e9es qui l&rsquo;accompagne, elle influence \u00e9galement les institutions politiques, selon les conceptions et les pr\u00e9f\u00e9rences des citoyens. Pour cette raison d\u00e9j\u00e0, les lib\u00e9raux consid\u00e8rent les monopoles publics de l&rsquo;\u00e9ducation avec scepticisme. Leurs modes et leurs dogmes, leurs r\u00e9formes p\u00e9dagogistes davantage fond\u00e9es sur l&rsquo;opportunisme et l&rsquo;id\u00e9ologie que sur l&rsquo;int\u00e9r\u00eat des apprenants, leurs co\u00fbts souvent \u00e9lev\u00e9s dissimul\u00e9s par le financement fiscal, leur uniformit\u00e9 et leur formatage face \u00e0 la diversit\u00e9 de la soci\u00e9t\u00e9 civile soul\u00e8vent de nombreuses questions.<\/p>\n<p>Quel est aujourd&rsquo;hui le r\u00f4le de l&rsquo;\u00e9cole et de la formation? Quelles sont les possibilit\u00e9s de renforcer le pluralisme et la concurrence? Comment l&rsquo;excellence peut-elle \u00eatre financ\u00e9e \u00e0 l&rsquo;avenir? Comment la Suisse peut-elle favoriser les valeurs civilisationnelles de libert\u00e9 et de responsabilit\u00e9 \u00e0 travers son syst\u00e8me de formation? Cette publication, qui fait suite \u00e0 la Journ\u00e9e lib\u00e9rale romande 2015, offre des pistes de r\u00e9flexion et \u00e9largit le d\u00e9bat en explorant les id\u00e9es de lib\u00e9raux classiques et contemporains, dont la critique fondamentale de l&rsquo;\u00e9cole publique formul\u00e9e par Denis de Rougemont au si\u00e8cle dernier, ainsi que l&rsquo;exp\u00e9rience des syst\u00e8mes actuels \u2014 et leurs alternatives.<\/p>\n","protected":false},"excerpt":{"rendered":"<p>L&rsquo;importance de la formation dans le d\u00e9veloppement d&rsquo;une soci\u00e9t\u00e9 est reconnue et indisput\u00e9e. La formation ne cr\u00e9e pas seulement le capital humain \u00e0 la source de l&rsquo;innovation et de la prosp\u00e9rit\u00e9. Avec le pouvoir des id\u00e9es qui l&rsquo;accompagne, elle influence \u00e9galement les institutions politiques, selon les conceptions et les pr\u00e9f\u00e9rences des citoyens. Pour cette raison [&hellip;]<\/p>\n","protected":false},"featured_media":15786,"template":"","meta":{"_acf_changed":false},"tag":[1349,170,1333],"product_brand":[],"product_cat":[1557],"product_tag":[],"class_list":{"0":"post-15462","1":"product","2":"type-product","3":"status-publish","4":"has-post-thumbnail","6":"tags-capital-humain","7":"tags-formation","8":"tags-pedagogie","9":"product_cat-livres","11":"first","12":"instock","13":"shipping-taxable","14":"purchasable","15":"product-type-variable"},"acf":[],"yoast_head":"<!-- This site is optimized with the Yoast SEO plugin v27.3 - https:\/\/yoast.com\/product\/yoast-seo-wordpress\/ -->\n<title>L&#039;\u00e9ducation et la formation: entre tradition et d\u00e9fis - Institut Lib\u00e9ral<\/title>\n<meta name=\"robots\" content=\"index, follow, max-snippet:-1, max-image-preview:large, max-video-preview:-1\" \/>\n<link rel=\"canonical\" href=\"https:\/\/www.libinst.ch\/fr\/product\/l-education-et-la-formation-entre-tradition-et-defis\/\" \/>\n<meta property=\"og:locale\" content=\"fr_FR\" \/>\n<meta property=\"og:type\" content=\"article\" \/>\n<meta property=\"og:title\" content=\"L&#039;\u00e9ducation et la formation: entre tradition et d\u00e9fis - Institut Lib\u00e9ral\" \/>\n<meta property=\"og:description\" content=\"L&rsquo;importance de la formation dans le d\u00e9veloppement d&rsquo;une soci\u00e9t\u00e9 est reconnue et indisput\u00e9e. La formation ne cr\u00e9e pas seulement le capital humain \u00e0 la source de l&rsquo;innovation et de la prosp\u00e9rit\u00e9. Avec le pouvoir des id\u00e9es qui l&rsquo;accompagne, elle influence \u00e9galement les institutions politiques, selon les conceptions et les pr\u00e9f\u00e9rences des citoyens. Pour cette raison [&hellip;]\" \/>\n<meta property=\"og:url\" content=\"https:\/\/www.libinst.ch\/fr\/product\/l-education-et-la-formation-entre-tradition-et-defis\/\" \/>\n<meta property=\"og:site_name\" content=\"Institut Lib\u00e9ral\" \/>\n<meta property=\"article:modified_time\" content=\"2025-08-14T11:42:46+00:00\" \/>\n<meta property=\"og:image\" content=\"https:\/\/www.libinst.ch\/wp-content\/uploads\/2023\/07\/leducation.jpg\" \/>\n\t<meta property=\"og:image:width\" content=\"2000\" \/>\n\t<meta property=\"og:image:height\" content=\"2000\" \/>\n\t<meta property=\"og:image:type\" content=\"image\/jpeg\" \/>\n<meta name=\"twitter:card\" content=\"summary_large_image\" \/>\n<meta name=\"twitter:label1\" content=\"Dur\u00e9e de lecture estim\u00e9e\" \/>\n\t<meta name=\"twitter:data1\" content=\"2 minutes\" \/>\n<script type=\"application\/ld+json\" class=\"yoast-schema-graph\">{\"@context\":\"https:\\\/\\\/schema.org\",\"@graph\":[{\"@type\":\"WebPage\",\"@id\":\"https:\\\/\\\/www.libinst.ch\\\/fr\\\/product\\\/l-education-et-la-formation-entre-tradition-et-defis\\\/\",\"url\":\"https:\\\/\\\/www.libinst.ch\\\/fr\\\/product\\\/l-education-et-la-formation-entre-tradition-et-defis\\\/\",\"name\":\"L'\u00e9ducation et la formation: entre tradition et d\u00e9fis - Institut Lib\u00e9ral\",\"isPartOf\":{\"@id\":\"\\\/#website\"},\"primaryImageOfPage\":{\"@id\":\"https:\\\/\\\/www.libinst.ch\\\/fr\\\/product\\\/l-education-et-la-formation-entre-tradition-et-defis\\\/#primaryimage\"},\"image\":{\"@id\":\"https:\\\/\\\/www.libinst.ch\\\/fr\\\/product\\\/l-education-et-la-formation-entre-tradition-et-defis\\\/#primaryimage\"},\"thumbnailUrl\":\"https:\\\/\\\/www.libinst.ch\\\/wp-content\\\/uploads\\\/2023\\\/07\\\/leducation.jpg\",\"datePublished\":\"2015-07-28T15:47:57+00:00\",\"dateModified\":\"2025-08-14T11:42:46+00:00\",\"breadcrumb\":{\"@id\":\"https:\\\/\\\/www.libinst.ch\\\/fr\\\/product\\\/l-education-et-la-formation-entre-tradition-et-defis\\\/#breadcrumb\"},\"inLanguage\":\"fr-FR\",\"potentialAction\":[{\"@type\":\"ReadAction\",\"target\":[\"https:\\\/\\\/www.libinst.ch\\\/fr\\\/product\\\/l-education-et-la-formation-entre-tradition-et-defis\\\/\"]}]},{\"@type\":\"ImageObject\",\"inLanguage\":\"fr-FR\",\"@id\":\"https:\\\/\\\/www.libinst.ch\\\/fr\\\/product\\\/l-education-et-la-formation-entre-tradition-et-defis\\\/#primaryimage\",\"url\":\"https:\\\/\\\/www.libinst.ch\\\/wp-content\\\/uploads\\\/2023\\\/07\\\/leducation.jpg\",\"contentUrl\":\"https:\\\/\\\/www.libinst.ch\\\/wp-content\\\/uploads\\\/2023\\\/07\\\/leducation.jpg\",\"width\":2000,\"height\":2000},{\"@type\":\"BreadcrumbList\",\"@id\":\"https:\\\/\\\/www.libinst.ch\\\/fr\\\/product\\\/l-education-et-la-formation-entre-tradition-et-defis\\\/#breadcrumb\",\"itemListElement\":[{\"@type\":\"ListItem\",\"position\":1,\"name\":\"Home\",\"item\":\"https:\\\/\\\/www.libinst.ch\\\/\"},{\"@type\":\"ListItem\",\"position\":2,\"name\":\"L&#8217;\u00e9ducation et la formation: entre tradition et d\u00e9fis\"}]},{\"@type\":\"WebSite\",\"@id\":\"\\\/#website\",\"url\":\"\\\/\",\"name\":\"Institut Lib\u00e9ral\",\"description\":\"\",\"publisher\":{\"@id\":\"\\\/#organization\"},\"potentialAction\":[{\"@type\":\"SearchAction\",\"target\":{\"@type\":\"EntryPoint\",\"urlTemplate\":\"\\\/?s={search_term_string}\"},\"query-input\":{\"@type\":\"PropertyValueSpecification\",\"valueRequired\":true,\"valueName\":\"search_term_string\"}}],\"inLanguage\":\"fr-FR\"},{\"@type\":\"Organization\",\"@id\":\"\\\/#organization\",\"name\":\"Institut Lib\u00e9ral\",\"url\":\"\\\/\",\"logo\":{\"@type\":\"ImageObject\",\"inLanguage\":\"fr-FR\",\"@id\":\"\\\/#\\\/schema\\\/logo\\\/image\\\/\",\"url\":\"https:\\\/\\\/www.libinst.ch\\\/wp-content\\\/uploads\\\/2023\\\/08\\\/logo-institut-liberal.png\",\"contentUrl\":\"https:\\\/\\\/www.libinst.ch\\\/wp-content\\\/uploads\\\/2023\\\/08\\\/logo-institut-liberal.png\",\"width\":2935,\"height\":458,\"caption\":\"Institut Lib\u00e9ral\"},\"image\":{\"@id\":\"\\\/#\\\/schema\\\/logo\\\/image\\\/\"}}]}<\/script>\n<!-- \/ Yoast SEO plugin. -->","yoast_head_json":{"title":"L'\u00e9ducation et la formation: entre tradition et d\u00e9fis - Institut Lib\u00e9ral","robots":{"index":"index","follow":"follow","max-snippet":"max-snippet:-1","max-image-preview":"max-image-preview:large","max-video-preview":"max-video-preview:-1"},"canonical":"https:\/\/www.libinst.ch\/fr\/product\/l-education-et-la-formation-entre-tradition-et-defis\/","og_locale":"fr_FR","og_type":"article","og_title":"L'\u00e9ducation et la formation: entre tradition et d\u00e9fis - Institut Lib\u00e9ral","og_description":"L&rsquo;importance de la formation dans le d\u00e9veloppement d&rsquo;une soci\u00e9t\u00e9 est reconnue et indisput\u00e9e. La formation ne cr\u00e9e pas seulement le capital humain \u00e0 la source de l&rsquo;innovation et de la prosp\u00e9rit\u00e9. Avec le pouvoir des id\u00e9es qui l&rsquo;accompagne, elle influence \u00e9galement les institutions politiques, selon les conceptions et les pr\u00e9f\u00e9rences des citoyens. Pour cette raison [&hellip;]","og_url":"https:\/\/www.libinst.ch\/fr\/product\/l-education-et-la-formation-entre-tradition-et-defis\/","og_site_name":"Institut Lib\u00e9ral","article_modified_time":"2025-08-14T11:42:46+00:00","og_image":[{"width":2000,"height":2000,"url":"https:\/\/www.libinst.ch\/wp-content\/uploads\/2023\/07\/leducation.jpg","type":"image\/jpeg"}],"twitter_card":"summary_large_image","twitter_misc":{"Dur\u00e9e de lecture estim\u00e9e":"2 minutes"},"schema":{"@context":"https:\/\/schema.org","@graph":[{"@type":"WebPage","@id":"https:\/\/www.libinst.ch\/fr\/product\/l-education-et-la-formation-entre-tradition-et-defis\/","url":"https:\/\/www.libinst.ch\/fr\/product\/l-education-et-la-formation-entre-tradition-et-defis\/","name":"L'\u00e9ducation et la formation: entre tradition et d\u00e9fis - Institut Lib\u00e9ral","isPartOf":{"@id":"\/#website"},"primaryImageOfPage":{"@id":"https:\/\/www.libinst.ch\/fr\/product\/l-education-et-la-formation-entre-tradition-et-defis\/#primaryimage"},"image":{"@id":"https:\/\/www.libinst.ch\/fr\/product\/l-education-et-la-formation-entre-tradition-et-defis\/#primaryimage"},"thumbnailUrl":"https:\/\/www.libinst.ch\/wp-content\/uploads\/2023\/07\/leducation.jpg","datePublished":"2015-07-28T15:47:57+00:00","dateModified":"2025-08-14T11:42:46+00:00","breadcrumb":{"@id":"https:\/\/www.libinst.ch\/fr\/product\/l-education-et-la-formation-entre-tradition-et-defis\/#breadcrumb"},"inLanguage":"fr-FR","potentialAction":[{"@type":"ReadAction","target":["https:\/\/www.libinst.ch\/fr\/product\/l-education-et-la-formation-entre-tradition-et-defis\/"]}]},{"@type":"ImageObject","inLanguage":"fr-FR","@id":"https:\/\/www.libinst.ch\/fr\/product\/l-education-et-la-formation-entre-tradition-et-defis\/#primaryimage","url":"https:\/\/www.libinst.ch\/wp-content\/uploads\/2023\/07\/leducation.jpg","contentUrl":"https:\/\/www.libinst.ch\/wp-content\/uploads\/2023\/07\/leducation.jpg","width":2000,"height":2000},{"@type":"BreadcrumbList","@id":"https:\/\/www.libinst.ch\/fr\/product\/l-education-et-la-formation-entre-tradition-et-defis\/#breadcrumb","itemListElement":[{"@type":"ListItem","position":1,"name":"Home","item":"https:\/\/www.libinst.ch\/"},{"@type":"ListItem","position":2,"name":"L&#8217;\u00e9ducation et la formation: entre tradition et d\u00e9fis"}]},{"@type":"WebSite","@id":"\/#website","url":"\/","name":"Institut Lib\u00e9ral","description":"","publisher":{"@id":"\/#organization"},"potentialAction":[{"@type":"SearchAction","target":{"@type":"EntryPoint","urlTemplate":"\/?s={search_term_string}"},"query-input":{"@type":"PropertyValueSpecification","valueRequired":true,"valueName":"search_term_string"}}],"inLanguage":"fr-FR"},{"@type":"Organization","@id":"\/#organization","name":"Institut Lib\u00e9ral","url":"\/","logo":{"@type":"ImageObject","inLanguage":"fr-FR","@id":"\/#\/schema\/logo\/image\/","url":"https:\/\/www.libinst.ch\/wp-content\/uploads\/2023\/08\/logo-institut-liberal.png","contentUrl":"https:\/\/www.libinst.ch\/wp-content\/uploads\/2023\/08\/logo-institut-liberal.png","width":2935,"height":458,"caption":"Institut Lib\u00e9ral"},"image":{"@id":"\/#\/schema\/logo\/image\/"}}]}},"_links":{"self":[{"href":"https:\/\/www.libinst.ch\/fr\/wp-json\/wp\/v2\/product\/15462","targetHints":{"allow":["GET"]}}],"collection":[{"href":"https:\/\/www.libinst.ch\/fr\/wp-json\/wp\/v2\/product"}],"about":[{"href":"https:\/\/www.libinst.ch\/fr\/wp-json\/wp\/v2\/types\/product"}],"wp:featuredmedia":[{"embeddable":true,"href":"https:\/\/www.libinst.ch\/fr\/wp-json\/wp\/v2\/media\/15786"}],"wp:attachment":[{"href":"https:\/\/www.libinst.ch\/fr\/wp-json\/wp\/v2\/media?parent=15462"}],"wp:term":[{"taxonomy":"tags","embeddable":true,"href":"https:\/\/www.libinst.ch\/fr\/wp-json\/wp\/v2\/tag?post=15462"},{"taxonomy":"product_brand","embeddable":true,"href":"https:\/\/www.libinst.ch\/fr\/wp-json\/wp\/v2\/product_brand?post=15462"},{"taxonomy":"product_cat","embeddable":true,"href":"https:\/\/www.libinst.ch\/fr\/wp-json\/wp\/v2\/product_cat?post=15462"},{"taxonomy":"product_tag","embeddable":true,"href":"https:\/\/www.libinst.ch\/fr\/wp-json\/wp\/v2\/product_tag?post=15462"}],"curies":[{"name":"wp","href":"https:\/\/api.w.org\/{rel}","templated":true}]}}