{"id":15463,"date":"2017-09-28T17:47:57","date_gmt":"2017-09-28T15:47:57","guid":{"rendered":"https:\/\/libinst.detail-digital.ch\/produkt\/systeme-de-sante-comment-renouer-avec-la-responsabilite\/"},"modified":"2025-08-14T13:48:53","modified_gmt":"2025-08-14T11:48:53","slug":"systeme-de-sante-comment-renouer-avec-la-responsabilite","status":"publish","type":"product","link":"https:\/\/www.libinst.ch\/fr\/product\/systeme-de-sante-comment-renouer-avec-la-responsabilite\/","title":{"rendered":"Syst\u00e8me de sant\u00e9: comment renouer avec la responsabilit\u00e9\u00a0?"},"content":{"rendered":"<p>Le syst\u00e8me suisse de sant\u00e9 convainc par sa performance. La libert\u00e9 th\u00e9rapeutique, l&rsquo;acc\u00e8s aux soins, la libert\u00e9 de choix des patients et des consommateurs demeurent largement garantis. En revanche, la d\u00e9responsabilisation financi\u00e8re induite par la mutualisation excessive des d\u00e9penses et le subventionnement provoque depuis plus de vingt ans une surm\u00e9dicalisation de la soci\u00e9t\u00e9 et une croissance inflationnaire du secteur. Les primes obligatoires et la charge fiscale dont doivent s&rsquo;acquitter les familles deviennent de plus en plus insupportables.<\/p>\n<p>En tabouisant le r\u00f4le des incitations financi\u00e8res, et en privil\u00e9giant un dirigisme r\u00e9glementaire qui aboutit tout au plus \u00e0 des manoeuvres de substitution, la politique s&rsquo;est montr\u00e9e jusqu&rsquo;ici incapable de rem\u00e9dier \u00e0 la \u00ab\u00a0trag\u00e9die des biens communs\u00a0\u00bb qui caract\u00e9rise le syst\u00e8me de prestations pr\u00e9pay\u00e9es de l&rsquo;assurance obligatoire des soins. Le r\u00e9gime actuel faillit ainsi \u00e0 ses objectifs. Un syst\u00e8me destin\u00e9 \u00e0 am\u00e9liorer le bien-\u00eatre de la population se meut en une spirale r\u00e9pressive pour les m\u00e9decins et les autres professions de la sant\u00e9, en un fardeau qui limite la marge de manoeuvre des m\u00e9nages et en une source d&rsquo;inefficience et de gaspillage \u00e0 grande \u00e9chelle.<\/p>\n<p>Les contributions d&rsquo;experts r\u00e9unies dans ce volume restaurent dans le d\u00e9bat la dimension la plus importante de l&rsquo;harmonie et de l&rsquo;\u00e9quilibre de tout syst\u00e8me\u00a0: la responsabilit\u00e9, sans laquelle la libert\u00e9 s&rsquo;\u00e9teint t\u00f4t ou tard. En refusant l&rsquo;id\u00e9ologie collectiviste et l&rsquo;hypocrisie du d\u00e9ni \u00e9conomique qui entourent le syst\u00e8me de sant\u00e9, et en offrant des perspectives ind\u00e9pendantes et pluralistes sur l&rsquo;un des enjeux majeurs du moment, cette publication clarifie de fa\u00e7on honn\u00eate et lucide les conditions d&rsquo;un syst\u00e8me \u00e0 la fois performant et abordable \u00e0 l&rsquo;avenir.<\/p>\n","protected":false},"excerpt":{"rendered":"<p>Le syst\u00e8me suisse de sant\u00e9 convainc par sa performance. La libert\u00e9 th\u00e9rapeutique, l&rsquo;acc\u00e8s aux soins, la libert\u00e9 de choix des patients et des consommateurs demeurent largement garantis. En revanche, la d\u00e9responsabilisation financi\u00e8re induite par la mutualisation excessive des d\u00e9penses et le subventionnement provoque depuis plus de vingt ans une surm\u00e9dicalisation de la soci\u00e9t\u00e9 et une [&hellip;]<\/p>\n","protected":false},"featured_media":15782,"template":"","meta":{"_acf_changed":false},"tag":[1357,1356,169],"product_brand":[],"product_cat":[1557],"product_tag":[],"class_list":{"0":"post-15463","1":"product","2":"type-product","3":"status-publish","4":"has-post-thumbnail","6":"tags-prix","7":"tags-rationnement","8":"tags-systeme-de-sante","9":"product_cat-livres","11":"first","12":"instock","13":"shipping-taxable","14":"purchasable","15":"product-type-variable"},"acf":[],"yoast_head":"<!-- This site is optimized with the Yoast SEO plugin v27.3 - https:\/\/yoast.com\/product\/yoast-seo-wordpress\/ -->\n<title>Syst\u00e8me de sant\u00e9: comment renouer avec la responsabilit\u00e9\u00a0? - Institut Lib\u00e9ral<\/title>\n<meta name=\"robots\" content=\"index, follow, max-snippet:-1, max-image-preview:large, max-video-preview:-1\" \/>\n<link rel=\"canonical\" href=\"https:\/\/www.libinst.ch\/fr\/product\/systeme-de-sante-comment-renouer-avec-la-responsabilite\/\" \/>\n<meta property=\"og:locale\" content=\"fr_FR\" \/>\n<meta property=\"og:type\" content=\"article\" \/>\n<meta property=\"og:title\" content=\"Syst\u00e8me de sant\u00e9: comment renouer avec la responsabilit\u00e9\u00a0? - Institut Lib\u00e9ral\" \/>\n<meta property=\"og:description\" content=\"Le syst\u00e8me suisse de sant\u00e9 convainc par sa performance. La libert\u00e9 th\u00e9rapeutique, l&rsquo;acc\u00e8s aux soins, la libert\u00e9 de choix des patients et des consommateurs demeurent largement garantis. En revanche, la d\u00e9responsabilisation financi\u00e8re induite par la mutualisation excessive des d\u00e9penses et le subventionnement provoque depuis plus de vingt ans une surm\u00e9dicalisation de la soci\u00e9t\u00e9 et une [&hellip;]\" \/>\n<meta property=\"og:url\" content=\"https:\/\/www.libinst.ch\/fr\/product\/systeme-de-sante-comment-renouer-avec-la-responsabilite\/\" \/>\n<meta property=\"og:site_name\" content=\"Institut Lib\u00e9ral\" \/>\n<meta property=\"article:modified_time\" content=\"2025-08-14T11:48:53+00:00\" \/>\n<meta property=\"og:image\" content=\"https:\/\/www.libinst.ch\/wp-content\/uploads\/2023\/07\/systeme.jpg\" \/>\n\t<meta property=\"og:image:width\" content=\"2000\" \/>\n\t<meta property=\"og:image:height\" content=\"2000\" \/>\n\t<meta property=\"og:image:type\" content=\"image\/jpeg\" \/>\n<meta name=\"twitter:card\" content=\"summary_large_image\" \/>\n<meta name=\"twitter:label1\" content=\"Dur\u00e9e de lecture estim\u00e9e\" \/>\n\t<meta name=\"twitter:data1\" content=\"2 minutes\" \/>\n<script type=\"application\/ld+json\" class=\"yoast-schema-graph\">{\"@context\":\"https:\\\/\\\/schema.org\",\"@graph\":[{\"@type\":\"WebPage\",\"@id\":\"https:\\\/\\\/www.libinst.ch\\\/fr\\\/product\\\/systeme-de-sante-comment-renouer-avec-la-responsabilite\\\/\",\"url\":\"https:\\\/\\\/www.libinst.ch\\\/fr\\\/product\\\/systeme-de-sante-comment-renouer-avec-la-responsabilite\\\/\",\"name\":\"Syst\u00e8me de sant\u00e9: comment renouer avec la responsabilit\u00e9\u00a0? - Institut Lib\u00e9ral\",\"isPartOf\":{\"@id\":\"\\\/#website\"},\"primaryImageOfPage\":{\"@id\":\"https:\\\/\\\/www.libinst.ch\\\/fr\\\/product\\\/systeme-de-sante-comment-renouer-avec-la-responsabilite\\\/#primaryimage\"},\"image\":{\"@id\":\"https:\\\/\\\/www.libinst.ch\\\/fr\\\/product\\\/systeme-de-sante-comment-renouer-avec-la-responsabilite\\\/#primaryimage\"},\"thumbnailUrl\":\"https:\\\/\\\/www.libinst.ch\\\/wp-content\\\/uploads\\\/2023\\\/07\\\/systeme.jpg\",\"datePublished\":\"2017-09-28T15:47:57+00:00\",\"dateModified\":\"2025-08-14T11:48:53+00:00\",\"breadcrumb\":{\"@id\":\"https:\\\/\\\/www.libinst.ch\\\/fr\\\/product\\\/systeme-de-sante-comment-renouer-avec-la-responsabilite\\\/#breadcrumb\"},\"inLanguage\":\"fr-FR\",\"potentialAction\":[{\"@type\":\"ReadAction\",\"target\":[\"https:\\\/\\\/www.libinst.ch\\\/fr\\\/product\\\/systeme-de-sante-comment-renouer-avec-la-responsabilite\\\/\"]}]},{\"@type\":\"ImageObject\",\"inLanguage\":\"fr-FR\",\"@id\":\"https:\\\/\\\/www.libinst.ch\\\/fr\\\/product\\\/systeme-de-sante-comment-renouer-avec-la-responsabilite\\\/#primaryimage\",\"url\":\"https:\\\/\\\/www.libinst.ch\\\/wp-content\\\/uploads\\\/2023\\\/07\\\/systeme.jpg\",\"contentUrl\":\"https:\\\/\\\/www.libinst.ch\\\/wp-content\\\/uploads\\\/2023\\\/07\\\/systeme.jpg\",\"width\":2000,\"height\":2000},{\"@type\":\"BreadcrumbList\",\"@id\":\"https:\\\/\\\/www.libinst.ch\\\/fr\\\/product\\\/systeme-de-sante-comment-renouer-avec-la-responsabilite\\\/#breadcrumb\",\"itemListElement\":[{\"@type\":\"ListItem\",\"position\":1,\"name\":\"Home\",\"item\":\"https:\\\/\\\/www.libinst.ch\\\/\"},{\"@type\":\"ListItem\",\"position\":2,\"name\":\"Syst\u00e8me de sant\u00e9: comment renouer avec la responsabilit\u00e9\u00a0?\"}]},{\"@type\":\"WebSite\",\"@id\":\"\\\/#website\",\"url\":\"\\\/\",\"name\":\"Institut Lib\u00e9ral\",\"description\":\"\",\"publisher\":{\"@id\":\"\\\/#organization\"},\"potentialAction\":[{\"@type\":\"SearchAction\",\"target\":{\"@type\":\"EntryPoint\",\"urlTemplate\":\"\\\/?s={search_term_string}\"},\"query-input\":{\"@type\":\"PropertyValueSpecification\",\"valueRequired\":true,\"valueName\":\"search_term_string\"}}],\"inLanguage\":\"fr-FR\"},{\"@type\":\"Organization\",\"@id\":\"\\\/#organization\",\"name\":\"Institut Lib\u00e9ral\",\"url\":\"\\\/\",\"logo\":{\"@type\":\"ImageObject\",\"inLanguage\":\"fr-FR\",\"@id\":\"\\\/#\\\/schema\\\/logo\\\/image\\\/\",\"url\":\"https:\\\/\\\/www.libinst.ch\\\/wp-content\\\/uploads\\\/2023\\\/08\\\/logo-institut-liberal.png\",\"contentUrl\":\"https:\\\/\\\/www.libinst.ch\\\/wp-content\\\/uploads\\\/2023\\\/08\\\/logo-institut-liberal.png\",\"width\":2935,\"height\":458,\"caption\":\"Institut Lib\u00e9ral\"},\"image\":{\"@id\":\"\\\/#\\\/schema\\\/logo\\\/image\\\/\"}}]}<\/script>\n<!-- \/ Yoast SEO plugin. -->","yoast_head_json":{"title":"Syst\u00e8me de sant\u00e9: comment renouer avec la responsabilit\u00e9\u00a0? - Institut Lib\u00e9ral","robots":{"index":"index","follow":"follow","max-snippet":"max-snippet:-1","max-image-preview":"max-image-preview:large","max-video-preview":"max-video-preview:-1"},"canonical":"https:\/\/www.libinst.ch\/fr\/product\/systeme-de-sante-comment-renouer-avec-la-responsabilite\/","og_locale":"fr_FR","og_type":"article","og_title":"Syst\u00e8me de sant\u00e9: comment renouer avec la responsabilit\u00e9\u00a0? - Institut Lib\u00e9ral","og_description":"Le syst\u00e8me suisse de sant\u00e9 convainc par sa performance. La libert\u00e9 th\u00e9rapeutique, l&rsquo;acc\u00e8s aux soins, la libert\u00e9 de choix des patients et des consommateurs demeurent largement garantis. En revanche, la d\u00e9responsabilisation financi\u00e8re induite par la mutualisation excessive des d\u00e9penses et le subventionnement provoque depuis plus de vingt ans une surm\u00e9dicalisation de la soci\u00e9t\u00e9 et une [&hellip;]","og_url":"https:\/\/www.libinst.ch\/fr\/product\/systeme-de-sante-comment-renouer-avec-la-responsabilite\/","og_site_name":"Institut Lib\u00e9ral","article_modified_time":"2025-08-14T11:48:53+00:00","og_image":[{"width":2000,"height":2000,"url":"https:\/\/www.libinst.ch\/wp-content\/uploads\/2023\/07\/systeme.jpg","type":"image\/jpeg"}],"twitter_card":"summary_large_image","twitter_misc":{"Dur\u00e9e de lecture estim\u00e9e":"2 minutes"},"schema":{"@context":"https:\/\/schema.org","@graph":[{"@type":"WebPage","@id":"https:\/\/www.libinst.ch\/fr\/product\/systeme-de-sante-comment-renouer-avec-la-responsabilite\/","url":"https:\/\/www.libinst.ch\/fr\/product\/systeme-de-sante-comment-renouer-avec-la-responsabilite\/","name":"Syst\u00e8me de sant\u00e9: comment renouer avec la responsabilit\u00e9\u00a0? - Institut Lib\u00e9ral","isPartOf":{"@id":"\/#website"},"primaryImageOfPage":{"@id":"https:\/\/www.libinst.ch\/fr\/product\/systeme-de-sante-comment-renouer-avec-la-responsabilite\/#primaryimage"},"image":{"@id":"https:\/\/www.libinst.ch\/fr\/product\/systeme-de-sante-comment-renouer-avec-la-responsabilite\/#primaryimage"},"thumbnailUrl":"https:\/\/www.libinst.ch\/wp-content\/uploads\/2023\/07\/systeme.jpg","datePublished":"2017-09-28T15:47:57+00:00","dateModified":"2025-08-14T11:48:53+00:00","breadcrumb":{"@id":"https:\/\/www.libinst.ch\/fr\/product\/systeme-de-sante-comment-renouer-avec-la-responsabilite\/#breadcrumb"},"inLanguage":"fr-FR","potentialAction":[{"@type":"ReadAction","target":["https:\/\/www.libinst.ch\/fr\/product\/systeme-de-sante-comment-renouer-avec-la-responsabilite\/"]}]},{"@type":"ImageObject","inLanguage":"fr-FR","@id":"https:\/\/www.libinst.ch\/fr\/product\/systeme-de-sante-comment-renouer-avec-la-responsabilite\/#primaryimage","url":"https:\/\/www.libinst.ch\/wp-content\/uploads\/2023\/07\/systeme.jpg","contentUrl":"https:\/\/www.libinst.ch\/wp-content\/uploads\/2023\/07\/systeme.jpg","width":2000,"height":2000},{"@type":"BreadcrumbList","@id":"https:\/\/www.libinst.ch\/fr\/product\/systeme-de-sante-comment-renouer-avec-la-responsabilite\/#breadcrumb","itemListElement":[{"@type":"ListItem","position":1,"name":"Home","item":"https:\/\/www.libinst.ch\/"},{"@type":"ListItem","position":2,"name":"Syst\u00e8me de sant\u00e9: comment renouer avec la responsabilit\u00e9\u00a0?"}]},{"@type":"WebSite","@id":"\/#website","url":"\/","name":"Institut Lib\u00e9ral","description":"","publisher":{"@id":"\/#organization"},"potentialAction":[{"@type":"SearchAction","target":{"@type":"EntryPoint","urlTemplate":"\/?s={search_term_string}"},"query-input":{"@type":"PropertyValueSpecification","valueRequired":true,"valueName":"search_term_string"}}],"inLanguage":"fr-FR"},{"@type":"Organization","@id":"\/#organization","name":"Institut Lib\u00e9ral","url":"\/","logo":{"@type":"ImageObject","inLanguage":"fr-FR","@id":"\/#\/schema\/logo\/image\/","url":"https:\/\/www.libinst.ch\/wp-content\/uploads\/2023\/08\/logo-institut-liberal.png","contentUrl":"https:\/\/www.libinst.ch\/wp-content\/uploads\/2023\/08\/logo-institut-liberal.png","width":2935,"height":458,"caption":"Institut Lib\u00e9ral"},"image":{"@id":"\/#\/schema\/logo\/image\/"}}]}},"_links":{"self":[{"href":"https:\/\/www.libinst.ch\/fr\/wp-json\/wp\/v2\/product\/15463","targetHints":{"allow":["GET"]}}],"collection":[{"href":"https:\/\/www.libinst.ch\/fr\/wp-json\/wp\/v2\/product"}],"about":[{"href":"https:\/\/www.libinst.ch\/fr\/wp-json\/wp\/v2\/types\/product"}],"wp:featuredmedia":[{"embeddable":true,"href":"https:\/\/www.libinst.ch\/fr\/wp-json\/wp\/v2\/media\/15782"}],"wp:attachment":[{"href":"https:\/\/www.libinst.ch\/fr\/wp-json\/wp\/v2\/media?parent=15463"}],"wp:term":[{"taxonomy":"tags","embeddable":true,"href":"https:\/\/www.libinst.ch\/fr\/wp-json\/wp\/v2\/tag?post=15463"},{"taxonomy":"product_brand","embeddable":true,"href":"https:\/\/www.libinst.ch\/fr\/wp-json\/wp\/v2\/product_brand?post=15463"},{"taxonomy":"product_cat","embeddable":true,"href":"https:\/\/www.libinst.ch\/fr\/wp-json\/wp\/v2\/product_cat?post=15463"},{"taxonomy":"product_tag","embeddable":true,"href":"https:\/\/www.libinst.ch\/fr\/wp-json\/wp\/v2\/product_tag?post=15463"}],"curies":[{"name":"wp","href":"https:\/\/api.w.org\/{rel}","templated":true}]}}