{"id":15464,"date":"2018-07-28T17:47:57","date_gmt":"2018-07-28T15:47:57","guid":{"rendered":"https:\/\/libinst.detail-digital.ch\/produkt\/liberal-en-tout-l-actualite-de-benjamin-constant\/"},"modified":"2023-08-22T16:34:31","modified_gmt":"2023-08-22T14:34:31","slug":"liberal-en-tout-l-actualite-de-benjamin-constant","status":"publish","type":"product","link":"https:\/\/www.libinst.ch\/fr\/product\/liberal-en-tout-l-actualite-de-benjamin-constant\/","title":{"rendered":"Lib\u00e9ral en tout &#8211; L&rsquo;actualit\u00e9 de Benjamin Constant"},"content":{"rendered":"<p>La pens\u00e9e de Benjamin Constant se distingue par son intemporalit\u00e9. Ce lib\u00e9ral en tout, n\u00e9 \u00e0 Lausanne en 1767, est l&rsquo;un des th\u00e9oriciens et des praticiens les plus profonds de la philosophie lib\u00e9rale. Il fut l&rsquo;un des membres illustres du groupe de Coppet, autour de Madame de Sta\u00ebl, d\u00e9volu \u00e0 l&rsquo;\u00e9tude et au d\u00e9veloppement intellectuel de la libert\u00e9 sous tous ses aspects. Dans la concurrence des id\u00e9es qui caract\u00e9rise l&rsquo;Occident, ses principes demeurent \u00e0 bien des \u00e9gards in\u00e9gal\u00e9s jusqu&rsquo;\u00e0 ce jour. Il fait notamment figure de pr\u00e9curseur de l&rsquo;\u00e9cole (nobelis\u00e9e) des choix publics.<\/p>\n<p>D&rsquo;o\u00f9 l&rsquo;int\u00e9r\u00eat de s&rsquo;y replonger \u00e0 une \u00e9poque d&rsquo;incertitudes sur l&rsquo;avenir des d\u00e9mocraties lib\u00e9rales, que l&rsquo;\u00e9tatisme et le collectivisme ont tendanciellement \u00e9loign\u00e9es de leurs vertus. La primaut\u00e9 du droit sur l&rsquo;arbitraire, le respect des libert\u00e9s des individus face aux majorit\u00e9s \u00e9lectorales, la garantie de la propri\u00e9t\u00e9 envers l&rsquo;exc\u00e8s fiscal et r\u00e9glementaire, le r\u00f4le des constitutions, les questions religieuses, les conceptions m\u00eame de libert\u00e9, d&rsquo;individualit\u00e9 et de perfectibilit\u00e9 au vingt-et-uni\u00e8me si\u00e8cle trouvent des points de d\u00e9part ou des r\u00e9ponses dans la r\u00e9flexion constantienne.<\/p>\n<p>Pour Constant, l&rsquo;\u00c9tat doit s&rsquo;articuler autour d&rsquo;une seule t\u00e2che\u00a0: celle de pr\u00e9server la libert\u00e9 individuelle. Et celle-ci ne se divise pas \u00e0 l&rsquo;envi. La libert\u00e9 de conscience et la libert\u00e9 de pens\u00e9e sont indissociables de la libert\u00e9 \u00e9conomique, de la libert\u00e9 \u00e9ducative ou encore de la libert\u00e9 d&rsquo;opinion et d&rsquo;expression. Benjamin Constant anticipe et analyse ainsi de nombreux d\u00e9fis auxquels sont confront\u00e9es les soci\u00e9t\u00e9s contemporaines.<\/p>\n<p>Ce volume, qui r\u00e9unit les contributions th\u00e9matiques de certains des meilleurs experts de Constant et du lib\u00e9ralisme, offre une perspective appliqu\u00e9e et actuelle sur la philosophie politique \u00e0 l&rsquo;origine de l&rsquo;harmonie et de la prosp\u00e9rit\u00e9 de nos r\u00e9gions.<\/p>\n","protected":false},"excerpt":{"rendered":"<p>La pens\u00e9e de Benjamin Constant se distingue par son intemporalit\u00e9. Ce lib\u00e9ral en tout, n\u00e9 \u00e0 Lausanne en 1767, est l&rsquo;un des th\u00e9oriciens et des praticiens les plus profonds de la philosophie lib\u00e9rale. Il fut l&rsquo;un des membres illustres du groupe de Coppet, autour de Madame de Sta\u00ebl, d\u00e9volu \u00e0 l&rsquo;\u00e9tude et au d\u00e9veloppement intellectuel [&hellip;]<\/p>\n","protected":false},"featured_media":15778,"template":"","meta":{"_acf_changed":false},"tag":[602,186,592,187],"product_brand":[],"product_cat":[1557],"product_tag":[],"class_list":{"0":"post-15464","1":"product","2":"type-product","3":"status-publish","4":"has-post-thumbnail","6":"tags-benjamin-constant","7":"tags-diversite-politique","8":"tags-liberte","9":"tags-penseurs-et-classiques-liberaux","10":"product_cat-livres","12":"first","13":"instock","14":"shipping-taxable","15":"purchasable","16":"product-type-variable"},"acf":[],"yoast_head":"<!-- This site is optimized with the Yoast SEO plugin v27.3 - https:\/\/yoast.com\/product\/yoast-seo-wordpress\/ -->\n<title>Lib\u00e9ral en tout - L&#039;actualit\u00e9 de Benjamin Constant - Institut Lib\u00e9ral<\/title>\n<meta name=\"robots\" content=\"index, follow, max-snippet:-1, max-image-preview:large, max-video-preview:-1\" \/>\n<link rel=\"canonical\" href=\"https:\/\/www.libinst.ch\/fr\/product\/liberal-en-tout-l-actualite-de-benjamin-constant\/\" \/>\n<meta property=\"og:locale\" content=\"fr_FR\" \/>\n<meta property=\"og:type\" content=\"article\" \/>\n<meta property=\"og:title\" content=\"Lib\u00e9ral en tout - L&#039;actualit\u00e9 de Benjamin Constant - Institut Lib\u00e9ral\" \/>\n<meta property=\"og:description\" content=\"La pens\u00e9e de Benjamin Constant se distingue par son intemporalit\u00e9. Ce lib\u00e9ral en tout, n\u00e9 \u00e0 Lausanne en 1767, est l&rsquo;un des th\u00e9oriciens et des praticiens les plus profonds de la philosophie lib\u00e9rale. Il fut l&rsquo;un des membres illustres du groupe de Coppet, autour de Madame de Sta\u00ebl, d\u00e9volu \u00e0 l&rsquo;\u00e9tude et au d\u00e9veloppement intellectuel [&hellip;]\" \/>\n<meta property=\"og:url\" content=\"https:\/\/www.libinst.ch\/fr\/product\/liberal-en-tout-l-actualite-de-benjamin-constant\/\" \/>\n<meta property=\"og:site_name\" content=\"Institut Lib\u00e9ral\" \/>\n<meta property=\"article:modified_time\" content=\"2023-08-22T14:34:31+00:00\" \/>\n<meta property=\"og:image\" content=\"https:\/\/www.libinst.ch\/wp-content\/uploads\/2023\/07\/Liberal.jpg\" \/>\n\t<meta property=\"og:image:width\" content=\"2000\" \/>\n\t<meta property=\"og:image:height\" content=\"2000\" \/>\n\t<meta property=\"og:image:type\" content=\"image\/jpeg\" \/>\n<meta name=\"twitter:card\" content=\"summary_large_image\" \/>\n<meta name=\"twitter:label1\" content=\"Dur\u00e9e de lecture estim\u00e9e\" \/>\n\t<meta name=\"twitter:data1\" content=\"2 minutes\" \/>\n<script type=\"application\/ld+json\" class=\"yoast-schema-graph\">{\"@context\":\"https:\\\/\\\/schema.org\",\"@graph\":[{\"@type\":\"WebPage\",\"@id\":\"https:\\\/\\\/www.libinst.ch\\\/fr\\\/product\\\/liberal-en-tout-l-actualite-de-benjamin-constant\\\/\",\"url\":\"https:\\\/\\\/www.libinst.ch\\\/fr\\\/product\\\/liberal-en-tout-l-actualite-de-benjamin-constant\\\/\",\"name\":\"Lib\u00e9ral en tout - L'actualit\u00e9 de Benjamin Constant - Institut Lib\u00e9ral\",\"isPartOf\":{\"@id\":\"\\\/#website\"},\"primaryImageOfPage\":{\"@id\":\"https:\\\/\\\/www.libinst.ch\\\/fr\\\/product\\\/liberal-en-tout-l-actualite-de-benjamin-constant\\\/#primaryimage\"},\"image\":{\"@id\":\"https:\\\/\\\/www.libinst.ch\\\/fr\\\/product\\\/liberal-en-tout-l-actualite-de-benjamin-constant\\\/#primaryimage\"},\"thumbnailUrl\":\"https:\\\/\\\/www.libinst.ch\\\/wp-content\\\/uploads\\\/2023\\\/07\\\/Liberal.jpg\",\"datePublished\":\"2018-07-28T15:47:57+00:00\",\"dateModified\":\"2023-08-22T14:34:31+00:00\",\"breadcrumb\":{\"@id\":\"https:\\\/\\\/www.libinst.ch\\\/fr\\\/product\\\/liberal-en-tout-l-actualite-de-benjamin-constant\\\/#breadcrumb\"},\"inLanguage\":\"fr-FR\",\"potentialAction\":[{\"@type\":\"ReadAction\",\"target\":[\"https:\\\/\\\/www.libinst.ch\\\/fr\\\/product\\\/liberal-en-tout-l-actualite-de-benjamin-constant\\\/\"]}]},{\"@type\":\"ImageObject\",\"inLanguage\":\"fr-FR\",\"@id\":\"https:\\\/\\\/www.libinst.ch\\\/fr\\\/product\\\/liberal-en-tout-l-actualite-de-benjamin-constant\\\/#primaryimage\",\"url\":\"https:\\\/\\\/www.libinst.ch\\\/wp-content\\\/uploads\\\/2023\\\/07\\\/Liberal.jpg\",\"contentUrl\":\"https:\\\/\\\/www.libinst.ch\\\/wp-content\\\/uploads\\\/2023\\\/07\\\/Liberal.jpg\",\"width\":2000,\"height\":2000},{\"@type\":\"BreadcrumbList\",\"@id\":\"https:\\\/\\\/www.libinst.ch\\\/fr\\\/product\\\/liberal-en-tout-l-actualite-de-benjamin-constant\\\/#breadcrumb\",\"itemListElement\":[{\"@type\":\"ListItem\",\"position\":1,\"name\":\"Home\",\"item\":\"https:\\\/\\\/www.libinst.ch\\\/\"},{\"@type\":\"ListItem\",\"position\":2,\"name\":\"Lib\u00e9ral en tout &#8211; L&#8217;actualit\u00e9 de Benjamin Constant\"}]},{\"@type\":\"WebSite\",\"@id\":\"\\\/#website\",\"url\":\"\\\/\",\"name\":\"Institut Lib\u00e9ral\",\"description\":\"\",\"publisher\":{\"@id\":\"\\\/#organization\"},\"potentialAction\":[{\"@type\":\"SearchAction\",\"target\":{\"@type\":\"EntryPoint\",\"urlTemplate\":\"\\\/?s={search_term_string}\"},\"query-input\":{\"@type\":\"PropertyValueSpecification\",\"valueRequired\":true,\"valueName\":\"search_term_string\"}}],\"inLanguage\":\"fr-FR\"},{\"@type\":\"Organization\",\"@id\":\"\\\/#organization\",\"name\":\"Institut Lib\u00e9ral\",\"url\":\"\\\/\",\"logo\":{\"@type\":\"ImageObject\",\"inLanguage\":\"fr-FR\",\"@id\":\"\\\/#\\\/schema\\\/logo\\\/image\\\/\",\"url\":\"https:\\\/\\\/www.libinst.ch\\\/wp-content\\\/uploads\\\/2023\\\/08\\\/logo-institut-liberal.png\",\"contentUrl\":\"https:\\\/\\\/www.libinst.ch\\\/wp-content\\\/uploads\\\/2023\\\/08\\\/logo-institut-liberal.png\",\"width\":2935,\"height\":458,\"caption\":\"Institut Lib\u00e9ral\"},\"image\":{\"@id\":\"\\\/#\\\/schema\\\/logo\\\/image\\\/\"}}]}<\/script>\n<!-- \/ Yoast SEO plugin. -->","yoast_head_json":{"title":"Lib\u00e9ral en tout - L'actualit\u00e9 de Benjamin Constant - Institut Lib\u00e9ral","robots":{"index":"index","follow":"follow","max-snippet":"max-snippet:-1","max-image-preview":"max-image-preview:large","max-video-preview":"max-video-preview:-1"},"canonical":"https:\/\/www.libinst.ch\/fr\/product\/liberal-en-tout-l-actualite-de-benjamin-constant\/","og_locale":"fr_FR","og_type":"article","og_title":"Lib\u00e9ral en tout - L'actualit\u00e9 de Benjamin Constant - Institut Lib\u00e9ral","og_description":"La pens\u00e9e de Benjamin Constant se distingue par son intemporalit\u00e9. Ce lib\u00e9ral en tout, n\u00e9 \u00e0 Lausanne en 1767, est l&rsquo;un des th\u00e9oriciens et des praticiens les plus profonds de la philosophie lib\u00e9rale. Il fut l&rsquo;un des membres illustres du groupe de Coppet, autour de Madame de Sta\u00ebl, d\u00e9volu \u00e0 l&rsquo;\u00e9tude et au d\u00e9veloppement intellectuel [&hellip;]","og_url":"https:\/\/www.libinst.ch\/fr\/product\/liberal-en-tout-l-actualite-de-benjamin-constant\/","og_site_name":"Institut Lib\u00e9ral","article_modified_time":"2023-08-22T14:34:31+00:00","og_image":[{"width":2000,"height":2000,"url":"https:\/\/www.libinst.ch\/wp-content\/uploads\/2023\/07\/Liberal.jpg","type":"image\/jpeg"}],"twitter_card":"summary_large_image","twitter_misc":{"Dur\u00e9e de lecture estim\u00e9e":"2 minutes"},"schema":{"@context":"https:\/\/schema.org","@graph":[{"@type":"WebPage","@id":"https:\/\/www.libinst.ch\/fr\/product\/liberal-en-tout-l-actualite-de-benjamin-constant\/","url":"https:\/\/www.libinst.ch\/fr\/product\/liberal-en-tout-l-actualite-de-benjamin-constant\/","name":"Lib\u00e9ral en tout - L'actualit\u00e9 de Benjamin Constant - Institut Lib\u00e9ral","isPartOf":{"@id":"\/#website"},"primaryImageOfPage":{"@id":"https:\/\/www.libinst.ch\/fr\/product\/liberal-en-tout-l-actualite-de-benjamin-constant\/#primaryimage"},"image":{"@id":"https:\/\/www.libinst.ch\/fr\/product\/liberal-en-tout-l-actualite-de-benjamin-constant\/#primaryimage"},"thumbnailUrl":"https:\/\/www.libinst.ch\/wp-content\/uploads\/2023\/07\/Liberal.jpg","datePublished":"2018-07-28T15:47:57+00:00","dateModified":"2023-08-22T14:34:31+00:00","breadcrumb":{"@id":"https:\/\/www.libinst.ch\/fr\/product\/liberal-en-tout-l-actualite-de-benjamin-constant\/#breadcrumb"},"inLanguage":"fr-FR","potentialAction":[{"@type":"ReadAction","target":["https:\/\/www.libinst.ch\/fr\/product\/liberal-en-tout-l-actualite-de-benjamin-constant\/"]}]},{"@type":"ImageObject","inLanguage":"fr-FR","@id":"https:\/\/www.libinst.ch\/fr\/product\/liberal-en-tout-l-actualite-de-benjamin-constant\/#primaryimage","url":"https:\/\/www.libinst.ch\/wp-content\/uploads\/2023\/07\/Liberal.jpg","contentUrl":"https:\/\/www.libinst.ch\/wp-content\/uploads\/2023\/07\/Liberal.jpg","width":2000,"height":2000},{"@type":"BreadcrumbList","@id":"https:\/\/www.libinst.ch\/fr\/product\/liberal-en-tout-l-actualite-de-benjamin-constant\/#breadcrumb","itemListElement":[{"@type":"ListItem","position":1,"name":"Home","item":"https:\/\/www.libinst.ch\/"},{"@type":"ListItem","position":2,"name":"Lib\u00e9ral en tout &#8211; L&#8217;actualit\u00e9 de Benjamin Constant"}]},{"@type":"WebSite","@id":"\/#website","url":"\/","name":"Institut Lib\u00e9ral","description":"","publisher":{"@id":"\/#organization"},"potentialAction":[{"@type":"SearchAction","target":{"@type":"EntryPoint","urlTemplate":"\/?s={search_term_string}"},"query-input":{"@type":"PropertyValueSpecification","valueRequired":true,"valueName":"search_term_string"}}],"inLanguage":"fr-FR"},{"@type":"Organization","@id":"\/#organization","name":"Institut Lib\u00e9ral","url":"\/","logo":{"@type":"ImageObject","inLanguage":"fr-FR","@id":"\/#\/schema\/logo\/image\/","url":"https:\/\/www.libinst.ch\/wp-content\/uploads\/2023\/08\/logo-institut-liberal.png","contentUrl":"https:\/\/www.libinst.ch\/wp-content\/uploads\/2023\/08\/logo-institut-liberal.png","width":2935,"height":458,"caption":"Institut Lib\u00e9ral"},"image":{"@id":"\/#\/schema\/logo\/image\/"}}]}},"_links":{"self":[{"href":"https:\/\/www.libinst.ch\/fr\/wp-json\/wp\/v2\/product\/15464","targetHints":{"allow":["GET"]}}],"collection":[{"href":"https:\/\/www.libinst.ch\/fr\/wp-json\/wp\/v2\/product"}],"about":[{"href":"https:\/\/www.libinst.ch\/fr\/wp-json\/wp\/v2\/types\/product"}],"wp:featuredmedia":[{"embeddable":true,"href":"https:\/\/www.libinst.ch\/fr\/wp-json\/wp\/v2\/media\/15778"}],"wp:attachment":[{"href":"https:\/\/www.libinst.ch\/fr\/wp-json\/wp\/v2\/media?parent=15464"}],"wp:term":[{"taxonomy":"tags","embeddable":true,"href":"https:\/\/www.libinst.ch\/fr\/wp-json\/wp\/v2\/tag?post=15464"},{"taxonomy":"product_brand","embeddable":true,"href":"https:\/\/www.libinst.ch\/fr\/wp-json\/wp\/v2\/product_brand?post=15464"},{"taxonomy":"product_cat","embeddable":true,"href":"https:\/\/www.libinst.ch\/fr\/wp-json\/wp\/v2\/product_cat?post=15464"},{"taxonomy":"product_tag","embeddable":true,"href":"https:\/\/www.libinst.ch\/fr\/wp-json\/wp\/v2\/product_tag?post=15464"}],"curies":[{"name":"wp","href":"https:\/\/api.w.org\/{rel}","templated":true}]}}