{"id":15467,"date":"2021-09-28T17:47:59","date_gmt":"2021-09-28T15:47:59","guid":{"rendered":"https:\/\/libinst.detail-digital.ch\/produkt\/les-defis-de-l-apres-covid\/"},"modified":"2025-08-14T13:49:26","modified_gmt":"2025-08-14T11:49:26","slug":"les-defis-de-l-apres-covid","status":"publish","type":"product","link":"https:\/\/www.libinst.ch\/fr\/product\/les-defis-de-l-apres-covid\/","title":{"rendered":"Les d\u00e9fis de l&rsquo;apr\u00e8s-Covid"},"content":{"rendered":"<div id=\"collapsible\" class=\"elementor-element elementor-element-0699c79 elementor-widget elementor-widget-woocommerce-product-content\" data-id=\"0699c79\" data-element_type=\"widget\" data-widget_type=\"woocommerce-product-content.default\">\n<div class=\"elementor-widget-container\">\n<p><em>Le stock de la version papier est \u00e9puis\u00e9. Le livre reste disponible en version \u00e9lectronique (e-book).<\/em><\/p>\n<\/div>\n<\/div>\n<p>Nos libert\u00e9s sont fragiles. Durant la crise sanitaire, nous avons pu observer \u00e0 quel point le monde peut changer rapidement et chambouler nos vies. Presque du jour au lendemain, des libert\u00e9s essentielles, comme celles de circuler ou de commercer ont \u00e9t\u00e9 remises en cause partout dans le monde, sans grande r\u00e9sistance.<\/p>\n<p>Apr\u00e8s des mois de crise, de nombreuses questions restent en suspens. Quelles libert\u00e9s faut-il laisser aux citoyens lors d&rsquo;une crise de ce type\u00a0? L&rsquo;\u00c9tat est-il capable de g\u00e9rer une pand\u00e9mie\u00a0? Il s&rsquo;agit d\u00e9sormais d&rsquo;y r\u00e9pondre et de pr\u00e9parer l&rsquo;apr\u00e8s-crise.<\/p>\n<p>Parce qu&rsquo;il est essentiel de comprendre ce qui nous arrive avant de pr\u00e9parer le futur, les auteurs commencent par une analyse factuelle de la crise. Notamment en prenant le recul historique n\u00e9cessaire pour saisir parfaitement la nature de la pand\u00e9mie de Covid-19. Ils s&rsquo;int\u00e9ressent ensuite aux diff\u00e9rents d\u00e9fis \u2014 politiques, \u00e9conomiques et soci\u00e9taux \u2014 auxquels la libert\u00e9 fait face \u00e0 la suite de cette p\u00e9riode sp\u00e9ciale, et proposent des pistes pour que le \u00abmonde d&rsquo;apr\u00e8s\u00bb soit un monde de libert\u00e9s.<\/p>\n<p>Avec des contributions de Stephen Davies, Vincent Geloso, Ilia Murtazashvili, Philipp Bagus, Jos\u00e9 Antonio Pe\u00f1a Ramos, Antonio S\u00e1nchez Bay\u00f3n, Ferghane Azihari, Michael Esfeld, Richard Ebeling, Jean-Marc Daniel, Pascal Salin et Beat Kappeler.<\/p>\n<p><em>Le stock de la version papier est \u00e9puis\u00e9. Le livre reste disponible en version \u00e9lectronique (e-book).<\/em><\/p>\n","protected":false},"excerpt":{"rendered":"<p>Le stock de la version papier est \u00e9puis\u00e9. Le livre reste disponible en version \u00e9lectronique (e-book). Nos libert\u00e9s sont fragiles. Durant la crise sanitaire, nous avons pu observer \u00e0 quel point le monde peut changer rapidement et chambouler nos vies. Presque du jour au lendemain, des libert\u00e9s essentielles, comme celles de circuler ou de commercer [&hellip;]<\/p>\n","protected":false},"featured_media":15773,"template":"","meta":{"_acf_changed":false},"tag":[183,186,182,173,181,184],"product_brand":[],"product_cat":[1557],"product_tag":[],"class_list":{"0":"post-15467","1":"product","2":"type-product","3":"status-publish","4":"has-post-thumbnail","6":"tags-autonomie-privee","7":"tags-diversite-politique","8":"tags-liberte-economique-et-croissance","9":"tags-medias","10":"tags-regulation","11":"tags-sphere-privee","12":"product_cat-livres","14":"first","15":"instock","16":"shipping-taxable","17":"purchasable","18":"product-type-variable"},"acf":[],"yoast_head":"<!-- This site is optimized with the Yoast SEO plugin v27.3 - https:\/\/yoast.com\/product\/yoast-seo-wordpress\/ -->\n<title>Les d\u00e9fis de l&#039;apr\u00e8s-Covid - Institut Lib\u00e9ral<\/title>\n<meta name=\"robots\" content=\"index, follow, max-snippet:-1, max-image-preview:large, max-video-preview:-1\" \/>\n<link rel=\"canonical\" href=\"https:\/\/www.libinst.ch\/fr\/product\/les-defis-de-l-apres-covid\/\" \/>\n<meta property=\"og:locale\" content=\"fr_FR\" \/>\n<meta property=\"og:type\" content=\"article\" \/>\n<meta property=\"og:title\" content=\"Les d\u00e9fis de l&#039;apr\u00e8s-Covid - Institut Lib\u00e9ral\" \/>\n<meta property=\"og:description\" content=\"Le stock de la version papier est \u00e9puis\u00e9. Le livre reste disponible en version \u00e9lectronique (e-book). Nos libert\u00e9s sont fragiles. Durant la crise sanitaire, nous avons pu observer \u00e0 quel point le monde peut changer rapidement et chambouler nos vies. Presque du jour au lendemain, des libert\u00e9s essentielles, comme celles de circuler ou de commercer [&hellip;]\" \/>\n<meta property=\"og:url\" content=\"https:\/\/www.libinst.ch\/fr\/product\/les-defis-de-l-apres-covid\/\" \/>\n<meta property=\"og:site_name\" content=\"Institut Lib\u00e9ral\" \/>\n<meta property=\"article:modified_time\" content=\"2025-08-14T11:49:26+00:00\" \/>\n<meta property=\"og:image\" content=\"https:\/\/www.libinst.ch\/wp-content\/uploads\/2023\/07\/Les.jpg\" \/>\n\t<meta property=\"og:image:width\" content=\"2000\" \/>\n\t<meta property=\"og:image:height\" content=\"2000\" \/>\n\t<meta property=\"og:image:type\" content=\"image\/jpeg\" \/>\n<meta name=\"twitter:card\" content=\"summary_large_image\" \/>\n<meta name=\"twitter:label1\" content=\"Dur\u00e9e de lecture estim\u00e9e\" \/>\n\t<meta name=\"twitter:data1\" content=\"2 minutes\" \/>\n<script type=\"application\/ld+json\" class=\"yoast-schema-graph\">{\"@context\":\"https:\\\/\\\/schema.org\",\"@graph\":[{\"@type\":\"WebPage\",\"@id\":\"https:\\\/\\\/www.libinst.ch\\\/fr\\\/product\\\/les-defis-de-l-apres-covid\\\/\",\"url\":\"https:\\\/\\\/www.libinst.ch\\\/fr\\\/product\\\/les-defis-de-l-apres-covid\\\/\",\"name\":\"Les d\u00e9fis de l'apr\u00e8s-Covid - Institut Lib\u00e9ral\",\"isPartOf\":{\"@id\":\"\\\/#website\"},\"primaryImageOfPage\":{\"@id\":\"https:\\\/\\\/www.libinst.ch\\\/fr\\\/product\\\/les-defis-de-l-apres-covid\\\/#primaryimage\"},\"image\":{\"@id\":\"https:\\\/\\\/www.libinst.ch\\\/fr\\\/product\\\/les-defis-de-l-apres-covid\\\/#primaryimage\"},\"thumbnailUrl\":\"https:\\\/\\\/www.libinst.ch\\\/wp-content\\\/uploads\\\/2023\\\/07\\\/Les.jpg\",\"datePublished\":\"2021-09-28T15:47:59+00:00\",\"dateModified\":\"2025-08-14T11:49:26+00:00\",\"breadcrumb\":{\"@id\":\"https:\\\/\\\/www.libinst.ch\\\/fr\\\/product\\\/les-defis-de-l-apres-covid\\\/#breadcrumb\"},\"inLanguage\":\"fr-FR\",\"potentialAction\":[{\"@type\":\"ReadAction\",\"target\":[\"https:\\\/\\\/www.libinst.ch\\\/fr\\\/product\\\/les-defis-de-l-apres-covid\\\/\"]}]},{\"@type\":\"ImageObject\",\"inLanguage\":\"fr-FR\",\"@id\":\"https:\\\/\\\/www.libinst.ch\\\/fr\\\/product\\\/les-defis-de-l-apres-covid\\\/#primaryimage\",\"url\":\"https:\\\/\\\/www.libinst.ch\\\/wp-content\\\/uploads\\\/2023\\\/07\\\/Les.jpg\",\"contentUrl\":\"https:\\\/\\\/www.libinst.ch\\\/wp-content\\\/uploads\\\/2023\\\/07\\\/Les.jpg\",\"width\":2000,\"height\":2000},{\"@type\":\"BreadcrumbList\",\"@id\":\"https:\\\/\\\/www.libinst.ch\\\/fr\\\/product\\\/les-defis-de-l-apres-covid\\\/#breadcrumb\",\"itemListElement\":[{\"@type\":\"ListItem\",\"position\":1,\"name\":\"Home\",\"item\":\"https:\\\/\\\/www.libinst.ch\\\/\"},{\"@type\":\"ListItem\",\"position\":2,\"name\":\"Les d\u00e9fis de l&#8217;apr\u00e8s-Covid\"}]},{\"@type\":\"WebSite\",\"@id\":\"\\\/#website\",\"url\":\"\\\/\",\"name\":\"Institut Lib\u00e9ral\",\"description\":\"\",\"publisher\":{\"@id\":\"\\\/#organization\"},\"potentialAction\":[{\"@type\":\"SearchAction\",\"target\":{\"@type\":\"EntryPoint\",\"urlTemplate\":\"\\\/?s={search_term_string}\"},\"query-input\":{\"@type\":\"PropertyValueSpecification\",\"valueRequired\":true,\"valueName\":\"search_term_string\"}}],\"inLanguage\":\"fr-FR\"},{\"@type\":\"Organization\",\"@id\":\"\\\/#organization\",\"name\":\"Institut Lib\u00e9ral\",\"url\":\"\\\/\",\"logo\":{\"@type\":\"ImageObject\",\"inLanguage\":\"fr-FR\",\"@id\":\"\\\/#\\\/schema\\\/logo\\\/image\\\/\",\"url\":\"https:\\\/\\\/www.libinst.ch\\\/wp-content\\\/uploads\\\/2023\\\/08\\\/logo-institut-liberal.png\",\"contentUrl\":\"https:\\\/\\\/www.libinst.ch\\\/wp-content\\\/uploads\\\/2023\\\/08\\\/logo-institut-liberal.png\",\"width\":2935,\"height\":458,\"caption\":\"Institut Lib\u00e9ral\"},\"image\":{\"@id\":\"\\\/#\\\/schema\\\/logo\\\/image\\\/\"}}]}<\/script>\n<!-- \/ Yoast SEO plugin. -->","yoast_head_json":{"title":"Les d\u00e9fis de l'apr\u00e8s-Covid - Institut Lib\u00e9ral","robots":{"index":"index","follow":"follow","max-snippet":"max-snippet:-1","max-image-preview":"max-image-preview:large","max-video-preview":"max-video-preview:-1"},"canonical":"https:\/\/www.libinst.ch\/fr\/product\/les-defis-de-l-apres-covid\/","og_locale":"fr_FR","og_type":"article","og_title":"Les d\u00e9fis de l'apr\u00e8s-Covid - Institut Lib\u00e9ral","og_description":"Le stock de la version papier est \u00e9puis\u00e9. Le livre reste disponible en version \u00e9lectronique (e-book). Nos libert\u00e9s sont fragiles. Durant la crise sanitaire, nous avons pu observer \u00e0 quel point le monde peut changer rapidement et chambouler nos vies. Presque du jour au lendemain, des libert\u00e9s essentielles, comme celles de circuler ou de commercer [&hellip;]","og_url":"https:\/\/www.libinst.ch\/fr\/product\/les-defis-de-l-apres-covid\/","og_site_name":"Institut Lib\u00e9ral","article_modified_time":"2025-08-14T11:49:26+00:00","og_image":[{"width":2000,"height":2000,"url":"https:\/\/www.libinst.ch\/wp-content\/uploads\/2023\/07\/Les.jpg","type":"image\/jpeg"}],"twitter_card":"summary_large_image","twitter_misc":{"Dur\u00e9e de lecture estim\u00e9e":"2 minutes"},"schema":{"@context":"https:\/\/schema.org","@graph":[{"@type":"WebPage","@id":"https:\/\/www.libinst.ch\/fr\/product\/les-defis-de-l-apres-covid\/","url":"https:\/\/www.libinst.ch\/fr\/product\/les-defis-de-l-apres-covid\/","name":"Les d\u00e9fis de l'apr\u00e8s-Covid - Institut Lib\u00e9ral","isPartOf":{"@id":"\/#website"},"primaryImageOfPage":{"@id":"https:\/\/www.libinst.ch\/fr\/product\/les-defis-de-l-apres-covid\/#primaryimage"},"image":{"@id":"https:\/\/www.libinst.ch\/fr\/product\/les-defis-de-l-apres-covid\/#primaryimage"},"thumbnailUrl":"https:\/\/www.libinst.ch\/wp-content\/uploads\/2023\/07\/Les.jpg","datePublished":"2021-09-28T15:47:59+00:00","dateModified":"2025-08-14T11:49:26+00:00","breadcrumb":{"@id":"https:\/\/www.libinst.ch\/fr\/product\/les-defis-de-l-apres-covid\/#breadcrumb"},"inLanguage":"fr-FR","potentialAction":[{"@type":"ReadAction","target":["https:\/\/www.libinst.ch\/fr\/product\/les-defis-de-l-apres-covid\/"]}]},{"@type":"ImageObject","inLanguage":"fr-FR","@id":"https:\/\/www.libinst.ch\/fr\/product\/les-defis-de-l-apres-covid\/#primaryimage","url":"https:\/\/www.libinst.ch\/wp-content\/uploads\/2023\/07\/Les.jpg","contentUrl":"https:\/\/www.libinst.ch\/wp-content\/uploads\/2023\/07\/Les.jpg","width":2000,"height":2000},{"@type":"BreadcrumbList","@id":"https:\/\/www.libinst.ch\/fr\/product\/les-defis-de-l-apres-covid\/#breadcrumb","itemListElement":[{"@type":"ListItem","position":1,"name":"Home","item":"https:\/\/www.libinst.ch\/"},{"@type":"ListItem","position":2,"name":"Les d\u00e9fis de l&#8217;apr\u00e8s-Covid"}]},{"@type":"WebSite","@id":"\/#website","url":"\/","name":"Institut Lib\u00e9ral","description":"","publisher":{"@id":"\/#organization"},"potentialAction":[{"@type":"SearchAction","target":{"@type":"EntryPoint","urlTemplate":"\/?s={search_term_string}"},"query-input":{"@type":"PropertyValueSpecification","valueRequired":true,"valueName":"search_term_string"}}],"inLanguage":"fr-FR"},{"@type":"Organization","@id":"\/#organization","name":"Institut Lib\u00e9ral","url":"\/","logo":{"@type":"ImageObject","inLanguage":"fr-FR","@id":"\/#\/schema\/logo\/image\/","url":"https:\/\/www.libinst.ch\/wp-content\/uploads\/2023\/08\/logo-institut-liberal.png","contentUrl":"https:\/\/www.libinst.ch\/wp-content\/uploads\/2023\/08\/logo-institut-liberal.png","width":2935,"height":458,"caption":"Institut Lib\u00e9ral"},"image":{"@id":"\/#\/schema\/logo\/image\/"}}]}},"_links":{"self":[{"href":"https:\/\/www.libinst.ch\/fr\/wp-json\/wp\/v2\/product\/15467","targetHints":{"allow":["GET"]}}],"collection":[{"href":"https:\/\/www.libinst.ch\/fr\/wp-json\/wp\/v2\/product"}],"about":[{"href":"https:\/\/www.libinst.ch\/fr\/wp-json\/wp\/v2\/types\/product"}],"wp:featuredmedia":[{"embeddable":true,"href":"https:\/\/www.libinst.ch\/fr\/wp-json\/wp\/v2\/media\/15773"}],"wp:attachment":[{"href":"https:\/\/www.libinst.ch\/fr\/wp-json\/wp\/v2\/media?parent=15467"}],"wp:term":[{"taxonomy":"tags","embeddable":true,"href":"https:\/\/www.libinst.ch\/fr\/wp-json\/wp\/v2\/tag?post=15467"},{"taxonomy":"product_brand","embeddable":true,"href":"https:\/\/www.libinst.ch\/fr\/wp-json\/wp\/v2\/product_brand?post=15467"},{"taxonomy":"product_cat","embeddable":true,"href":"https:\/\/www.libinst.ch\/fr\/wp-json\/wp\/v2\/product_cat?post=15467"},{"taxonomy":"product_tag","embeddable":true,"href":"https:\/\/www.libinst.ch\/fr\/wp-json\/wp\/v2\/product_tag?post=15467"}],"curies":[{"name":"wp","href":"https:\/\/api.w.org\/{rel}","templated":true}]}}