{"id":15468,"date":"2022-09-28T17:47:59","date_gmt":"2022-09-28T15:47:59","guid":{"rendered":"https:\/\/libinst.detail-digital.ch\/produkt\/tolerer-l-intolerance\/"},"modified":"2025-08-14T13:21:23","modified_gmt":"2025-08-14T11:21:23","slug":"tolerer-l-intolerance","status":"publish","type":"product","link":"https:\/\/www.libinst.ch\/fr\/product\/tolerer-l-intolerance\/","title":{"rendered":"Faut-il tol\u00e9rer l&rsquo;intol\u00e9rance ?"},"content":{"rendered":"<p>La tol\u00e9rance est l&rsquo;attitude d&rsquo;une personne qui admet chez les autres des mani\u00e8res de penser et de vivre diff\u00e9rentes des siennes. Historiquement, le concept de tol\u00e9rance appara\u00eet, dans un premier temps, pour mettre fin aux conflits entre les religions. L&rsquo;id\u00e9e principale est alors de r\u00e9fl\u00e9chir aux conditions qui rendent possible la diversit\u00e9 des id\u00e9es, des opinions et des croyances dans une m\u00eame soci\u00e9t\u00e9. Cela, tout en gardant un socle de valeurs communes, qui permet d&rsquo;\u00e9viter les conflits permanents et l&rsquo;usage de la violence.<\/p>\n<p>Apr\u00e8s son apparition, le concept de tol\u00e9rance a permis de pacifier les soci\u00e9t\u00e9s qui l&rsquo;ont adopt\u00e9. Toutefois, cette approche contient une faille naturelle\u00a0: elle est paradoxale. Le \u00abparadoxe de la tol\u00e9rance\u00bb est le suivant\u00a0: la tol\u00e9rance illimit\u00e9e risque de mener \u00e0 la disparition de la tol\u00e9rance. Car si la tol\u00e9rance s&rsquo;applique m\u00eame \u00e0 ceux qui sont intol\u00e9rants, et que personne ne d\u00e9fend la soci\u00e9t\u00e9 tol\u00e9rante au nom justement de ses principes, alors la tol\u00e9rance finira par dispara\u00eetre. Comment une soci\u00e9t\u00e9 ouverte et tol\u00e9rante peut-elle lutter contre les ennemis de la tol\u00e9rance, tout en respectant ses propres principes\u00a0? Faut-il revendiquer, au nom de la tol\u00e9rance, le droit de ne pas tol\u00e9rer l&rsquo;intol\u00e9rant\u00a0? Le livre y r\u00e9pond, en esquissant une voie, th\u00e9orique et pratique, qui, au fil du temps, a permis d&rsquo;allier libert\u00e9 et tol\u00e9rance.<\/p>\n<p>Se pose finalement la question de l&rsquo;actualit\u00e9 du concept de tol\u00e9rance et de la n\u00e9cessit\u00e9 de le repenser en fonction des r\u00e9alit\u00e9s de notre monde contemporain. Libert\u00e9 d&rsquo;expression, influence des r\u00e9seaux sociaux, multiculturalisme\u00a0: les d\u00e9fis sont nombreux. La soci\u00e9t\u00e9 ouverte fait face \u00e0 de nouveaux ennemis. Comment assurer la tol\u00e9rance de nos jours sans enfreindre nos principes et \u2014 tout aussi important \u2014 sans la mettre en danger par l\u00e2chet\u00e9\u00a0?<\/p>\n<p>Ce livre s&rsquo;int\u00e9resse au concept de tol\u00e9rance. En partant de son apparition pour mieux comprendre son \u00e9volution, et les enjeux contemporains. Sur cette base, des r\u00e9ponses aux d\u00e9fis actuels sont pr\u00e9sent\u00e9es. Dans le but de trouver un chemin pour continuer de concilier tol\u00e9rance et libert\u00e9\u00a0!<\/p>\n<p>Avec des contributions d&rsquo;Alain Laurent, Matthieu Creson, Arkadiusz Sieron, Niclas Berggren, Therese Nilsson, Olivier Kessler, Camille Dejardin, Alexandre Curchod, Pierre Schweitzer, Thierry Aimar et Jean-Pierre Chamoux.<\/p>\n","protected":false},"excerpt":{"rendered":"<p>La tol\u00e9rance est l&rsquo;attitude d&rsquo;une personne qui admet chez les autres des mani\u00e8res de penser et de vivre diff\u00e9rentes des siennes. Historiquement, le concept de tol\u00e9rance appara\u00eet, dans un premier temps, pour mettre fin aux conflits entre les religions. L&rsquo;id\u00e9e principale est alors de r\u00e9fl\u00e9chir aux conditions qui rendent possible la diversit\u00e9 des id\u00e9es, des [&hellip;]<\/p>\n","protected":false},"featured_media":15769,"template":"","meta":{"_acf_changed":false},"tag":[595,186,592,187],"product_brand":[],"product_cat":[1557],"product_tag":[],"class_list":{"0":"post-15468","1":"product","2":"type-product","3":"status-publish","4":"has-post-thumbnail","6":"tags-difference","7":"tags-diversite-politique","8":"tags-liberte","9":"tags-penseurs-et-classiques-liberaux","10":"product_cat-livres","12":"first","13":"instock","14":"shipping-taxable","15":"purchasable","16":"product-type-variable"},"acf":[],"yoast_head":"<!-- This site is optimized with the Yoast SEO plugin v27.3 - https:\/\/yoast.com\/product\/yoast-seo-wordpress\/ -->\n<title>Faut-il tol\u00e9rer l&#039;intol\u00e9rance ? - Institut Lib\u00e9ral<\/title>\n<meta name=\"robots\" content=\"index, follow, max-snippet:-1, max-image-preview:large, max-video-preview:-1\" \/>\n<link rel=\"canonical\" href=\"https:\/\/www.libinst.ch\/fr\/product\/tolerer-l-intolerance\/\" \/>\n<meta property=\"og:locale\" content=\"fr_FR\" \/>\n<meta property=\"og:type\" content=\"article\" \/>\n<meta property=\"og:title\" content=\"Faut-il tol\u00e9rer l&#039;intol\u00e9rance ? - Institut Lib\u00e9ral\" \/>\n<meta property=\"og:description\" content=\"La tol\u00e9rance est l&rsquo;attitude d&rsquo;une personne qui admet chez les autres des mani\u00e8res de penser et de vivre diff\u00e9rentes des siennes. Historiquement, le concept de tol\u00e9rance appara\u00eet, dans un premier temps, pour mettre fin aux conflits entre les religions. L&rsquo;id\u00e9e principale est alors de r\u00e9fl\u00e9chir aux conditions qui rendent possible la diversit\u00e9 des id\u00e9es, des [&hellip;]\" \/>\n<meta property=\"og:url\" content=\"https:\/\/www.libinst.ch\/fr\/product\/tolerer-l-intolerance\/\" \/>\n<meta property=\"og:site_name\" content=\"Institut Lib\u00e9ral\" \/>\n<meta property=\"article:modified_time\" content=\"2025-08-14T11:21:23+00:00\" \/>\n<meta property=\"og:image\" content=\"https:\/\/www.libinst.ch\/wp-content\/uploads\/2023\/07\/2022-Buch-Faut-il-tolerer-3D-MIT-HINTERGRUND.png.jpg\" \/>\n\t<meta property=\"og:image:width\" content=\"1614\" \/>\n\t<meta property=\"og:image:height\" content=\"1642\" \/>\n\t<meta property=\"og:image:type\" content=\"image\/jpeg\" \/>\n<meta name=\"twitter:card\" content=\"summary_large_image\" \/>\n<meta name=\"twitter:label1\" content=\"Dur\u00e9e de lecture estim\u00e9e\" \/>\n\t<meta name=\"twitter:data1\" content=\"2 minutes\" \/>\n<script type=\"application\/ld+json\" class=\"yoast-schema-graph\">{\"@context\":\"https:\\\/\\\/schema.org\",\"@graph\":[{\"@type\":\"WebPage\",\"@id\":\"https:\\\/\\\/www.libinst.ch\\\/fr\\\/product\\\/tolerer-l-intolerance\\\/\",\"url\":\"https:\\\/\\\/www.libinst.ch\\\/fr\\\/product\\\/tolerer-l-intolerance\\\/\",\"name\":\"Faut-il tol\u00e9rer l'intol\u00e9rance ? - Institut Lib\u00e9ral\",\"isPartOf\":{\"@id\":\"\\\/#website\"},\"primaryImageOfPage\":{\"@id\":\"https:\\\/\\\/www.libinst.ch\\\/fr\\\/product\\\/tolerer-l-intolerance\\\/#primaryimage\"},\"image\":{\"@id\":\"https:\\\/\\\/www.libinst.ch\\\/fr\\\/product\\\/tolerer-l-intolerance\\\/#primaryimage\"},\"thumbnailUrl\":\"https:\\\/\\\/www.libinst.ch\\\/wp-content\\\/uploads\\\/2023\\\/07\\\/2022-Buch-Faut-il-tolerer-3D-MIT-HINTERGRUND.png.jpg\",\"datePublished\":\"2022-09-28T15:47:59+00:00\",\"dateModified\":\"2025-08-14T11:21:23+00:00\",\"breadcrumb\":{\"@id\":\"https:\\\/\\\/www.libinst.ch\\\/fr\\\/product\\\/tolerer-l-intolerance\\\/#breadcrumb\"},\"inLanguage\":\"fr-FR\",\"potentialAction\":[{\"@type\":\"ReadAction\",\"target\":[\"https:\\\/\\\/www.libinst.ch\\\/fr\\\/product\\\/tolerer-l-intolerance\\\/\"]}]},{\"@type\":\"ImageObject\",\"inLanguage\":\"fr-FR\",\"@id\":\"https:\\\/\\\/www.libinst.ch\\\/fr\\\/product\\\/tolerer-l-intolerance\\\/#primaryimage\",\"url\":\"https:\\\/\\\/www.libinst.ch\\\/wp-content\\\/uploads\\\/2023\\\/07\\\/2022-Buch-Faut-il-tolerer-3D-MIT-HINTERGRUND.png.jpg\",\"contentUrl\":\"https:\\\/\\\/www.libinst.ch\\\/wp-content\\\/uploads\\\/2023\\\/07\\\/2022-Buch-Faut-il-tolerer-3D-MIT-HINTERGRUND.png.jpg\",\"width\":1614,\"height\":1642},{\"@type\":\"BreadcrumbList\",\"@id\":\"https:\\\/\\\/www.libinst.ch\\\/fr\\\/product\\\/tolerer-l-intolerance\\\/#breadcrumb\",\"itemListElement\":[{\"@type\":\"ListItem\",\"position\":1,\"name\":\"Home\",\"item\":\"https:\\\/\\\/www.libinst.ch\\\/\"},{\"@type\":\"ListItem\",\"position\":2,\"name\":\"Faut-il tol\u00e9rer l&rsquo;intol\u00e9rance ?\"}]},{\"@type\":\"WebSite\",\"@id\":\"\\\/#website\",\"url\":\"\\\/\",\"name\":\"Institut Lib\u00e9ral\",\"description\":\"\",\"publisher\":{\"@id\":\"\\\/#organization\"},\"potentialAction\":[{\"@type\":\"SearchAction\",\"target\":{\"@type\":\"EntryPoint\",\"urlTemplate\":\"\\\/?s={search_term_string}\"},\"query-input\":{\"@type\":\"PropertyValueSpecification\",\"valueRequired\":true,\"valueName\":\"search_term_string\"}}],\"inLanguage\":\"fr-FR\"},{\"@type\":\"Organization\",\"@id\":\"\\\/#organization\",\"name\":\"Institut Lib\u00e9ral\",\"url\":\"\\\/\",\"logo\":{\"@type\":\"ImageObject\",\"inLanguage\":\"fr-FR\",\"@id\":\"\\\/#\\\/schema\\\/logo\\\/image\\\/\",\"url\":\"https:\\\/\\\/www.libinst.ch\\\/wp-content\\\/uploads\\\/2023\\\/08\\\/logo-institut-liberal.png\",\"contentUrl\":\"https:\\\/\\\/www.libinst.ch\\\/wp-content\\\/uploads\\\/2023\\\/08\\\/logo-institut-liberal.png\",\"width\":2935,\"height\":458,\"caption\":\"Institut Lib\u00e9ral\"},\"image\":{\"@id\":\"\\\/#\\\/schema\\\/logo\\\/image\\\/\"}}]}<\/script>\n<!-- \/ Yoast SEO plugin. -->","yoast_head_json":{"title":"Faut-il tol\u00e9rer l'intol\u00e9rance ? - Institut Lib\u00e9ral","robots":{"index":"index","follow":"follow","max-snippet":"max-snippet:-1","max-image-preview":"max-image-preview:large","max-video-preview":"max-video-preview:-1"},"canonical":"https:\/\/www.libinst.ch\/fr\/product\/tolerer-l-intolerance\/","og_locale":"fr_FR","og_type":"article","og_title":"Faut-il tol\u00e9rer l'intol\u00e9rance ? - Institut Lib\u00e9ral","og_description":"La tol\u00e9rance est l&rsquo;attitude d&rsquo;une personne qui admet chez les autres des mani\u00e8res de penser et de vivre diff\u00e9rentes des siennes. Historiquement, le concept de tol\u00e9rance appara\u00eet, dans un premier temps, pour mettre fin aux conflits entre les religions. L&rsquo;id\u00e9e principale est alors de r\u00e9fl\u00e9chir aux conditions qui rendent possible la diversit\u00e9 des id\u00e9es, des [&hellip;]","og_url":"https:\/\/www.libinst.ch\/fr\/product\/tolerer-l-intolerance\/","og_site_name":"Institut Lib\u00e9ral","article_modified_time":"2025-08-14T11:21:23+00:00","og_image":[{"width":1614,"height":1642,"url":"https:\/\/www.libinst.ch\/wp-content\/uploads\/2023\/07\/2022-Buch-Faut-il-tolerer-3D-MIT-HINTERGRUND.png.jpg","type":"image\/jpeg"}],"twitter_card":"summary_large_image","twitter_misc":{"Dur\u00e9e de lecture estim\u00e9e":"2 minutes"},"schema":{"@context":"https:\/\/schema.org","@graph":[{"@type":"WebPage","@id":"https:\/\/www.libinst.ch\/fr\/product\/tolerer-l-intolerance\/","url":"https:\/\/www.libinst.ch\/fr\/product\/tolerer-l-intolerance\/","name":"Faut-il tol\u00e9rer l'intol\u00e9rance ? - Institut Lib\u00e9ral","isPartOf":{"@id":"\/#website"},"primaryImageOfPage":{"@id":"https:\/\/www.libinst.ch\/fr\/product\/tolerer-l-intolerance\/#primaryimage"},"image":{"@id":"https:\/\/www.libinst.ch\/fr\/product\/tolerer-l-intolerance\/#primaryimage"},"thumbnailUrl":"https:\/\/www.libinst.ch\/wp-content\/uploads\/2023\/07\/2022-Buch-Faut-il-tolerer-3D-MIT-HINTERGRUND.png.jpg","datePublished":"2022-09-28T15:47:59+00:00","dateModified":"2025-08-14T11:21:23+00:00","breadcrumb":{"@id":"https:\/\/www.libinst.ch\/fr\/product\/tolerer-l-intolerance\/#breadcrumb"},"inLanguage":"fr-FR","potentialAction":[{"@type":"ReadAction","target":["https:\/\/www.libinst.ch\/fr\/product\/tolerer-l-intolerance\/"]}]},{"@type":"ImageObject","inLanguage":"fr-FR","@id":"https:\/\/www.libinst.ch\/fr\/product\/tolerer-l-intolerance\/#primaryimage","url":"https:\/\/www.libinst.ch\/wp-content\/uploads\/2023\/07\/2022-Buch-Faut-il-tolerer-3D-MIT-HINTERGRUND.png.jpg","contentUrl":"https:\/\/www.libinst.ch\/wp-content\/uploads\/2023\/07\/2022-Buch-Faut-il-tolerer-3D-MIT-HINTERGRUND.png.jpg","width":1614,"height":1642},{"@type":"BreadcrumbList","@id":"https:\/\/www.libinst.ch\/fr\/product\/tolerer-l-intolerance\/#breadcrumb","itemListElement":[{"@type":"ListItem","position":1,"name":"Home","item":"https:\/\/www.libinst.ch\/"},{"@type":"ListItem","position":2,"name":"Faut-il tol\u00e9rer l&rsquo;intol\u00e9rance ?"}]},{"@type":"WebSite","@id":"\/#website","url":"\/","name":"Institut Lib\u00e9ral","description":"","publisher":{"@id":"\/#organization"},"potentialAction":[{"@type":"SearchAction","target":{"@type":"EntryPoint","urlTemplate":"\/?s={search_term_string}"},"query-input":{"@type":"PropertyValueSpecification","valueRequired":true,"valueName":"search_term_string"}}],"inLanguage":"fr-FR"},{"@type":"Organization","@id":"\/#organization","name":"Institut Lib\u00e9ral","url":"\/","logo":{"@type":"ImageObject","inLanguage":"fr-FR","@id":"\/#\/schema\/logo\/image\/","url":"https:\/\/www.libinst.ch\/wp-content\/uploads\/2023\/08\/logo-institut-liberal.png","contentUrl":"https:\/\/www.libinst.ch\/wp-content\/uploads\/2023\/08\/logo-institut-liberal.png","width":2935,"height":458,"caption":"Institut Lib\u00e9ral"},"image":{"@id":"\/#\/schema\/logo\/image\/"}}]}},"_links":{"self":[{"href":"https:\/\/www.libinst.ch\/fr\/wp-json\/wp\/v2\/product\/15468","targetHints":{"allow":["GET"]}}],"collection":[{"href":"https:\/\/www.libinst.ch\/fr\/wp-json\/wp\/v2\/product"}],"about":[{"href":"https:\/\/www.libinst.ch\/fr\/wp-json\/wp\/v2\/types\/product"}],"wp:featuredmedia":[{"embeddable":true,"href":"https:\/\/www.libinst.ch\/fr\/wp-json\/wp\/v2\/media\/15769"}],"wp:attachment":[{"href":"https:\/\/www.libinst.ch\/fr\/wp-json\/wp\/v2\/media?parent=15468"}],"wp:term":[{"taxonomy":"tags","embeddable":true,"href":"https:\/\/www.libinst.ch\/fr\/wp-json\/wp\/v2\/tag?post=15468"},{"taxonomy":"product_brand","embeddable":true,"href":"https:\/\/www.libinst.ch\/fr\/wp-json\/wp\/v2\/product_brand?post=15468"},{"taxonomy":"product_cat","embeddable":true,"href":"https:\/\/www.libinst.ch\/fr\/wp-json\/wp\/v2\/product_cat?post=15468"},{"taxonomy":"product_tag","embeddable":true,"href":"https:\/\/www.libinst.ch\/fr\/wp-json\/wp\/v2\/product_tag?post=15468"}],"curies":[{"name":"wp","href":"https:\/\/api.w.org\/{rel}","templated":true}]}}