{"id":16336,"date":"2011-08-04T18:04:56","date_gmt":"2011-08-04T16:04:56","guid":{"rendered":"https:\/\/libinst.detail-digital.ch\/produkt\/sur-les-traces-du-liberalisme-suisse\/"},"modified":"2023-08-08T14:46:14","modified_gmt":"2023-08-08T12:46:14","slug":"sur-les-traces-du-liberalisme-suisse","status":"publish","type":"product","link":"https:\/\/www.libinst.ch\/fr\/product\/sur-les-traces-du-liberalisme-suisse\/","title":{"rendered":"Sur les traces du lib\u00e9ralisme suisse"},"content":{"rendered":"<div class=\"x_WordSection1\">\n<div><span lang=\"DE-CH\">Le lib\u00e9ralisme est-il aujourd&rsquo;hui en danger? <\/span><span lang=\"EN-US\">Une crise financi\u00e8re mondiale sans pr\u00e9c\u00e9dent a conduit \u00e0 des interventions qui semblent bouleverser une fois de plus l&rsquo;\u00e9quilibre entre libert\u00e9 et \u00c9tat. La Suisse fait \u00e0 nouveau figure d&rsquo;exception, mais peut-elle se d\u00e9rober \u00e0 la pression de l&rsquo;ext\u00e9rieur?<\/span><\/div>\n<div><\/div>\n<\/div>\n<div>\n<div><span lang=\"DE-CH\">Ist der Liberalismus heute in Gefahr? Eine beispiellose Welt-Finanzkrise hat Interventionen auf den Plan gerufen, die einmal mehr das Gleichgewicht zwischen der Freiheit und dem Staat zu ersch\u00fcttern drohen. Hierbei steht die Schweiz erneut als Ausnahme da, doch kann sie sich dem Druck von aussen entziehen?<\/span><\/div>\n<\/div>\n","protected":false},"excerpt":{"rendered":"<p>Le lib\u00e9ralisme est-il aujourd&rsquo;hui en danger? Une crise financi\u00e8re mondiale sans pr\u00e9c\u00e9dent a conduit \u00e0 des interventions qui semblent bouleverser une fois de plus l&rsquo;\u00e9quilibre entre libert\u00e9 et \u00c9tat. La Suisse fait \u00e0 nouveau figure d&rsquo;exception, mais peut-elle se d\u00e9rober \u00e0 la pression de l&rsquo;ext\u00e9rieur? Ist der Liberalismus heute in Gefahr? Eine beispiellose Welt-Finanzkrise hat [&hellip;]<\/p>\n","protected":false},"featured_media":16326,"template":"","meta":{"_acf_changed":false},"tag":[602,182,187,1637],"product_brand":[],"product_cat":[1557],"product_tag":[],"class_list":{"0":"post-16336","1":"product","2":"type-product","3":"status-publish","4":"has-post-thumbnail","6":"tags-benjamin-constant","7":"tags-liberte-economique-et-croissance","8":"tags-penseurs-et-classiques-liberaux","9":"tags-schweiz-fr","10":"product_cat-livres","12":"first","13":"instock","14":"shipping-taxable","15":"purchasable","16":"product-type-variable"},"acf":[],"yoast_head":"<!-- This site is optimized with the Yoast SEO plugin v27.3 - https:\/\/yoast.com\/product\/yoast-seo-wordpress\/ -->\n<title>Sur les traces du lib\u00e9ralisme suisse - Institut Lib\u00e9ral<\/title>\n<meta name=\"robots\" content=\"index, follow, max-snippet:-1, max-image-preview:large, max-video-preview:-1\" \/>\n<link rel=\"canonical\" href=\"https:\/\/www.libinst.ch\/product\/dem-schweizer-liberalismus-auf-der-spur\/\" \/>\n<meta property=\"og:locale\" content=\"fr_FR\" \/>\n<meta property=\"og:type\" content=\"article\" \/>\n<meta property=\"og:title\" content=\"Sur les traces du lib\u00e9ralisme suisse - Institut Lib\u00e9ral\" \/>\n<meta property=\"og:description\" content=\"Le lib\u00e9ralisme est-il aujourd&rsquo;hui en danger? Une crise financi\u00e8re mondiale sans pr\u00e9c\u00e9dent a conduit \u00e0 des interventions qui semblent bouleverser une fois de plus l&rsquo;\u00e9quilibre entre libert\u00e9 et \u00c9tat. La Suisse fait \u00e0 nouveau figure d&rsquo;exception, mais peut-elle se d\u00e9rober \u00e0 la pression de l&rsquo;ext\u00e9rieur? Ist der Liberalismus heute in Gefahr? Eine beispiellose Welt-Finanzkrise hat [&hellip;]\" \/>\n<meta property=\"og:url\" content=\"https:\/\/www.libinst.ch\/product\/dem-schweizer-liberalismus-auf-der-spur\/\" \/>\n<meta property=\"og:site_name\" content=\"Institut Lib\u00e9ral\" \/>\n<meta property=\"article:modified_time\" content=\"2023-08-08T12:46:14+00:00\" \/>\n<meta property=\"og:image\" content=\"https:\/\/www.libinst.ch\/wp-content\/uploads\/2023\/08\/2011-Buch-Schweizer-Liberalismus-3D-MIT-HINTERGRUND.jpg\" \/>\n\t<meta property=\"og:image:width\" content=\"2000\" \/>\n\t<meta property=\"og:image:height\" content=\"2000\" \/>\n\t<meta property=\"og:image:type\" content=\"image\/jpeg\" \/>\n<meta name=\"twitter:card\" content=\"summary_large_image\" \/>\n<script type=\"application\/ld+json\" class=\"yoast-schema-graph\">{\"@context\":\"https:\\\/\\\/schema.org\",\"@graph\":[{\"@type\":\"WebPage\",\"@id\":\"https:\\\/\\\/www.libinst.ch\\\/product\\\/dem-schweizer-liberalismus-auf-der-spur\\\/\",\"url\":\"https:\\\/\\\/www.libinst.ch\\\/product\\\/dem-schweizer-liberalismus-auf-der-spur\\\/\",\"name\":\"Sur les traces du lib\u00e9ralisme suisse - Institut Lib\u00e9ral\",\"isPartOf\":{\"@id\":\"\\\/#website\"},\"primaryImageOfPage\":{\"@id\":\"https:\\\/\\\/www.libinst.ch\\\/product\\\/dem-schweizer-liberalismus-auf-der-spur\\\/#primaryimage\"},\"image\":{\"@id\":\"https:\\\/\\\/www.libinst.ch\\\/product\\\/dem-schweizer-liberalismus-auf-der-spur\\\/#primaryimage\"},\"thumbnailUrl\":\"https:\\\/\\\/www.libinst.ch\\\/wp-content\\\/uploads\\\/2023\\\/08\\\/2011-Buch-Schweizer-Liberalismus-3D-MIT-HINTERGRUND.jpg\",\"datePublished\":\"2011-08-04T16:04:56+00:00\",\"dateModified\":\"2023-08-08T12:46:14+00:00\",\"breadcrumb\":{\"@id\":\"https:\\\/\\\/www.libinst.ch\\\/product\\\/dem-schweizer-liberalismus-auf-der-spur\\\/#breadcrumb\"},\"inLanguage\":\"fr-FR\",\"potentialAction\":[{\"@type\":\"ReadAction\",\"target\":[\"https:\\\/\\\/www.libinst.ch\\\/product\\\/dem-schweizer-liberalismus-auf-der-spur\\\/\"]}]},{\"@type\":\"ImageObject\",\"inLanguage\":\"fr-FR\",\"@id\":\"https:\\\/\\\/www.libinst.ch\\\/product\\\/dem-schweizer-liberalismus-auf-der-spur\\\/#primaryimage\",\"url\":\"https:\\\/\\\/www.libinst.ch\\\/wp-content\\\/uploads\\\/2023\\\/08\\\/2011-Buch-Schweizer-Liberalismus-3D-MIT-HINTERGRUND.jpg\",\"contentUrl\":\"https:\\\/\\\/www.libinst.ch\\\/wp-content\\\/uploads\\\/2023\\\/08\\\/2011-Buch-Schweizer-Liberalismus-3D-MIT-HINTERGRUND.jpg\",\"width\":2000,\"height\":2000},{\"@type\":\"BreadcrumbList\",\"@id\":\"https:\\\/\\\/www.libinst.ch\\\/product\\\/dem-schweizer-liberalismus-auf-der-spur\\\/#breadcrumb\",\"itemListElement\":[{\"@type\":\"ListItem\",\"position\":1,\"name\":\"Home\",\"item\":\"https:\\\/\\\/www.libinst.ch\\\/\"},{\"@type\":\"ListItem\",\"position\":2,\"name\":\"Sur les traces du lib\u00e9ralisme suisse\"}]},{\"@type\":\"WebSite\",\"@id\":\"\\\/#website\",\"url\":\"\\\/\",\"name\":\"Institut Lib\u00e9ral\",\"description\":\"\",\"publisher\":{\"@id\":\"\\\/#organization\"},\"potentialAction\":[{\"@type\":\"SearchAction\",\"target\":{\"@type\":\"EntryPoint\",\"urlTemplate\":\"\\\/?s={search_term_string}\"},\"query-input\":{\"@type\":\"PropertyValueSpecification\",\"valueRequired\":true,\"valueName\":\"search_term_string\"}}],\"inLanguage\":\"fr-FR\"},{\"@type\":\"Organization\",\"@id\":\"\\\/#organization\",\"name\":\"Institut Lib\u00e9ral\",\"url\":\"\\\/\",\"logo\":{\"@type\":\"ImageObject\",\"inLanguage\":\"fr-FR\",\"@id\":\"\\\/#\\\/schema\\\/logo\\\/image\\\/\",\"url\":\"https:\\\/\\\/www.libinst.ch\\\/wp-content\\\/uploads\\\/2023\\\/08\\\/logo-institut-liberal.png\",\"contentUrl\":\"https:\\\/\\\/www.libinst.ch\\\/wp-content\\\/uploads\\\/2023\\\/08\\\/logo-institut-liberal.png\",\"width\":2935,\"height\":458,\"caption\":\"Institut Lib\u00e9ral\"},\"image\":{\"@id\":\"\\\/#\\\/schema\\\/logo\\\/image\\\/\"}}]}<\/script>\n<!-- \/ Yoast SEO plugin. -->","yoast_head_json":{"title":"Sur les traces du lib\u00e9ralisme suisse - Institut Lib\u00e9ral","robots":{"index":"index","follow":"follow","max-snippet":"max-snippet:-1","max-image-preview":"max-image-preview:large","max-video-preview":"max-video-preview:-1"},"canonical":"https:\/\/www.libinst.ch\/product\/dem-schweizer-liberalismus-auf-der-spur\/","og_locale":"fr_FR","og_type":"article","og_title":"Sur les traces du lib\u00e9ralisme suisse - Institut Lib\u00e9ral","og_description":"Le lib\u00e9ralisme est-il aujourd&rsquo;hui en danger? Une crise financi\u00e8re mondiale sans pr\u00e9c\u00e9dent a conduit \u00e0 des interventions qui semblent bouleverser une fois de plus l&rsquo;\u00e9quilibre entre libert\u00e9 et \u00c9tat. La Suisse fait \u00e0 nouveau figure d&rsquo;exception, mais peut-elle se d\u00e9rober \u00e0 la pression de l&rsquo;ext\u00e9rieur? Ist der Liberalismus heute in Gefahr? Eine beispiellose Welt-Finanzkrise hat [&hellip;]","og_url":"https:\/\/www.libinst.ch\/product\/dem-schweizer-liberalismus-auf-der-spur\/","og_site_name":"Institut Lib\u00e9ral","article_modified_time":"2023-08-08T12:46:14+00:00","og_image":[{"width":2000,"height":2000,"url":"https:\/\/www.libinst.ch\/wp-content\/uploads\/2023\/08\/2011-Buch-Schweizer-Liberalismus-3D-MIT-HINTERGRUND.jpg","type":"image\/jpeg"}],"twitter_card":"summary_large_image","schema":{"@context":"https:\/\/schema.org","@graph":[{"@type":"WebPage","@id":"https:\/\/www.libinst.ch\/product\/dem-schweizer-liberalismus-auf-der-spur\/","url":"https:\/\/www.libinst.ch\/product\/dem-schweizer-liberalismus-auf-der-spur\/","name":"Sur les traces du lib\u00e9ralisme suisse - Institut Lib\u00e9ral","isPartOf":{"@id":"\/#website"},"primaryImageOfPage":{"@id":"https:\/\/www.libinst.ch\/product\/dem-schweizer-liberalismus-auf-der-spur\/#primaryimage"},"image":{"@id":"https:\/\/www.libinst.ch\/product\/dem-schweizer-liberalismus-auf-der-spur\/#primaryimage"},"thumbnailUrl":"https:\/\/www.libinst.ch\/wp-content\/uploads\/2023\/08\/2011-Buch-Schweizer-Liberalismus-3D-MIT-HINTERGRUND.jpg","datePublished":"2011-08-04T16:04:56+00:00","dateModified":"2023-08-08T12:46:14+00:00","breadcrumb":{"@id":"https:\/\/www.libinst.ch\/product\/dem-schweizer-liberalismus-auf-der-spur\/#breadcrumb"},"inLanguage":"fr-FR","potentialAction":[{"@type":"ReadAction","target":["https:\/\/www.libinst.ch\/product\/dem-schweizer-liberalismus-auf-der-spur\/"]}]},{"@type":"ImageObject","inLanguage":"fr-FR","@id":"https:\/\/www.libinst.ch\/product\/dem-schweizer-liberalismus-auf-der-spur\/#primaryimage","url":"https:\/\/www.libinst.ch\/wp-content\/uploads\/2023\/08\/2011-Buch-Schweizer-Liberalismus-3D-MIT-HINTERGRUND.jpg","contentUrl":"https:\/\/www.libinst.ch\/wp-content\/uploads\/2023\/08\/2011-Buch-Schweizer-Liberalismus-3D-MIT-HINTERGRUND.jpg","width":2000,"height":2000},{"@type":"BreadcrumbList","@id":"https:\/\/www.libinst.ch\/product\/dem-schweizer-liberalismus-auf-der-spur\/#breadcrumb","itemListElement":[{"@type":"ListItem","position":1,"name":"Home","item":"https:\/\/www.libinst.ch\/"},{"@type":"ListItem","position":2,"name":"Sur les traces du lib\u00e9ralisme suisse"}]},{"@type":"WebSite","@id":"\/#website","url":"\/","name":"Institut Lib\u00e9ral","description":"","publisher":{"@id":"\/#organization"},"potentialAction":[{"@type":"SearchAction","target":{"@type":"EntryPoint","urlTemplate":"\/?s={search_term_string}"},"query-input":{"@type":"PropertyValueSpecification","valueRequired":true,"valueName":"search_term_string"}}],"inLanguage":"fr-FR"},{"@type":"Organization","@id":"\/#organization","name":"Institut Lib\u00e9ral","url":"\/","logo":{"@type":"ImageObject","inLanguage":"fr-FR","@id":"\/#\/schema\/logo\/image\/","url":"https:\/\/www.libinst.ch\/wp-content\/uploads\/2023\/08\/logo-institut-liberal.png","contentUrl":"https:\/\/www.libinst.ch\/wp-content\/uploads\/2023\/08\/logo-institut-liberal.png","width":2935,"height":458,"caption":"Institut Lib\u00e9ral"},"image":{"@id":"\/#\/schema\/logo\/image\/"}}]}},"_links":{"self":[{"href":"https:\/\/www.libinst.ch\/fr\/wp-json\/wp\/v2\/product\/16336","targetHints":{"allow":["GET"]}}],"collection":[{"href":"https:\/\/www.libinst.ch\/fr\/wp-json\/wp\/v2\/product"}],"about":[{"href":"https:\/\/www.libinst.ch\/fr\/wp-json\/wp\/v2\/types\/product"}],"wp:featuredmedia":[{"embeddable":true,"href":"https:\/\/www.libinst.ch\/fr\/wp-json\/wp\/v2\/media\/16326"}],"wp:attachment":[{"href":"https:\/\/www.libinst.ch\/fr\/wp-json\/wp\/v2\/media?parent=16336"}],"wp:term":[{"taxonomy":"tags","embeddable":true,"href":"https:\/\/www.libinst.ch\/fr\/wp-json\/wp\/v2\/tag?post=16336"},{"taxonomy":"product_brand","embeddable":true,"href":"https:\/\/www.libinst.ch\/fr\/wp-json\/wp\/v2\/product_brand?post=16336"},{"taxonomy":"product_cat","embeddable":true,"href":"https:\/\/www.libinst.ch\/fr\/wp-json\/wp\/v2\/product_cat?post=16336"},{"taxonomy":"product_tag","embeddable":true,"href":"https:\/\/www.libinst.ch\/fr\/wp-json\/wp\/v2\/product_tag?post=16336"}],"curies":[{"name":"wp","href":"https:\/\/api.w.org\/{rel}","templated":true}]}}