{"id":16867,"date":"2023-07-28T15:31:58","date_gmt":"2023-07-28T13:31:58","guid":{"rendered":"https:\/\/libinst.detail-digital.ch\/produkt\/ami-de-linstitut-liberal\/"},"modified":"2024-01-08T10:45:07","modified_gmt":"2024-01-08T09:45:07","slug":"ami-de-linstitut-liberal","status":"publish","type":"product","link":"https:\/\/www.libinst.ch\/fr\/product\/ami-de-linstitut-liberal\/","title":{"rendered":"Ami de l&rsquo;Institut Lib\u00e9ral"},"content":{"rendered":"<p>Pour la recherche, le d\u00e9veloppement et la diffusion d\u2019id\u00e9es lib\u00e9rales, l\u2019Institut Lib\u00e9ral a besoin de votre soutien. En tant que think tank ind\u00e9pendant et orient\u00e9 vers l\u2019\u00e9conomie de march\u00e9, l\u2019Institut Lib\u00e9ral ne sollicite pas de fonds publics et s\u2019appuie exclusivement sur le soutien priv\u00e9. (L\u2019Institut Lib\u00e9ral est une fondation reconnue d\u2019utilit\u00e9 publique, exon\u00e9r\u00e9e d\u2019imp\u00f4ts et soumise \u00e0 la surveillance l\u00e9gale conform\u00e9ment aux articles 80 et suivants du Code civil. CC).<\/p>\n<p>L\u2019engagement repose sur des convictions individuelles \u2013 c\u2019est pourquoi nous vous proposons de nombreuses possibilit\u00e9s de vous engager aupr\u00e8s de l\u2019Institut Lib\u00e9ral.<\/p>\n","protected":false},"excerpt":{"rendered":"<p>Pour la recherche, le d\u00e9veloppement et la diffusion d\u2019id\u00e9es lib\u00e9rales, l\u2019Institut Lib\u00e9ral a besoin de votre soutien. En tant que think tank ind\u00e9pendant et orient\u00e9 vers l\u2019\u00e9conomie de march\u00e9, l\u2019Institut Lib\u00e9ral ne sollicite pas de fonds publics et s\u2019appuie exclusivement sur le soutien priv\u00e9. (L\u2019Institut Lib\u00e9ral est une fondation reconnue d\u2019utilit\u00e9 publique, exon\u00e9r\u00e9e d\u2019imp\u00f4ts et [&hellip;]<\/p>\n","protected":false},"featured_media":16528,"template":"","meta":{"_acf_changed":false},"tag":[],"product_brand":[],"product_cat":[1588],"product_tag":[],"class_list":{"0":"post-16867","1":"product","2":"type-product","3":"status-publish","4":"has-post-thumbnail","6":"product_cat-soutien","8":"first","9":"instock","10":"shipping-taxable","11":"purchasable","12":"product-type-variable"},"acf":[],"yoast_head":"<!-- This site is optimized with the Yoast SEO plugin v27.3 - https:\/\/yoast.com\/product\/yoast-seo-wordpress\/ -->\n<title>Ami de l&#039;Institut Lib\u00e9ral - Institut Lib\u00e9ral<\/title>\n<meta name=\"robots\" content=\"index, follow, max-snippet:-1, max-image-preview:large, max-video-preview:-1\" \/>\n<link rel=\"canonical\" href=\"https:\/\/www.libinst.ch\/product\/freund-des-liberalen-instituts\/\" \/>\n<meta property=\"og:locale\" content=\"fr_FR\" \/>\n<meta property=\"og:type\" content=\"article\" \/>\n<meta property=\"og:title\" content=\"Ami de l&#039;Institut Lib\u00e9ral - Institut Lib\u00e9ral\" \/>\n<meta property=\"og:description\" content=\"Pour la recherche, le d\u00e9veloppement et la diffusion d\u2019id\u00e9es lib\u00e9rales, l\u2019Institut Lib\u00e9ral a besoin de votre soutien. En tant que think tank ind\u00e9pendant et orient\u00e9 vers l\u2019\u00e9conomie de march\u00e9, l\u2019Institut Lib\u00e9ral ne sollicite pas de fonds publics et s\u2019appuie exclusivement sur le soutien priv\u00e9. (L\u2019Institut Lib\u00e9ral est une fondation reconnue d\u2019utilit\u00e9 publique, exon\u00e9r\u00e9e d\u2019imp\u00f4ts et [&hellip;]\" \/>\n<meta property=\"og:url\" content=\"https:\/\/www.libinst.ch\/product\/freund-des-liberalen-instituts\/\" \/>\n<meta property=\"og:site_name\" content=\"Institut Lib\u00e9ral\" \/>\n<meta property=\"article:modified_time\" content=\"2024-01-08T09:45:07+00:00\" \/>\n<meta property=\"og:image\" content=\"https:\/\/www.libinst.ch\/wp-content\/uploads\/2023\/07\/supporter.png\" \/>\n\t<meta property=\"og:image:width\" content=\"1300\" \/>\n\t<meta property=\"og:image:height\" content=\"1392\" \/>\n\t<meta property=\"og:image:type\" content=\"image\/png\" \/>\n<meta name=\"twitter:card\" content=\"summary_large_image\" \/>\n<meta name=\"twitter:label1\" content=\"Dur\u00e9e de lecture estim\u00e9e\" \/>\n\t<meta name=\"twitter:data1\" content=\"1 minute\" \/>\n<script type=\"application\/ld+json\" class=\"yoast-schema-graph\">{\"@context\":\"https:\\\/\\\/schema.org\",\"@graph\":[{\"@type\":\"WebPage\",\"@id\":\"https:\\\/\\\/www.libinst.ch\\\/product\\\/freund-des-liberalen-instituts\\\/\",\"url\":\"https:\\\/\\\/www.libinst.ch\\\/product\\\/freund-des-liberalen-instituts\\\/\",\"name\":\"Ami de l'Institut Lib\u00e9ral - Institut Lib\u00e9ral\",\"isPartOf\":{\"@id\":\"\\\/#website\"},\"primaryImageOfPage\":{\"@id\":\"https:\\\/\\\/www.libinst.ch\\\/product\\\/freund-des-liberalen-instituts\\\/#primaryimage\"},\"image\":{\"@id\":\"https:\\\/\\\/www.libinst.ch\\\/product\\\/freund-des-liberalen-instituts\\\/#primaryimage\"},\"thumbnailUrl\":\"https:\\\/\\\/www.libinst.ch\\\/wp-content\\\/uploads\\\/2023\\\/07\\\/supporter.png\",\"datePublished\":\"2023-07-28T13:31:58+00:00\",\"dateModified\":\"2024-01-08T09:45:07+00:00\",\"breadcrumb\":{\"@id\":\"https:\\\/\\\/www.libinst.ch\\\/product\\\/freund-des-liberalen-instituts\\\/#breadcrumb\"},\"inLanguage\":\"fr-FR\",\"potentialAction\":[{\"@type\":\"ReadAction\",\"target\":[\"https:\\\/\\\/www.libinst.ch\\\/product\\\/freund-des-liberalen-instituts\\\/\"]}]},{\"@type\":\"ImageObject\",\"inLanguage\":\"fr-FR\",\"@id\":\"https:\\\/\\\/www.libinst.ch\\\/product\\\/freund-des-liberalen-instituts\\\/#primaryimage\",\"url\":\"https:\\\/\\\/www.libinst.ch\\\/wp-content\\\/uploads\\\/2023\\\/07\\\/supporter.png\",\"contentUrl\":\"https:\\\/\\\/www.libinst.ch\\\/wp-content\\\/uploads\\\/2023\\\/07\\\/supporter.png\",\"width\":1300,\"height\":1392},{\"@type\":\"BreadcrumbList\",\"@id\":\"https:\\\/\\\/www.libinst.ch\\\/product\\\/freund-des-liberalen-instituts\\\/#breadcrumb\",\"itemListElement\":[{\"@type\":\"ListItem\",\"position\":1,\"name\":\"Home\",\"item\":\"https:\\\/\\\/www.libinst.ch\\\/\"},{\"@type\":\"ListItem\",\"position\":2,\"name\":\"Ami de l&#8217;Institut Lib\u00e9ral\"}]},{\"@type\":\"WebSite\",\"@id\":\"\\\/#website\",\"url\":\"\\\/\",\"name\":\"Institut Lib\u00e9ral\",\"description\":\"\",\"publisher\":{\"@id\":\"\\\/#organization\"},\"potentialAction\":[{\"@type\":\"SearchAction\",\"target\":{\"@type\":\"EntryPoint\",\"urlTemplate\":\"\\\/?s={search_term_string}\"},\"query-input\":{\"@type\":\"PropertyValueSpecification\",\"valueRequired\":true,\"valueName\":\"search_term_string\"}}],\"inLanguage\":\"fr-FR\"},{\"@type\":\"Organization\",\"@id\":\"\\\/#organization\",\"name\":\"Institut Lib\u00e9ral\",\"url\":\"\\\/\",\"logo\":{\"@type\":\"ImageObject\",\"inLanguage\":\"fr-FR\",\"@id\":\"\\\/#\\\/schema\\\/logo\\\/image\\\/\",\"url\":\"https:\\\/\\\/www.libinst.ch\\\/wp-content\\\/uploads\\\/2023\\\/08\\\/logo-institut-liberal.png\",\"contentUrl\":\"https:\\\/\\\/www.libinst.ch\\\/wp-content\\\/uploads\\\/2023\\\/08\\\/logo-institut-liberal.png\",\"width\":2935,\"height\":458,\"caption\":\"Institut Lib\u00e9ral\"},\"image\":{\"@id\":\"\\\/#\\\/schema\\\/logo\\\/image\\\/\"}}]}<\/script>\n<!-- \/ Yoast SEO plugin. -->","yoast_head_json":{"title":"Ami de l'Institut Lib\u00e9ral - Institut Lib\u00e9ral","robots":{"index":"index","follow":"follow","max-snippet":"max-snippet:-1","max-image-preview":"max-image-preview:large","max-video-preview":"max-video-preview:-1"},"canonical":"https:\/\/www.libinst.ch\/product\/freund-des-liberalen-instituts\/","og_locale":"fr_FR","og_type":"article","og_title":"Ami de l'Institut Lib\u00e9ral - Institut Lib\u00e9ral","og_description":"Pour la recherche, le d\u00e9veloppement et la diffusion d\u2019id\u00e9es lib\u00e9rales, l\u2019Institut Lib\u00e9ral a besoin de votre soutien. En tant que think tank ind\u00e9pendant et orient\u00e9 vers l\u2019\u00e9conomie de march\u00e9, l\u2019Institut Lib\u00e9ral ne sollicite pas de fonds publics et s\u2019appuie exclusivement sur le soutien priv\u00e9. (L\u2019Institut Lib\u00e9ral est une fondation reconnue d\u2019utilit\u00e9 publique, exon\u00e9r\u00e9e d\u2019imp\u00f4ts et [&hellip;]","og_url":"https:\/\/www.libinst.ch\/product\/freund-des-liberalen-instituts\/","og_site_name":"Institut Lib\u00e9ral","article_modified_time":"2024-01-08T09:45:07+00:00","og_image":[{"width":1300,"height":1392,"url":"https:\/\/www.libinst.ch\/wp-content\/uploads\/2023\/07\/supporter.png","type":"image\/png"}],"twitter_card":"summary_large_image","twitter_misc":{"Dur\u00e9e de lecture estim\u00e9e":"1 minute"},"schema":{"@context":"https:\/\/schema.org","@graph":[{"@type":"WebPage","@id":"https:\/\/www.libinst.ch\/product\/freund-des-liberalen-instituts\/","url":"https:\/\/www.libinst.ch\/product\/freund-des-liberalen-instituts\/","name":"Ami de l'Institut Lib\u00e9ral - Institut Lib\u00e9ral","isPartOf":{"@id":"\/#website"},"primaryImageOfPage":{"@id":"https:\/\/www.libinst.ch\/product\/freund-des-liberalen-instituts\/#primaryimage"},"image":{"@id":"https:\/\/www.libinst.ch\/product\/freund-des-liberalen-instituts\/#primaryimage"},"thumbnailUrl":"https:\/\/www.libinst.ch\/wp-content\/uploads\/2023\/07\/supporter.png","datePublished":"2023-07-28T13:31:58+00:00","dateModified":"2024-01-08T09:45:07+00:00","breadcrumb":{"@id":"https:\/\/www.libinst.ch\/product\/freund-des-liberalen-instituts\/#breadcrumb"},"inLanguage":"fr-FR","potentialAction":[{"@type":"ReadAction","target":["https:\/\/www.libinst.ch\/product\/freund-des-liberalen-instituts\/"]}]},{"@type":"ImageObject","inLanguage":"fr-FR","@id":"https:\/\/www.libinst.ch\/product\/freund-des-liberalen-instituts\/#primaryimage","url":"https:\/\/www.libinst.ch\/wp-content\/uploads\/2023\/07\/supporter.png","contentUrl":"https:\/\/www.libinst.ch\/wp-content\/uploads\/2023\/07\/supporter.png","width":1300,"height":1392},{"@type":"BreadcrumbList","@id":"https:\/\/www.libinst.ch\/product\/freund-des-liberalen-instituts\/#breadcrumb","itemListElement":[{"@type":"ListItem","position":1,"name":"Home","item":"https:\/\/www.libinst.ch\/"},{"@type":"ListItem","position":2,"name":"Ami de l&#8217;Institut Lib\u00e9ral"}]},{"@type":"WebSite","@id":"\/#website","url":"\/","name":"Institut Lib\u00e9ral","description":"","publisher":{"@id":"\/#organization"},"potentialAction":[{"@type":"SearchAction","target":{"@type":"EntryPoint","urlTemplate":"\/?s={search_term_string}"},"query-input":{"@type":"PropertyValueSpecification","valueRequired":true,"valueName":"search_term_string"}}],"inLanguage":"fr-FR"},{"@type":"Organization","@id":"\/#organization","name":"Institut Lib\u00e9ral","url":"\/","logo":{"@type":"ImageObject","inLanguage":"fr-FR","@id":"\/#\/schema\/logo\/image\/","url":"https:\/\/www.libinst.ch\/wp-content\/uploads\/2023\/08\/logo-institut-liberal.png","contentUrl":"https:\/\/www.libinst.ch\/wp-content\/uploads\/2023\/08\/logo-institut-liberal.png","width":2935,"height":458,"caption":"Institut Lib\u00e9ral"},"image":{"@id":"\/#\/schema\/logo\/image\/"}}]}},"_links":{"self":[{"href":"https:\/\/www.libinst.ch\/fr\/wp-json\/wp\/v2\/product\/16867","targetHints":{"allow":["GET"]}}],"collection":[{"href":"https:\/\/www.libinst.ch\/fr\/wp-json\/wp\/v2\/product"}],"about":[{"href":"https:\/\/www.libinst.ch\/fr\/wp-json\/wp\/v2\/types\/product"}],"wp:featuredmedia":[{"embeddable":true,"href":"https:\/\/www.libinst.ch\/fr\/wp-json\/wp\/v2\/media\/16528"}],"wp:attachment":[{"href":"https:\/\/www.libinst.ch\/fr\/wp-json\/wp\/v2\/media?parent=16867"}],"wp:term":[{"taxonomy":"tags","embeddable":true,"href":"https:\/\/www.libinst.ch\/fr\/wp-json\/wp\/v2\/tag?post=16867"},{"taxonomy":"product_brand","embeddable":true,"href":"https:\/\/www.libinst.ch\/fr\/wp-json\/wp\/v2\/product_brand?post=16867"},{"taxonomy":"product_cat","embeddable":true,"href":"https:\/\/www.libinst.ch\/fr\/wp-json\/wp\/v2\/product_cat?post=16867"},{"taxonomy":"product_tag","embeddable":true,"href":"https:\/\/www.libinst.ch\/fr\/wp-json\/wp\/v2\/product_tag?post=16867"}],"curies":[{"name":"wp","href":"https:\/\/api.w.org\/{rel}","templated":true}]}}