{"id":15844,"date":"2023-08-02T11:56:31","date_gmt":"2023-08-02T09:56:31","guid":{"rendered":"https:\/\/libinst.detail-digital.ch\/?page_id=15844"},"modified":"2024-01-05T13:16:48","modified_gmt":"2024-01-05T12:16:48","slug":"impronta","status":"publish","type":"page","link":"https:\/\/www.libinst.ch\/it\/impronta\/","title":{"rendered":"Impronta"},"content":{"rendered":"\t\t<div data-elementor-type=\"wp-page\" data-elementor-id=\"15844\" class=\"elementor elementor-15844 elementor-15843\" data-elementor-post-type=\"page\">\n\t\t\t\t<div class=\"elementor-element elementor-element-a5f40b1 section e-flex e-con-boxed e-con e-parent\" data-id=\"a5f40b1\" data-element_type=\"container\" data-e-type=\"container\">\n\t\t\t\t\t<div class=\"e-con-inner\">\n\t\t\t\t<div class=\"elementor-element elementor-element-0d2e69d elementor-widget elementor-widget-heading\" data-id=\"0d2e69d\" data-element_type=\"widget\" data-e-type=\"widget\" data-widget_type=\"heading.default\">\n\t\t\t\t<div class=\"elementor-widget-container\">\n\t\t\t\t\t<h2 class=\"elementor-heading-title elementor-size-default\">Impronta<\/h2>\t\t\t\t<\/div>\n\t\t\t\t<\/div>\n\t\t\t\t<div class=\"elementor-element elementor-element-92f7e78 elementor-widget elementor-widget-text-editor\" data-id=\"92f7e78\" data-element_type=\"widget\" data-e-type=\"widget\" data-widget_type=\"text-editor.default\">\n\t\t\t\t<div class=\"elementor-widget-container\">\n\t\t\t\t\t\t\t\t\t<h4><strong>Fornitori &amp; Responsabili<br \/><\/strong><\/h4><p>Instituto Liberal\u00a0<br \/>Scheideggstrasse 73<br \/>8038 Z\u00fcrich <br \/><strong>Indirizzo e-mail del fornitore:<\/strong>\u00a0<a href=\"mailto:institut@libinst.ch\">institut@libinst.ch<\/a><\/p><p>Persona responsabile per l\u2019Istituto Liberale: Olivier Kessler, Direttore (<a href=\"mailto:olivier.kessler@libinst.ch\">olivier.kessler@libinst.ch<\/a>)<\/p>\t\t\t\t\t\t\t\t<\/div>\n\t\t\t\t<\/div>\n\t\t\t\t<div class=\"elementor-element elementor-element-1247d4b elementor-widget elementor-widget-text-editor\" data-id=\"1247d4b\" data-element_type=\"widget\" data-e-type=\"widget\" data-widget_type=\"text-editor.default\">\n\t\t\t\t<div class=\"elementor-widget-container\">\n\t\t\t\t\t\t\t\t\t<h4><b>Dichiarazione di non responsabilit\u00e0<\/b><\/h4>\n<h5><b>Responsabilit\u00e0 per il collegamento dei nostri contenuti:<\/b><\/h5>\n<p>La nostra offerta contiene link a siti internet esterni di terzi, sui cui contenuti non abbiamo alcuna influenza. Pertanto, non possiamo assumerci alcuna responsabilit\u00e0 per questi contenuti esterni. Il rispettivo fornitore o gestore delle pagine \u00e8 sempre responsabile del contenuto delle pagine collegate. Le pagine collegate sono state controllate per verificare eventuali violazioni di legge al momento del collegamento. Al momento del collegamento non sono stati individuati contenuti illegali. Tuttavia, un controllo permanente dei contenuti delle pagine collegate non \u00e8 ragionevole in assenza di indicazioni concrete di una violazione. Qualora venissimo a conoscenza di eventuali violazioni di legge, provvederemo a rimuovere immediatamente tali link.<\/p>\n<p>\u00a0<\/p>\n<h5><b>Responsabilit\u00e0 sui contenuti:<\/b><\/h5>\n<p>I contenuti delle nostre pagine sono stati creati con la massima cura. Tuttavia, non possiamo assumerci alcuna responsabilit\u00e0 per la correttezza, la completezza e l&#8217;attualit\u00e0 dei contenuti. In qualit\u00e0 di fornitore di servizi, siamo responsabili dei nostri contenuti su queste pagine in conformit\u00e0 alle leggi generali. In qualit\u00e0 di fornitore di servizi, tuttavia, non siamo obbligati a monitorare le informazioni trasmesse o memorizzate da terzi o a indagare su circostanze che indicano un&#8217;attivit\u00e0 illegale. L&#8217;obbligo di rimuovere o bloccare l&#8217;uso delle informazioni in conformit\u00e0 alle leggi generali rimane inalterato. Tuttavia, la responsabilit\u00e0 in questo senso \u00e8 possibile solo a partire dal momento in cui si viene a conoscenza di una concreta violazione della legge. Nel caso in cui venissimo a conoscenza di violazioni corrispondenti, provvederemo a rimuovere immediatamente tali contenuti.<\/p>\n<p>\u00a0<\/p>\n<h5><b>Copyright:<\/b><\/h5>\n<p>I contenuti e le opere create dagli operatori del sito su queste pagine sono soggetti alla legge svizzera sul diritto d&#8217;autore. La duplicazione, l&#8217;elaborazione, la distribuzione e qualsiasi tipo di sfruttamento al di fuori dei limiti del copyright richiedono il consenso scritto del rispettivo autore o creatore. Download e copie di questo sito sono consentiti solo per uso privato e non commerciale. Nella misura in cui i contenuti di questo sito non sono stati creati dal gestore, vengono rispettati i diritti d&#8217;autore di terzi. In particolare, i contenuti di terzi sono contrassegnati come tali. Se tuttavia doveste venire a conoscenza di una violazione del copyright, siete pregati di informarci. Qualora venissimo a conoscenza di violazioni, provvederemo a rimuovere immediatamente tali contenuti.<\/p>\n\t\t\t\t\t\t\t\t<\/div>\n\t\t\t\t<\/div>\n\t\t\t\t\t<\/div>\n\t\t\t\t<\/div>\n\t\t\t\t<\/div>\n\t\t","protected":false},"excerpt":{"rendered":"<p>Impronta Fornitori &amp; Responsabili Instituto Liberal\u00a0Scheideggstrasse 738038 Z\u00fcrich Indirizzo e-mail del fornitore:\u00a0institut@libinst.ch Persona responsabile per l\u2019Istituto Liberale: Olivier Kessler, Direttore (olivier.kessler@libinst.ch) Dichiarazione di non responsabilit\u00e0 Responsabilit\u00e0 per il collegamento dei nostri contenuti: La nostra offerta contiene link a siti internet esterni di terzi, sui cui contenuti non abbiamo alcuna influenza. Pertanto, non possiamo assumerci alcuna [&hellip;]<\/p>\n","protected":false},"author":8,"featured_media":0,"parent":0,"menu_order":0,"comment_status":"closed","ping_status":"closed","template":"","meta":{"_acf_changed":false,"footnotes":""},"tag":[],"class_list":["post-15844","page","type-page","status-publish","hentry"],"acf":[],"yoast_head":"<!-- This site is optimized with the Yoast SEO plugin v27.3 - https:\/\/yoast.com\/product\/yoast-seo-wordpress\/ -->\n<title>Impronta - Istituto Liberale<\/title>\n<meta name=\"robots\" content=\"index, follow, max-snippet:-1, max-image-preview:large, max-video-preview:-1\" \/>\n<link rel=\"canonical\" href=\"https:\/\/www.libinst.ch\/impressum\/\" \/>\n<meta property=\"og:locale\" content=\"it_IT\" \/>\n<meta property=\"og:type\" content=\"article\" \/>\n<meta property=\"og:title\" content=\"Impronta - Istituto Liberale\" \/>\n<meta property=\"og:description\" content=\"Impronta Fornitori &amp; Responsabili Instituto Liberal\u00a0Scheideggstrasse 738038 Z\u00fcrich Indirizzo e-mail del fornitore:\u00a0institut@libinst.ch Persona responsabile per l\u2019Istituto Liberale: Olivier Kessler, Direttore (olivier.kessler@libinst.ch) Dichiarazione di non responsabilit\u00e0 Responsabilit\u00e0 per il collegamento dei nostri contenuti: La nostra offerta contiene link a siti internet esterni di terzi, sui cui contenuti non abbiamo alcuna influenza. Pertanto, non possiamo assumerci alcuna [&hellip;]\" \/>\n<meta property=\"og:url\" content=\"https:\/\/www.libinst.ch\/impressum\/\" \/>\n<meta property=\"og:site_name\" content=\"Istituto Liberale\" \/>\n<meta property=\"article:modified_time\" content=\"2024-01-05T12:16:48+00:00\" \/>\n<meta name=\"twitter:card\" content=\"summary_large_image\" \/>\n<meta name=\"twitter:label1\" content=\"Tempo di lettura stimato\" \/>\n\t<meta name=\"twitter:data1\" content=\"3 minuti\" \/>\n<script type=\"application\/ld+json\" class=\"yoast-schema-graph\">{\"@context\":\"https:\\\/\\\/schema.org\",\"@graph\":[{\"@type\":\"WebPage\",\"@id\":\"https:\\\/\\\/www.libinst.ch\\\/impressum\\\/\",\"url\":\"https:\\\/\\\/www.libinst.ch\\\/impressum\\\/\",\"name\":\"Impronta - Istituto Liberale\",\"isPartOf\":{\"@id\":\"\\\/#website\"},\"datePublished\":\"2023-08-02T09:56:31+00:00\",\"dateModified\":\"2024-01-05T12:16:48+00:00\",\"breadcrumb\":{\"@id\":\"https:\\\/\\\/www.libinst.ch\\\/impressum\\\/#breadcrumb\"},\"inLanguage\":\"it-IT\",\"potentialAction\":[{\"@type\":\"ReadAction\",\"target\":[\"https:\\\/\\\/www.libinst.ch\\\/impressum\\\/\"]}]},{\"@type\":\"BreadcrumbList\",\"@id\":\"https:\\\/\\\/www.libinst.ch\\\/impressum\\\/#breadcrumb\",\"itemListElement\":[{\"@type\":\"ListItem\",\"position\":1,\"name\":\"Home\",\"item\":\"https:\\\/\\\/www.libinst.ch\\\/\"},{\"@type\":\"ListItem\",\"position\":2,\"name\":\"Impronta\"}]},{\"@type\":\"WebSite\",\"@id\":\"\\\/#website\",\"url\":\"\\\/\",\"name\":\"Istituto Liberale\",\"description\":\"\",\"publisher\":{\"@id\":\"\\\/#organization\"},\"potentialAction\":[{\"@type\":\"SearchAction\",\"target\":{\"@type\":\"EntryPoint\",\"urlTemplate\":\"\\\/?s={search_term_string}\"},\"query-input\":{\"@type\":\"PropertyValueSpecification\",\"valueRequired\":true,\"valueName\":\"search_term_string\"}}],\"inLanguage\":\"it-IT\"},{\"@type\":\"Organization\",\"@id\":\"\\\/#organization\",\"name\":\"Istituto Liberale\",\"url\":\"\\\/\",\"logo\":{\"@type\":\"ImageObject\",\"inLanguage\":\"it-IT\",\"@id\":\"\\\/#\\\/schema\\\/logo\\\/image\\\/\",\"url\":\"https:\\\/\\\/www.libinst.ch\\\/wp-content\\\/uploads\\\/2023\\\/08\\\/logo-instituto-liberale.png\",\"contentUrl\":\"https:\\\/\\\/www.libinst.ch\\\/wp-content\\\/uploads\\\/2023\\\/08\\\/logo-instituto-liberale.png\",\"width\":2935,\"height\":458,\"caption\":\"Istituto Liberale\"},\"image\":{\"@id\":\"\\\/#\\\/schema\\\/logo\\\/image\\\/\"}}]}<\/script>\n<!-- \/ Yoast SEO plugin. -->","yoast_head_json":{"title":"Impronta - Istituto Liberale","robots":{"index":"index","follow":"follow","max-snippet":"max-snippet:-1","max-image-preview":"max-image-preview:large","max-video-preview":"max-video-preview:-1"},"canonical":"https:\/\/www.libinst.ch\/impressum\/","og_locale":"it_IT","og_type":"article","og_title":"Impronta - Istituto Liberale","og_description":"Impronta Fornitori &amp; Responsabili Instituto Liberal\u00a0Scheideggstrasse 738038 Z\u00fcrich Indirizzo e-mail del fornitore:\u00a0institut@libinst.ch Persona responsabile per l\u2019Istituto Liberale: Olivier Kessler, Direttore (olivier.kessler@libinst.ch) Dichiarazione di non responsabilit\u00e0 Responsabilit\u00e0 per il collegamento dei nostri contenuti: La nostra offerta contiene link a siti internet esterni di terzi, sui cui contenuti non abbiamo alcuna influenza. Pertanto, non possiamo assumerci alcuna [&hellip;]","og_url":"https:\/\/www.libinst.ch\/impressum\/","og_site_name":"Istituto Liberale","article_modified_time":"2024-01-05T12:16:48+00:00","twitter_card":"summary_large_image","twitter_misc":{"Tempo di lettura stimato":"3 minuti"},"schema":{"@context":"https:\/\/schema.org","@graph":[{"@type":"WebPage","@id":"https:\/\/www.libinst.ch\/impressum\/","url":"https:\/\/www.libinst.ch\/impressum\/","name":"Impronta - Istituto Liberale","isPartOf":{"@id":"\/#website"},"datePublished":"2023-08-02T09:56:31+00:00","dateModified":"2024-01-05T12:16:48+00:00","breadcrumb":{"@id":"https:\/\/www.libinst.ch\/impressum\/#breadcrumb"},"inLanguage":"it-IT","potentialAction":[{"@type":"ReadAction","target":["https:\/\/www.libinst.ch\/impressum\/"]}]},{"@type":"BreadcrumbList","@id":"https:\/\/www.libinst.ch\/impressum\/#breadcrumb","itemListElement":[{"@type":"ListItem","position":1,"name":"Home","item":"https:\/\/www.libinst.ch\/"},{"@type":"ListItem","position":2,"name":"Impronta"}]},{"@type":"WebSite","@id":"\/#website","url":"\/","name":"Istituto Liberale","description":"","publisher":{"@id":"\/#organization"},"potentialAction":[{"@type":"SearchAction","target":{"@type":"EntryPoint","urlTemplate":"\/?s={search_term_string}"},"query-input":{"@type":"PropertyValueSpecification","valueRequired":true,"valueName":"search_term_string"}}],"inLanguage":"it-IT"},{"@type":"Organization","@id":"\/#organization","name":"Istituto Liberale","url":"\/","logo":{"@type":"ImageObject","inLanguage":"it-IT","@id":"\/#\/schema\/logo\/image\/","url":"https:\/\/www.libinst.ch\/wp-content\/uploads\/2023\/08\/logo-instituto-liberale.png","contentUrl":"https:\/\/www.libinst.ch\/wp-content\/uploads\/2023\/08\/logo-instituto-liberale.png","width":2935,"height":458,"caption":"Istituto Liberale"},"image":{"@id":"\/#\/schema\/logo\/image\/"}}]}},"_links":{"self":[{"href":"https:\/\/www.libinst.ch\/it\/wp-json\/wp\/v2\/pages\/15844","targetHints":{"allow":["GET"]}}],"collection":[{"href":"https:\/\/www.libinst.ch\/it\/wp-json\/wp\/v2\/pages"}],"about":[{"href":"https:\/\/www.libinst.ch\/it\/wp-json\/wp\/v2\/types\/page"}],"author":[{"embeddable":true,"href":"https:\/\/www.libinst.ch\/it\/wp-json\/wp\/v2\/users\/8"}],"replies":[{"embeddable":true,"href":"https:\/\/www.libinst.ch\/it\/wp-json\/wp\/v2\/comments?post=15844"}],"version-history":[{"count":12,"href":"https:\/\/www.libinst.ch\/it\/wp-json\/wp\/v2\/pages\/15844\/revisions"}],"predecessor-version":[{"id":22895,"href":"https:\/\/www.libinst.ch\/it\/wp-json\/wp\/v2\/pages\/15844\/revisions\/22895"}],"wp:attachment":[{"href":"https:\/\/www.libinst.ch\/it\/wp-json\/wp\/v2\/media?parent=15844"}],"wp:term":[{"taxonomy":"tags","embeddable":true,"href":"https:\/\/www.libinst.ch\/it\/wp-json\/wp\/v2\/tag?post=15844"}],"curies":[{"name":"wp","href":"https:\/\/api.w.org\/{rel}","templated":true}]}}