{"id":16075,"date":"2023-08-03T10:21:41","date_gmt":"2023-08-03T08:21:41","guid":{"rendered":"https:\/\/libinst.detail-digital.ch\/?page_id=16075"},"modified":"2023-08-30T09:32:50","modified_gmt":"2023-08-30T07:32:50","slug":"termini-e-condizioni-generali-tcg","status":"publish","type":"page","link":"https:\/\/www.libinst.ch\/it\/termini-e-condizioni-generali-tcg\/","title":{"rendered":"Termini e Condizioni Generali (TCG)"},"content":{"rendered":"\t\t<div data-elementor-type=\"wp-page\" data-elementor-id=\"16075\" class=\"elementor elementor-16075 elementor-16074\" data-elementor-post-type=\"page\">\n\t\t\t\t<div class=\"elementor-element elementor-element-a5f40b1 section e-flex e-con-boxed e-con e-parent\" data-id=\"a5f40b1\" data-element_type=\"container\" data-e-type=\"container\">\n\t\t\t\t\t<div class=\"e-con-inner\">\n\t\t\t\t<div class=\"elementor-element elementor-element-0d2e69d elementor-widget elementor-widget-heading\" data-id=\"0d2e69d\" data-element_type=\"widget\" data-e-type=\"widget\" data-widget_type=\"heading.default\">\n\t\t\t\t<div class=\"elementor-widget-container\">\n\t\t\t\t\t<h2 class=\"elementor-heading-title elementor-size-default\">Termini e Condizioni Generali (TCG)<\/h2>\t\t\t\t<\/div>\n\t\t\t\t<\/div>\n\t\t\t\t<div class=\"elementor-element elementor-element-92f7e78 elementor-widget elementor-widget-text-editor\" data-id=\"92f7e78\" data-element_type=\"widget\" data-e-type=\"widget\" data-widget_type=\"text-editor.default\">\n\t\t\t\t<div class=\"elementor-widget-container\">\n\t\t\t\t\t\t\t\t\t<p>Benvenuti all\u2019Istituto Liberale.<\/p><p>I presenti Termini e Condizioni stabiliscono le norme e i regolamenti per l&#8217;utilizzo del sito internet dell\u2019Istituto Liberale all&#8217;indirizzo <a href=\"https:\/\/www.libinst.ch\">https:\/\/www.libinst.ch.<\/a><\/p><p>Accedendo al sito, Lei accetta integralmente i Termini e le Condizioni Generali. La invitiamo a non continuare a utilizzare il sito internet dell&#8217;Istituto Liberale se non accetta tutti i Termini e le Condizioni riportati in questa pagina.<\/p><p>\u00a0<\/p><h4><strong>Cookies:<\/strong><\/h4><p>Il sito utilizza i cookie per personalizzare la Sua esperienza online. Continuando ad accedere al sito internet dell\u2019Istituto Liberale, Lei acconsente all&#8217;uso dei cookie.<\/p><p>Un cookie \u00e8 un file di testo che viene memorizzato sul disco rigido da un server web. I cookie non possono eseguire programmi o trasmettere virus al Suo computer. Contengono un identificatore unico e possono essere letti solo dal server web del dominio che ha memorizzato il cookie sul dispositivo dell&#8217;utente.<\/p><p>Utilizziamo i cookie per una serie di scopi, tra cui l&#8217;analisi e i messaggi di marketing personalizzati volti a migliorare l&#8217;esperienza dell&#8217;utente sul nostro sito web. L&#8217;utente ha la possibilit\u00e0 di rifiutare i cookie opzionali. Tuttavia, alcuni cookie sono assolutamente necessari per il corretto funzionamento del nostro sito web. Tali cookie tecnicamente necessari devono essere sempre attivati e pertanto non richiedono consenso. Si noti che, accettando i cookie necessari, si accettano anche i cookie di terze parti qualora si utilizzino servizi forniti da terzi sul nostro sito web, come ad esempio una finestra di visualizzazione video integrata.<\/p><p>\u00a0<\/p><h4><strong>Licenza:<\/strong><\/h4><p>Se non diversamente specificato, l\u2019Istituto Liberale e\/o i suoi licenziatari detengono i diritti di propriet\u00e0 intellettuale per tutto il materiale presente sul sito internet dell\u2019Istituto Liberale. Tutti i diritti di propriet\u00e0 intellettuale sono riservati. \u00c8 possibile visualizzare e\/o stampare e\/o condividere sui social media e\/o collegarsi in altro modo alle pagine dell\u2019Istituto Liberale per uso personale, nel rispetto delle restrizioni stabilite nei presenti Termini e Condizioni Generali.<\/p><p>Il presente accordo entra in vigore a partire dalla data odierna.<br \/>In alcune aree di questo sito internet, gli utenti hanno la possibilit\u00e0 di lasciare commenti allo scopo di scambiare opinioni e informazioni. Tali commenti degli utenti non saranno rivisti, filtrati, modificati o diffusi prima della loro pubblicazione sul sito internet dell\u2019Istituto Liberale. I commenti degli utenti riflettono esclusivamente l&#8217;opinione personale del rispettivo autore e non rappresentano le opinioni e le convinzioni dell\u2019Istituto Liberale, dei suoi rappresentanti legali e\/o dei suoi partner di distribuzione. Salvo disposizioni di legge contrarie, l\u2019Istituto Liberale non si assume alcuna responsabilit\u00e0 per i commenti degli utenti o per eventuali richieste di risarcimento danni e\/o costi che potrebbero derivare dalla comparsa di tali commenti sul sito internet.<br \/>L\u2019Istituto Liberale si riserva il diritto di esaminare ed eventualmente rimuovere qualsiasi commento che possa essere considerato inappropriato, offensivo o in violazione dei Termini e Condizioni Generali.<\/p><p><strong>L\u2019utente dichiara, ci garantisce, e accetta che:<\/strong><\/p><ul><li>L&#8217;utente dispone delle autorizzazioni, delle licenze e dei consensi necessari per pubblicare commenti sul nostro sito internet;<\/li><li>I commenti dell\u2019utente non violano alcun diritto di propriet\u00e0 intellettuale o altri diritti di propriet\u00e0 come diritti d&#8217;autore, brevetti o marchi di terzi;<\/li><li>I commenti dell\u2019utente non contengono materiale offensivo, diffamatorio, osceno, inappropriato o altrimenti illegale o a violazione della privacy;<\/li><li>I commenti dell\u2019utente non hanno lo scopo di pubblicizzare o promuovere attivit\u00e0 commerciali, orientate al cliente, o atti illegali;<\/li><li>L\u2019utente concede all\u2019Istituto Liberale una licenza non esclusiva per utilizzare, riprodurre, modificare e autorizzare altri a utilizzare, riprodurre e modificare i propri commenti in qualsiasi forma, formato o supporto.<\/li><\/ul><p>\u00a0<\/p><h4><strong>Collegamento dei nostri contenuti:<\/strong><\/h4><h5><strong>Chiunque pu\u00f2 creare un link al nostro sito internet senza consenso scritto, a condizione che:<\/strong><\/h5><p>il collegamento: (a) non sia in alcun modo fuorviante; (b) non implichi erroneamente la sponsorizzazione, l&#8217;avallo o l&#8217;approvazione in relazione alla parte collegata o ai suoi prodotti e\/o servizi; e (c) si inserisca nel contesto del sito internet collegato.<\/p><p><b>Il nostro sito internet pu\u00f2 essere collegato come segue:<\/b><\/p><p>Utilizzando il nome del nostro istituto o<\/p><p>Utilizzando l&#8217;Uniform Resource Locator (URL) a cui si collega; oppure<\/p><p>Utilizzando altre descrizioni del nostro sito internet o dei materiali a cui \u00e8 collegato in modo tale che le descrizioni corrispondano al contesto e al contenuto del sito internet collegato.<\/p><p>Il logo dell&#8217;Istituto Liberale e altri elementi grafici non possono essere utilizzati per il collegamento senza un accordo di licenza relativo al marchio.<\/p><p>\u00a0<\/p><h4><strong>Responsabilit\u00e0 sui contenuti:<\/strong><\/h4><p>Non ci assumiamo alcuna responsabilit\u00e0 per i contenuti che appaiono sul Suo sito internet. L&#8217;utente accetta di indennizzarci per tutti i reclami presentati sul Suo sito internet. Non \u00e8 consentito inserire link in siti internet il cui contenuto possa essere considerato offensivo, diffamatorio, osceno, inappropriato o altrimenti illegale o a violazione della privacy.<\/p><p>\u00a0<\/p><h4><strong>Riserva di diritti:<\/strong><\/h4><p>Ci riserviamo il diritto, in qualsiasi momento e a nostra esclusiva discrezione, di richiedere la rimozione di tutti i link o di un particolare link al nostro sito internet. L&#8217;utente accetta di ottemperare prontamente a tale richiesta e di rimuovere immediatamente tutti i link al nostro sito internet. Ci riserviamo inoltre il diritto di modificare i Termini e Condizioni Generali e la politica di collegamento dei nostri contenuti in qualsiasi momento. Continuando a collegarsi al nostro sito internet, l&#8217;utente accetta la politica di collegamento dei nostri contenuti indicata nei presenti Termini e Condizioni. Continuando a collegarsi al nostro sito internet, l&#8217;utente accetta di essere vincolato a e di rispettare i presenti Termini e Condizioni di collegamento.<\/p><p>\u00a0<\/p><h4><strong>Rimozione di link dal nostro sito internet:<\/strong><\/h4><p>La preghiamo di contattarci in qualsiasi momento se ritenete che un link sul nostro sito internet o un sito internet collegato sia inappropriato per qualsiasi motivo. Le richieste di rimozione dei link saranno prese in considerazione, ma non siamo obbligati a soddisfarle o a rispondere direttamente alle richieste.<br \/>Non garantiamo la completezza o l&#8217;accuratezza delle informazioni contenute in questo sito internet, n\u00e9 che il sito internet rimanga disponibile nel tempo e che il materiale ivi presente sia aggiornato.<\/p><p>\u00a0<\/p><h4><strong>Dichiarazione di non responsabilit\u00e0:<\/strong><\/h4><p>Nella misura massima consentita dalla legge vigente, escludiamo tutte le dichiarazioni, garanzie e condizioni di responsabilit\u00e0 in relazione al nostro sito internet (e all&#8217;uso che ne viene fatto). Nulla di quanto contenuto nella presente clausola di esclusione della responsabilit\u00e0 \u00e8 inteso a:<\/p><ul><li>Limitare o escludere la nostra o la Sua responsabilit\u00e0 per morte o lesioni personali derivanti da negligenza;<\/li><li>Limitare o escludere la nostra o la Sua responsabilit\u00e0 per frode o falsa dichiarazione fraudolenta;<\/li><li>Limitare la nostra o la Sua responsabilit\u00e0 in qualsiasi modo che non sia consentito dalla legge applicabile; oppure<\/li><li>Escludere qualsiasi nostra o Sua responsabilit\u00e0 che non possa essere esclusa ai sensi della legge vigente.<\/li><\/ul><p>\u00a0<\/p><p>Le limitazioni e le esclusioni di responsabilit\u00e0 indicate in questa sezione e in altre parti della presente dichiarazione di non responsabilit\u00e0: (a) sono soggette al paragrafo precedente; e (b) si applicano a tutte le responsabilit\u00e0 derivanti da o in relazione all&#8217;oggetto della dichiarazione di non responsabilit\u00e0 stessa, ivi comprese le responsabilit\u00e0 contrattuali, extracontrattuali e per violazione degli obblighi di legge.<\/p><p>Finch\u00e9 il sito internet e le informazioni e i servizi in esso contenuti sono forniti gratuitamente, non ci assumiamo alcuna responsabilit\u00e0 per perdite o danni di qualsiasi tipo.<\/p>\t\t\t\t\t\t\t\t<\/div>\n\t\t\t\t<\/div>\n\t\t\t\t\t<\/div>\n\t\t\t\t<\/div>\n\t\t\t\t<\/div>\n\t\t","protected":false},"excerpt":{"rendered":"<p>Termini e Condizioni Generali (TCG) Benvenuti all\u2019Istituto Liberale. I presenti Termini e Condizioni stabiliscono le norme e i regolamenti per l&#8217;utilizzo del sito internet dell\u2019Istituto Liberale all&#8217;indirizzo https:\/\/www.libinst.ch. Accedendo al sito, Lei accetta integralmente i Termini e le Condizioni Generali. La invitiamo a non continuare a utilizzare il sito internet dell&#8217;Istituto Liberale se non accetta [&hellip;]<\/p>\n","protected":false},"author":8,"featured_media":0,"parent":0,"menu_order":0,"comment_status":"closed","ping_status":"closed","template":"","meta":{"_acf_changed":false,"footnotes":""},"tag":[],"class_list":["post-16075","page","type-page","status-publish","hentry"],"acf":[],"yoast_head":"<!-- This site is optimized with the Yoast SEO plugin v27.3 - https:\/\/yoast.com\/product\/yoast-seo-wordpress\/ -->\n<title>Termini e Condizioni Generali (TCG) - Istituto Liberale<\/title>\n<meta name=\"robots\" content=\"index, follow, max-snippet:-1, max-image-preview:large, max-video-preview:-1\" \/>\n<link rel=\"canonical\" href=\"https:\/\/www.libinst.ch\/it\/termini-e-condizioni-generali-tcg\/\" \/>\n<meta property=\"og:locale\" content=\"it_IT\" \/>\n<meta property=\"og:type\" content=\"article\" \/>\n<meta property=\"og:title\" content=\"Termini e Condizioni Generali (TCG) - Istituto Liberale\" \/>\n<meta property=\"og:description\" content=\"Termini e Condizioni Generali (TCG) Benvenuti all\u2019Istituto Liberale. I presenti Termini e Condizioni stabiliscono le norme e i regolamenti per l&#8217;utilizzo del sito internet dell\u2019Istituto Liberale all&#8217;indirizzo https:\/\/www.libinst.ch. Accedendo al sito, Lei accetta integralmente i Termini e le Condizioni Generali. La invitiamo a non continuare a utilizzare il sito internet dell&#8217;Istituto Liberale se non accetta [&hellip;]\" \/>\n<meta property=\"og:url\" content=\"https:\/\/www.libinst.ch\/it\/termini-e-condizioni-generali-tcg\/\" \/>\n<meta property=\"og:site_name\" content=\"Istituto Liberale\" \/>\n<meta property=\"article:modified_time\" content=\"2023-08-30T07:32:50+00:00\" \/>\n<meta name=\"twitter:card\" content=\"summary_large_image\" \/>\n<meta name=\"twitter:label1\" content=\"Tempo di lettura stimato\" \/>\n\t<meta name=\"twitter:data1\" content=\"7 minuti\" \/>\n<script type=\"application\/ld+json\" class=\"yoast-schema-graph\">{\"@context\":\"https:\\\/\\\/schema.org\",\"@graph\":[{\"@type\":\"WebPage\",\"@id\":\"https:\\\/\\\/www.libinst.ch\\\/it\\\/termini-e-condizioni-generali-tcg\\\/\",\"url\":\"https:\\\/\\\/www.libinst.ch\\\/it\\\/termini-e-condizioni-generali-tcg\\\/\",\"name\":\"Termini e Condizioni Generali (TCG) - Istituto Liberale\",\"isPartOf\":{\"@id\":\"\\\/#website\"},\"datePublished\":\"2023-08-03T08:21:41+00:00\",\"dateModified\":\"2023-08-30T07:32:50+00:00\",\"breadcrumb\":{\"@id\":\"https:\\\/\\\/www.libinst.ch\\\/it\\\/termini-e-condizioni-generali-tcg\\\/#breadcrumb\"},\"inLanguage\":\"it-IT\",\"potentialAction\":[{\"@type\":\"ReadAction\",\"target\":[\"https:\\\/\\\/www.libinst.ch\\\/it\\\/termini-e-condizioni-generali-tcg\\\/\"]}]},{\"@type\":\"BreadcrumbList\",\"@id\":\"https:\\\/\\\/www.libinst.ch\\\/it\\\/termini-e-condizioni-generali-tcg\\\/#breadcrumb\",\"itemListElement\":[{\"@type\":\"ListItem\",\"position\":1,\"name\":\"Home\",\"item\":\"https:\\\/\\\/www.libinst.ch\\\/\"},{\"@type\":\"ListItem\",\"position\":2,\"name\":\"Termini e Condizioni Generali (TCG)\"}]},{\"@type\":\"WebSite\",\"@id\":\"\\\/#website\",\"url\":\"\\\/\",\"name\":\"Istituto Liberale\",\"description\":\"\",\"publisher\":{\"@id\":\"\\\/#organization\"},\"potentialAction\":[{\"@type\":\"SearchAction\",\"target\":{\"@type\":\"EntryPoint\",\"urlTemplate\":\"\\\/?s={search_term_string}\"},\"query-input\":{\"@type\":\"PropertyValueSpecification\",\"valueRequired\":true,\"valueName\":\"search_term_string\"}}],\"inLanguage\":\"it-IT\"},{\"@type\":\"Organization\",\"@id\":\"\\\/#organization\",\"name\":\"Istituto Liberale\",\"url\":\"\\\/\",\"logo\":{\"@type\":\"ImageObject\",\"inLanguage\":\"it-IT\",\"@id\":\"\\\/#\\\/schema\\\/logo\\\/image\\\/\",\"url\":\"https:\\\/\\\/www.libinst.ch\\\/wp-content\\\/uploads\\\/2023\\\/08\\\/logo-instituto-liberale.png\",\"contentUrl\":\"https:\\\/\\\/www.libinst.ch\\\/wp-content\\\/uploads\\\/2023\\\/08\\\/logo-instituto-liberale.png\",\"width\":2935,\"height\":458,\"caption\":\"Istituto Liberale\"},\"image\":{\"@id\":\"\\\/#\\\/schema\\\/logo\\\/image\\\/\"}}]}<\/script>\n<!-- \/ Yoast SEO plugin. -->","yoast_head_json":{"title":"Termini e Condizioni Generali (TCG) - Istituto Liberale","robots":{"index":"index","follow":"follow","max-snippet":"max-snippet:-1","max-image-preview":"max-image-preview:large","max-video-preview":"max-video-preview:-1"},"canonical":"https:\/\/www.libinst.ch\/it\/termini-e-condizioni-generali-tcg\/","og_locale":"it_IT","og_type":"article","og_title":"Termini e Condizioni Generali (TCG) - Istituto Liberale","og_description":"Termini e Condizioni Generali (TCG) Benvenuti all\u2019Istituto Liberale. I presenti Termini e Condizioni stabiliscono le norme e i regolamenti per l&#8217;utilizzo del sito internet dell\u2019Istituto Liberale all&#8217;indirizzo https:\/\/www.libinst.ch. Accedendo al sito, Lei accetta integralmente i Termini e le Condizioni Generali. La invitiamo a non continuare a utilizzare il sito internet dell&#8217;Istituto Liberale se non accetta [&hellip;]","og_url":"https:\/\/www.libinst.ch\/it\/termini-e-condizioni-generali-tcg\/","og_site_name":"Istituto Liberale","article_modified_time":"2023-08-30T07:32:50+00:00","twitter_card":"summary_large_image","twitter_misc":{"Tempo di lettura stimato":"7 minuti"},"schema":{"@context":"https:\/\/schema.org","@graph":[{"@type":"WebPage","@id":"https:\/\/www.libinst.ch\/it\/termini-e-condizioni-generali-tcg\/","url":"https:\/\/www.libinst.ch\/it\/termini-e-condizioni-generali-tcg\/","name":"Termini e Condizioni Generali (TCG) - Istituto Liberale","isPartOf":{"@id":"\/#website"},"datePublished":"2023-08-03T08:21:41+00:00","dateModified":"2023-08-30T07:32:50+00:00","breadcrumb":{"@id":"https:\/\/www.libinst.ch\/it\/termini-e-condizioni-generali-tcg\/#breadcrumb"},"inLanguage":"it-IT","potentialAction":[{"@type":"ReadAction","target":["https:\/\/www.libinst.ch\/it\/termini-e-condizioni-generali-tcg\/"]}]},{"@type":"BreadcrumbList","@id":"https:\/\/www.libinst.ch\/it\/termini-e-condizioni-generali-tcg\/#breadcrumb","itemListElement":[{"@type":"ListItem","position":1,"name":"Home","item":"https:\/\/www.libinst.ch\/"},{"@type":"ListItem","position":2,"name":"Termini e Condizioni Generali (TCG)"}]},{"@type":"WebSite","@id":"\/#website","url":"\/","name":"Istituto Liberale","description":"","publisher":{"@id":"\/#organization"},"potentialAction":[{"@type":"SearchAction","target":{"@type":"EntryPoint","urlTemplate":"\/?s={search_term_string}"},"query-input":{"@type":"PropertyValueSpecification","valueRequired":true,"valueName":"search_term_string"}}],"inLanguage":"it-IT"},{"@type":"Organization","@id":"\/#organization","name":"Istituto Liberale","url":"\/","logo":{"@type":"ImageObject","inLanguage":"it-IT","@id":"\/#\/schema\/logo\/image\/","url":"https:\/\/www.libinst.ch\/wp-content\/uploads\/2023\/08\/logo-instituto-liberale.png","contentUrl":"https:\/\/www.libinst.ch\/wp-content\/uploads\/2023\/08\/logo-instituto-liberale.png","width":2935,"height":458,"caption":"Istituto Liberale"},"image":{"@id":"\/#\/schema\/logo\/image\/"}}]}},"_links":{"self":[{"href":"https:\/\/www.libinst.ch\/it\/wp-json\/wp\/v2\/pages\/16075","targetHints":{"allow":["GET"]}}],"collection":[{"href":"https:\/\/www.libinst.ch\/it\/wp-json\/wp\/v2\/pages"}],"about":[{"href":"https:\/\/www.libinst.ch\/it\/wp-json\/wp\/v2\/types\/page"}],"author":[{"embeddable":true,"href":"https:\/\/www.libinst.ch\/it\/wp-json\/wp\/v2\/users\/8"}],"replies":[{"embeddable":true,"href":"https:\/\/www.libinst.ch\/it\/wp-json\/wp\/v2\/comments?post=16075"}],"version-history":[{"count":9,"href":"https:\/\/www.libinst.ch\/it\/wp-json\/wp\/v2\/pages\/16075\/revisions"}],"predecessor-version":[{"id":19406,"href":"https:\/\/www.libinst.ch\/it\/wp-json\/wp\/v2\/pages\/16075\/revisions\/19406"}],"wp:attachment":[{"href":"https:\/\/www.libinst.ch\/it\/wp-json\/wp\/v2\/media?parent=16075"}],"wp:term":[{"taxonomy":"tags","embeddable":true,"href":"https:\/\/www.libinst.ch\/it\/wp-json\/wp\/v2\/tag?post=16075"}],"curies":[{"name":"wp","href":"https:\/\/api.w.org\/{rel}","templated":true}]}}