{"id":16486,"date":"2023-06-21T13:14:21","date_gmt":"2023-06-21T11:14:21","guid":{"rendered":"https:\/\/libinst.detail-digital.ch\/indice-dei-diritti-di-proprieta\/"},"modified":"2023-08-25T09:03:54","modified_gmt":"2023-08-25T07:03:54","slug":"indice-dei-diritti-di-proprieta","status":"publish","type":"page","link":"https:\/\/www.libinst.ch\/it\/indice-dei-diritti-di-proprieta\/","title":{"rendered":"Indice dei diritti di propriet\u00e0"},"content":{"rendered":"\t\t<div data-elementor-type=\"wp-page\" data-elementor-id=\"16486\" class=\"elementor elementor-16486 elementor-13717\" data-elementor-post-type=\"page\">\n\t\t\t\t<div class=\"elementor-element elementor-element-26c795bb section e-flex e-con-boxed e-con e-parent\" data-id=\"26c795bb\" data-element_type=\"container\" data-e-type=\"container\">\n\t\t\t\t\t<div class=\"e-con-inner\">\n\t\t<div class=\"elementor-element elementor-element-19823e39 e-flex e-con-boxed e-con e-parent\" data-id=\"19823e39\" data-element_type=\"container\" data-e-type=\"container\">\n\t\t\t\t\t<div class=\"e-con-inner\">\n\t\t\t\t<div class=\"elementor-element elementor-element-48ef7413 elementor-widget elementor-widget-heading\" data-id=\"48ef7413\" data-element_type=\"widget\" data-e-type=\"widget\" data-widget_type=\"heading.default\">\n\t\t\t\t<div class=\"elementor-widget-container\">\n\t\t\t\t\t<h2 class=\"elementor-heading-title elementor-size-default\">Indice dei diritti di propriet\u00e0<\/h2>\t\t\t\t<\/div>\n\t\t\t\t<\/div>\n\t\t<div class=\"elementor-element elementor-element-1f1a1350 e-flex e-con-boxed e-con e-parent\" data-id=\"1f1a1350\" data-element_type=\"container\" data-e-type=\"container\">\n\t\t\t\t\t<div class=\"e-con-inner\">\n\t\t\t\t\t<\/div>\n\t\t\t\t<\/div>\n\t\t\t\t\t<\/div>\n\t\t\t\t<\/div>\n\t\t\t\t<div class=\"elementor-element elementor-element-dc2e74e elementor-widget elementor-widget-text-editor\" data-id=\"dc2e74e\" data-element_type=\"widget\" data-e-type=\"widget\" data-widget_type=\"text-editor.default\">\n\t\t\t\t<div class=\"elementor-widget-container\">\n\t\t\t\t\t\t\t\t\t<p>I diritti di propriet\u00e0 non sono solo elemento fondamentale della libert\u00e0 individuale, bens\u00ec anche del benessere della societ\u00e0. Tuttavia nelle discussioni pubbliche l&#8217;importanza del rafforzamento dei diritti di propriet\u00e0 \u00e8 sistematicamente sottovalutata. L&#8217;indice internazionale dei diritti di propriet\u00e0 mira a colmare questa lacuna. Dal 2007 l&#8217;indice richiama l&#8217;attenzione a livello internazionale sulla condizione e sull&#8217;evoluzione dei diritti di propriet\u00e0. L&#8217;Istituto Liberale \u00e8 il partner istituzionale svizzero dell&#8217;indice internazionale dei diritti di propriet\u00e0. <\/p>\n\t\t\t\t\t\t\t\t<\/div>\n\t\t\t\t<\/div>\n\t\t\t\t<div class=\"elementor-element elementor-element-59f47fbc elementor-align-left elementor-widget elementor-widget-button\" data-id=\"59f47fbc\" data-element_type=\"widget\" data-e-type=\"widget\" data-widget_type=\"button.default\">\n\t\t\t\t<div class=\"elementor-widget-container\">\n\t\t\t\t\t\t\t\t\t<div class=\"elementor-button-wrapper\">\n\t\t\t\t\t<a class=\"elementor-button elementor-button-link elementor-size-sm\" href=\"http:\/\/internationalpropertyrightsindex.org\/\" target=\"_blank\" rel=\"nofollow\">\n\t\t\t\t\t\t<span class=\"elementor-button-content-wrapper\">\n\t\t\t\t\t\t\t\t\t<span class=\"elementor-button-text\">Al sito web dell'Indice internazionale dei diritti di propriet\u00e0<\/span>\n\t\t\t\t\t<\/span>\n\t\t\t\t\t<\/a>\n\t\t\t\t<\/div>\n\t\t\t\t\t\t\t\t<\/div>\n\t\t\t\t<\/div>\n\t\t\t\t\t<\/div>\n\t\t\t\t<\/div>\n\t\t\t\t<\/div>\n\t\t","protected":false},"excerpt":{"rendered":"<p>Indice dei diritti di propriet\u00e0 I diritti di propriet\u00e0 non sono solo elemento fondamentale della libert\u00e0 individuale, bens\u00ec anche del benessere della societ\u00e0. Tuttavia nelle discussioni pubbliche l&#8217;importanza del rafforzamento dei diritti di propriet\u00e0 \u00e8 sistematicamente sottovalutata. L&#8217;indice internazionale dei diritti di propriet\u00e0 mira a colmare questa lacuna. Dal 2007 l&#8217;indice richiama l&#8217;attenzione a livello [&hellip;]<\/p>\n","protected":false},"author":8,"featured_media":0,"parent":0,"menu_order":0,"comment_status":"closed","ping_status":"closed","template":"","meta":{"_acf_changed":false,"footnotes":""},"tag":[],"class_list":["post-16486","page","type-page","status-publish","hentry"],"acf":[],"yoast_head":"<!-- This site is optimized with the Yoast SEO plugin v27.3 - https:\/\/yoast.com\/product\/yoast-seo-wordpress\/ -->\n<title>Indice dei diritti di propriet\u00e0 - Istituto Liberale<\/title>\n<meta name=\"robots\" content=\"index, follow, max-snippet:-1, max-image-preview:large, max-video-preview:-1\" \/>\n<link rel=\"canonical\" href=\"https:\/\/www.libinst.ch\/it\/indice-dei-diritti-di-proprieta\/\" \/>\n<meta property=\"og:locale\" content=\"it_IT\" \/>\n<meta property=\"og:type\" content=\"article\" \/>\n<meta property=\"og:title\" content=\"Indice dei diritti di propriet\u00e0 - Istituto Liberale\" \/>\n<meta property=\"og:description\" content=\"Indice dei diritti di propriet\u00e0 I diritti di propriet\u00e0 non sono solo elemento fondamentale della libert\u00e0 individuale, bens\u00ec anche del benessere della societ\u00e0. Tuttavia nelle discussioni pubbliche l&#8217;importanza del rafforzamento dei diritti di propriet\u00e0 \u00e8 sistematicamente sottovalutata. L&#8217;indice internazionale dei diritti di propriet\u00e0 mira a colmare questa lacuna. Dal 2007 l&#8217;indice richiama l&#8217;attenzione a livello [&hellip;]\" \/>\n<meta property=\"og:url\" content=\"https:\/\/www.libinst.ch\/it\/indice-dei-diritti-di-proprieta\/\" \/>\n<meta property=\"og:site_name\" content=\"Istituto Liberale\" \/>\n<meta property=\"article:modified_time\" content=\"2023-08-25T07:03:54+00:00\" \/>\n<meta name=\"twitter:card\" content=\"summary_large_image\" \/>\n<meta name=\"twitter:label1\" content=\"Tempo di lettura stimato\" \/>\n\t<meta name=\"twitter:data1\" content=\"1 minuto\" \/>\n<script type=\"application\/ld+json\" class=\"yoast-schema-graph\">{\"@context\":\"https:\\\/\\\/schema.org\",\"@graph\":[{\"@type\":\"WebPage\",\"@id\":\"https:\\\/\\\/www.libinst.ch\\\/it\\\/indice-dei-diritti-di-proprieta\\\/\",\"url\":\"https:\\\/\\\/www.libinst.ch\\\/it\\\/indice-dei-diritti-di-proprieta\\\/\",\"name\":\"Indice dei diritti di propriet\u00e0 - Istituto Liberale\",\"isPartOf\":{\"@id\":\"\\\/#website\"},\"datePublished\":\"2023-06-21T11:14:21+00:00\",\"dateModified\":\"2023-08-25T07:03:54+00:00\",\"breadcrumb\":{\"@id\":\"https:\\\/\\\/www.libinst.ch\\\/it\\\/indice-dei-diritti-di-proprieta\\\/#breadcrumb\"},\"inLanguage\":\"it-IT\",\"potentialAction\":[{\"@type\":\"ReadAction\",\"target\":[\"https:\\\/\\\/www.libinst.ch\\\/it\\\/indice-dei-diritti-di-proprieta\\\/\"]}]},{\"@type\":\"BreadcrumbList\",\"@id\":\"https:\\\/\\\/www.libinst.ch\\\/it\\\/indice-dei-diritti-di-proprieta\\\/#breadcrumb\",\"itemListElement\":[{\"@type\":\"ListItem\",\"position\":1,\"name\":\"Home\",\"item\":\"https:\\\/\\\/www.libinst.ch\\\/\"},{\"@type\":\"ListItem\",\"position\":2,\"name\":\"Indice dei diritti di propriet\u00e0\"}]},{\"@type\":\"WebSite\",\"@id\":\"\\\/#website\",\"url\":\"\\\/\",\"name\":\"Istituto Liberale\",\"description\":\"\",\"publisher\":{\"@id\":\"\\\/#organization\"},\"potentialAction\":[{\"@type\":\"SearchAction\",\"target\":{\"@type\":\"EntryPoint\",\"urlTemplate\":\"\\\/?s={search_term_string}\"},\"query-input\":{\"@type\":\"PropertyValueSpecification\",\"valueRequired\":true,\"valueName\":\"search_term_string\"}}],\"inLanguage\":\"it-IT\"},{\"@type\":\"Organization\",\"@id\":\"\\\/#organization\",\"name\":\"Istituto Liberale\",\"url\":\"\\\/\",\"logo\":{\"@type\":\"ImageObject\",\"inLanguage\":\"it-IT\",\"@id\":\"\\\/#\\\/schema\\\/logo\\\/image\\\/\",\"url\":\"https:\\\/\\\/www.libinst.ch\\\/wp-content\\\/uploads\\\/2023\\\/08\\\/logo-instituto-liberale.png\",\"contentUrl\":\"https:\\\/\\\/www.libinst.ch\\\/wp-content\\\/uploads\\\/2023\\\/08\\\/logo-instituto-liberale.png\",\"width\":2935,\"height\":458,\"caption\":\"Istituto Liberale\"},\"image\":{\"@id\":\"\\\/#\\\/schema\\\/logo\\\/image\\\/\"}}]}<\/script>\n<!-- \/ Yoast SEO plugin. -->","yoast_head_json":{"title":"Indice dei diritti di propriet\u00e0 - Istituto Liberale","robots":{"index":"index","follow":"follow","max-snippet":"max-snippet:-1","max-image-preview":"max-image-preview:large","max-video-preview":"max-video-preview:-1"},"canonical":"https:\/\/www.libinst.ch\/it\/indice-dei-diritti-di-proprieta\/","og_locale":"it_IT","og_type":"article","og_title":"Indice dei diritti di propriet\u00e0 - Istituto Liberale","og_description":"Indice dei diritti di propriet\u00e0 I diritti di propriet\u00e0 non sono solo elemento fondamentale della libert\u00e0 individuale, bens\u00ec anche del benessere della societ\u00e0. Tuttavia nelle discussioni pubbliche l&#8217;importanza del rafforzamento dei diritti di propriet\u00e0 \u00e8 sistematicamente sottovalutata. L&#8217;indice internazionale dei diritti di propriet\u00e0 mira a colmare questa lacuna. Dal 2007 l&#8217;indice richiama l&#8217;attenzione a livello [&hellip;]","og_url":"https:\/\/www.libinst.ch\/it\/indice-dei-diritti-di-proprieta\/","og_site_name":"Istituto Liberale","article_modified_time":"2023-08-25T07:03:54+00:00","twitter_card":"summary_large_image","twitter_misc":{"Tempo di lettura stimato":"1 minuto"},"schema":{"@context":"https:\/\/schema.org","@graph":[{"@type":"WebPage","@id":"https:\/\/www.libinst.ch\/it\/indice-dei-diritti-di-proprieta\/","url":"https:\/\/www.libinst.ch\/it\/indice-dei-diritti-di-proprieta\/","name":"Indice dei diritti di propriet\u00e0 - Istituto Liberale","isPartOf":{"@id":"\/#website"},"datePublished":"2023-06-21T11:14:21+00:00","dateModified":"2023-08-25T07:03:54+00:00","breadcrumb":{"@id":"https:\/\/www.libinst.ch\/it\/indice-dei-diritti-di-proprieta\/#breadcrumb"},"inLanguage":"it-IT","potentialAction":[{"@type":"ReadAction","target":["https:\/\/www.libinst.ch\/it\/indice-dei-diritti-di-proprieta\/"]}]},{"@type":"BreadcrumbList","@id":"https:\/\/www.libinst.ch\/it\/indice-dei-diritti-di-proprieta\/#breadcrumb","itemListElement":[{"@type":"ListItem","position":1,"name":"Home","item":"https:\/\/www.libinst.ch\/"},{"@type":"ListItem","position":2,"name":"Indice dei diritti di propriet\u00e0"}]},{"@type":"WebSite","@id":"\/#website","url":"\/","name":"Istituto Liberale","description":"","publisher":{"@id":"\/#organization"},"potentialAction":[{"@type":"SearchAction","target":{"@type":"EntryPoint","urlTemplate":"\/?s={search_term_string}"},"query-input":{"@type":"PropertyValueSpecification","valueRequired":true,"valueName":"search_term_string"}}],"inLanguage":"it-IT"},{"@type":"Organization","@id":"\/#organization","name":"Istituto Liberale","url":"\/","logo":{"@type":"ImageObject","inLanguage":"it-IT","@id":"\/#\/schema\/logo\/image\/","url":"https:\/\/www.libinst.ch\/wp-content\/uploads\/2023\/08\/logo-instituto-liberale.png","contentUrl":"https:\/\/www.libinst.ch\/wp-content\/uploads\/2023\/08\/logo-instituto-liberale.png","width":2935,"height":458,"caption":"Istituto Liberale"},"image":{"@id":"\/#\/schema\/logo\/image\/"}}]}},"_links":{"self":[{"href":"https:\/\/www.libinst.ch\/it\/wp-json\/wp\/v2\/pages\/16486","targetHints":{"allow":["GET"]}}],"collection":[{"href":"https:\/\/www.libinst.ch\/it\/wp-json\/wp\/v2\/pages"}],"about":[{"href":"https:\/\/www.libinst.ch\/it\/wp-json\/wp\/v2\/types\/page"}],"author":[{"embeddable":true,"href":"https:\/\/www.libinst.ch\/it\/wp-json\/wp\/v2\/users\/8"}],"replies":[{"embeddable":true,"href":"https:\/\/www.libinst.ch\/it\/wp-json\/wp\/v2\/comments?post=16486"}],"version-history":[{"count":5,"href":"https:\/\/www.libinst.ch\/it\/wp-json\/wp\/v2\/pages\/16486\/revisions"}],"predecessor-version":[{"id":19365,"href":"https:\/\/www.libinst.ch\/it\/wp-json\/wp\/v2\/pages\/16486\/revisions\/19365"}],"wp:attachment":[{"href":"https:\/\/www.libinst.ch\/it\/wp-json\/wp\/v2\/media?parent=16486"}],"wp:term":[{"taxonomy":"tags","embeddable":true,"href":"https:\/\/www.libinst.ch\/it\/wp-json\/wp\/v2\/tag?post=16486"}],"curies":[{"name":"wp","href":"https:\/\/api.w.org\/{rel}","templated":true}]}}