{"id":21970,"date":"2023-09-28T18:57:43","date_gmt":"2023-09-28T16:57:43","guid":{"rendered":"https:\/\/www.libinst.ch\/?page_id=21970"},"modified":"2023-09-29T10:20:06","modified_gmt":"2023-09-29T08:20:06","slug":"biblioteca-della-liberta","status":"publish","type":"page","link":"https:\/\/www.libinst.ch\/it\/biblioteca-della-liberta\/","title":{"rendered":"Biblioteca della Libert\u00e0"},"content":{"rendered":"\t\t<div data-elementor-type=\"wp-page\" data-elementor-id=\"21970\" class=\"elementor elementor-21970 elementor-21936\" data-elementor-post-type=\"page\">\n\t\t\t\t<div class=\"elementor-element elementor-element-78465b92 section e-flex e-con-boxed e-con e-parent\" data-id=\"78465b92\" data-element_type=\"container\" data-e-type=\"container\">\n\t\t\t\t\t<div class=\"e-con-inner\">\n\t\t\t\t<div class=\"elementor-element elementor-element-6e383e2c elementor-widget elementor-widget-image\" data-id=\"6e383e2c\" data-element_type=\"widget\" data-e-type=\"widget\" data-widget_type=\"image.default\">\n\t\t\t\t<div class=\"elementor-widget-container\">\n\t\t\t\t\t\t\t\t\t\t\t\t\t\t\t<img loading=\"lazy\" decoding=\"async\" width=\"1600\" height=\"300\" src=\"https:\/\/www.libinst.ch\/wp-content\/uploads\/2023\/09\/bibliothek-der-freiheit.jpg\" class=\"attachment-full size-full wp-image-21945\" alt=\"\" srcset=\"https:\/\/www.libinst.ch\/wp-content\/uploads\/2023\/09\/bibliothek-der-freiheit.jpg 1600w, https:\/\/www.libinst.ch\/wp-content\/uploads\/2023\/09\/bibliothek-der-freiheit-300x56.jpg 300w, https:\/\/www.libinst.ch\/wp-content\/uploads\/2023\/09\/bibliothek-der-freiheit-1024x192.jpg 1024w, https:\/\/www.libinst.ch\/wp-content\/uploads\/2023\/09\/bibliothek-der-freiheit-768x144.jpg 768w, https:\/\/www.libinst.ch\/wp-content\/uploads\/2023\/09\/bibliothek-der-freiheit-1536x288.jpg 1536w, https:\/\/www.libinst.ch\/wp-content\/uploads\/2023\/09\/bibliothek-der-freiheit-600x113.jpg 600w\" sizes=\"auto, (max-width: 1600px) 100vw, 1600px\" \/>\t\t\t\t\t\t\t\t\t\t\t\t\t\t\t<\/div>\n\t\t\t\t<\/div>\n\t\t\t\t<div class=\"elementor-element elementor-element-124bb793 elementor-widget elementor-widget-text-editor\" data-id=\"124bb793\" data-element_type=\"widget\" data-e-type=\"widget\" data-widget_type=\"text-editor.default\">\n\t\t\t\t<div class=\"elementor-widget-container\">\n\t\t\t\t\t\t\t\t\t<p>La Biblioteca della Libert\u00e0 dell&#8217;Istituto Liberale offre un panorama molto completo delle migliori opere generaliste e specialistiche facenti riferimento alla filosofia e all&#8217;economia politica della libert\u00e0 e che analizzano le politiche pubblica da un punto di vista liberale. La Biblioteca della Libert\u00e0 \u00e8 aperta agli studenti, ai ricercatori, ma anche a qualunque altra persona interessata alla tradizione intellettuale della libert\u00e0.<\/p>\t\t\t\t\t\t\t\t<\/div>\n\t\t\t\t<\/div>\n\t\t\t\t\t<\/div>\n\t\t\t\t<\/div>\n\t\t<div class=\"elementor-element elementor-element-26614db6 e-flex e-con-boxed e-con e-parent\" data-id=\"26614db6\" data-element_type=\"container\" data-e-type=\"container\">\n\t\t\t\t\t<div class=\"e-con-inner\">\n\t\t\t\t<div class=\"elementor-element elementor-element-5c77dceb elementor-widget elementor-widget-shortcode\" data-id=\"5c77dceb\" data-element_type=\"widget\" data-e-type=\"widget\" data-widget_type=\"shortcode.default\">\n\t\t\t\t<div class=\"elementor-widget-container\">\n\t\t\t\t\t\t\t<div class=\"elementor-shortcode\"><script src=\"https:\/\/cdn.jsdelivr.net\/npm\/vue@2.7.14\"><\/script>\n                   <script src=\"https:\/\/cdn.jsdelivr.net\/npm\/axios@1.5.1\/dist\/axios.min.js\"><\/script><div id=\"libinst-library\"><div class=\"lib-searchbar\"><div class=\"icon icon-magnify\"><\/div><input type=\"text\" @change=\"updatedFilters\" v-model=\"searchtext\" placeholder=\"Ricerca per titolo, autore, editore o parole chiave\"><\/div><div class=\"lib-extended-search\"><h3 class=\"label-uppercase\">Ricerca avanzata<\/h3>\n        <div class=\"lib-search-category\">\n            <div class=\"lib-category-title\">Categoria<\/div>\n            <label ><input type=\"checkbox\" @change=\"updatedFilters\" v-model=\"kategorien\" value=\"7\">Analisi del campo politico <\/label>\n            <label ><input type=\"checkbox\" @change=\"updatedFilters\" v-model=\"kategorien\" value=\"9\">Filosofia politica <\/label>\n            <label ><input type=\"checkbox\" @change=\"updatedFilters\" v-model=\"kategorien\" value=\"2\">Economia politica<\/label>\n \n        <\/div>\n        \n        <div class=\"lib-search-category\">\n                <div class=\"lib-category-title\">Lingua<\/div>\n            <label ><input type=\"checkbox\" @change=\"updatedFilters\" v-model=\"sprachen\" value=\"2\">Tedesco<\/label>\n            <label ><input type=\"checkbox\" @change=\"updatedFilters\" v-model=\"sprachen\" value=\"3\">Francese<\/label>\n            <label ><input type=\"checkbox\" @change=\"updatedFilters\" v-model=\"sprachen\" value=\"4\">Italiano<\/label>\n            <label ><input type=\"checkbox\" @change=\"updatedFilters\" v-model=\"sprachen\" value=\"1\">Inglese<\/label>\n    \n        <\/div>\n       \n        <\/div><div class=\"lib-extended-search\">\n            <h3 class=\"label-uppercase\">Filtrare in ordine alfabetico<\/h3>\n            <div class=\"alphabet-list\">\n                <div class=\"letter\" @click=\"setLetter(letter)\" v-for=\"(letter) in letters\" v-bind:class=\"{ disabled: !hasLetter(letter), hasLetter: hasLetter(letter), active: startingLetter === letter }\">{{ letter }}<\/div>\n<\/div>\n<\/div>  <div class=\"lib-extended-search\">\n<h2 style=\"margin-top: 30px; font-size: 38px; \">Risultati<\/h2>\n<\/div><div class=\"no-results-found\" v-if=\"results.length === 0\">Nessun risultato<\/div><div class=\"lib-results-table\" v-if=\"results.length > 0\"><div class=\"lib-results-heading\">\n            <div class=\"lib-heading-title type-title\">Titolo<\/div>\n            <div class=\"lib-heading-title type-autor\">Autore<\/div>\n            <div class=\"lib-heading-title type-herausgeber\">Editore<\/div>\n            <div class=\"lib-heading-title type-datum align-right\">Data<\/div>\n        <\/div><div class=\"lib-result-item\" v-for=\"(result) in results\">\n\n            <div class=\"lib-result-item-value lib-title type-title\">{{ result.buchtitel }}<\/div>\n            <div class=\"lib-result-item-value type-autor\">{{ result.autor }}<\/div>\n            <div class=\"lib-result-item-value type-herausgeber\">{{ result.herausgeber }}<\/div>\n            <div class=\"lib-result-item-value align-right type-datum\">{{ result.erscheinungsjahr }}<\/div>\n        <\/div><\/div><div class=\"pagination-container\" v-if=\"total_pages > 1\">  \n                    Pagina    \n<template v-for=\"(pagenumber) in total_pages\">\n                <div class=\"page-ellipsis\" v-if=\"pagenumber - page === -5 && pagenumber !== 1\" >...<\/div>\n                 <div class=\"page page-number\" v-bind:class=\" { active: page === pagenumber - 1 }\" v-if=\"Math.abs(page - pagenumber) < 5 || pagenumber === total_pages || pagenumber === 1\" @click=\"setPageNumber(pagenumber)\">{{ pagenumber }}<\/div>\n                 <div class=\"page-ellipsis\" v-if=\"pagenumber - page === 5 && pagenumber !== total_pages\">...<\/div>\n                 <\/template>\n        <\/div><\/div><script>\n    \n    document.addEventListener('DOMContentLoaded', function(event) {\n        var app = new Vue({\n          el: '#libinst-library',\n          data: {\n                searchtext: '',\n                results: [],\n                sprachen: [],\n                kategorien: [],\n                total_results: 0,\n                page: 0,\n                total_pages: 1,\n                startingLetter: null,\n                letters: 'abcdefghijklmnopqrstuvwxyz',\n                used_letters: []\n          },\n          mounted: function(){\n            this.getResults()\n          },\n            computed: {\n            queryString(){\n              var query = '';\n              \n              if(this.sprachen.length > 0){\n                query += '&sprachen=' + this.sprachen.join(',');\n              }\n              \n              if(this.kategorien.length > 0){\n                query += '&kategorien=' + this.kategorien.join(',');\n              }\n              \n              if(this.searchtext.length > 0){\n                query += '&sq=' + this.searchtext;\n              }\n              \n              if(this.startingLetter !== null){\n                query += '&sl=' + this.startingLetter; \n              }\n              \n              query += '&page=' + this.page;\n              return query;\n            }\n            \n            },\n          methods: {\n            setPageNumber(pagenumber){\n              this.page = pagenumber - 1;\n              this.getResults();\n            },\n            onlyUnique(value, index, array) {\n              return array.indexOf(value) === index;\n            },\n            hasLetter(letter){\n               return this.used_letters.includes(letter.toLowerCase())\n            },\n            updatedFilters(){\n              this.page = 0;\n              this.getResults();\n            },\n            setLetter(letter){\n              if(this.startingLetter === letter){\n                this.startingLetter = null;\n              } else {\n                this.startingLetter = letter;\n                }\n                this.page = 0;\n                this.getResults();\n            },\n            getResults(){\n              axios.get('\/wp-content\/plugins\/libinst\/external\/library\/?' + this.queryString)\n              .then((response) => {\n                \n                this.results = response.data.data;\n                this.total_pages = response.data.total_pages;\n                this.total_results = response.data.total_results;\n                this.used_letters = response.data.letters;\n              })\n            }\n          }\n        })\n});\n<\/script><\/div>\n\t\t\t\t\t\t<\/div>\n\t\t\t\t<\/div>\n\t\t\t\t\t<\/div>\n\t\t\t\t<\/div>\n\t\t\t\t<\/div>\n\t\t","protected":false},"excerpt":{"rendered":"<p>La Biblioteca della Libert\u00e0 dell&#8217;Istituto Liberale offre un panorama molto completo delle migliori opere generaliste e specialistiche facenti riferimento alla filosofia e all&#8217;economia politica della libert\u00e0 e che analizzano le politiche pubblica da un punto di vista liberale. La Biblioteca della Libert\u00e0 \u00e8 aperta agli studenti, ai ricercatori, ma anche a qualunque altra persona interessata [&hellip;]<\/p>\n","protected":false},"author":8,"featured_media":0,"parent":0,"menu_order":0,"comment_status":"closed","ping_status":"closed","template":"","meta":{"_acf_changed":false,"footnotes":""},"tag":[],"class_list":["post-21970","page","type-page","status-publish","hentry"],"acf":[],"yoast_head":"<!-- This site is optimized with the Yoast SEO plugin v27.3 - https:\/\/yoast.com\/product\/yoast-seo-wordpress\/ -->\n<title>Biblioteca della Libert\u00e0 - Istituto Liberale<\/title>\n<meta name=\"robots\" content=\"index, follow, max-snippet:-1, max-image-preview:large, max-video-preview:-1\" \/>\n<link rel=\"canonical\" href=\"https:\/\/www.libinst.ch\/bibliothek-der-freiheit\/\" \/>\n<meta property=\"og:locale\" content=\"it_IT\" \/>\n<meta property=\"og:type\" content=\"article\" \/>\n<meta property=\"og:title\" content=\"Biblioteca della Libert\u00e0 - Istituto Liberale\" \/>\n<meta property=\"og:description\" content=\"La Biblioteca della Libert\u00e0 dell&#8217;Istituto Liberale offre un panorama molto completo delle migliori opere generaliste e specialistiche facenti riferimento alla filosofia e all&#8217;economia politica della libert\u00e0 e che analizzano le politiche pubblica da un punto di vista liberale. La Biblioteca della Libert\u00e0 \u00e8 aperta agli studenti, ai ricercatori, ma anche a qualunque altra persona interessata [&hellip;]\" \/>\n<meta property=\"og:url\" content=\"https:\/\/www.libinst.ch\/bibliothek-der-freiheit\/\" \/>\n<meta property=\"og:site_name\" content=\"Istituto Liberale\" \/>\n<meta property=\"article:modified_time\" content=\"2023-09-29T08:20:06+00:00\" \/>\n<meta property=\"og:image\" content=\"https:\/\/www.libinst.ch\/wp-content\/uploads\/2023\/09\/bibliothek-der-freiheit.jpg\" \/>\n<meta name=\"twitter:card\" content=\"summary_large_image\" \/>\n<meta name=\"twitter:label1\" content=\"Tempo di lettura stimato\" \/>\n\t<meta name=\"twitter:data1\" content=\"1 minuto\" \/>\n<script type=\"application\/ld+json\" class=\"yoast-schema-graph\">{\"@context\":\"https:\\\/\\\/schema.org\",\"@graph\":[{\"@type\":\"WebPage\",\"@id\":\"https:\\\/\\\/www.libinst.ch\\\/bibliothek-der-freiheit\\\/\",\"url\":\"https:\\\/\\\/www.libinst.ch\\\/bibliothek-der-freiheit\\\/\",\"name\":\"Biblioteca della Libert\u00e0 - Istituto Liberale\",\"isPartOf\":{\"@id\":\"\\\/#website\"},\"primaryImageOfPage\":{\"@id\":\"https:\\\/\\\/www.libinst.ch\\\/bibliothek-der-freiheit\\\/#primaryimage\"},\"image\":{\"@id\":\"https:\\\/\\\/www.libinst.ch\\\/bibliothek-der-freiheit\\\/#primaryimage\"},\"thumbnailUrl\":\"https:\\\/\\\/www.libinst.ch\\\/wp-content\\\/uploads\\\/2023\\\/09\\\/bibliothek-der-freiheit.jpg\",\"datePublished\":\"2023-09-28T16:57:43+00:00\",\"dateModified\":\"2023-09-29T08:20:06+00:00\",\"breadcrumb\":{\"@id\":\"https:\\\/\\\/www.libinst.ch\\\/bibliothek-der-freiheit\\\/#breadcrumb\"},\"inLanguage\":\"it-IT\",\"potentialAction\":[{\"@type\":\"ReadAction\",\"target\":[\"https:\\\/\\\/www.libinst.ch\\\/bibliothek-der-freiheit\\\/\"]}]},{\"@type\":\"ImageObject\",\"inLanguage\":\"it-IT\",\"@id\":\"https:\\\/\\\/www.libinst.ch\\\/bibliothek-der-freiheit\\\/#primaryimage\",\"url\":\"https:\\\/\\\/www.libinst.ch\\\/wp-content\\\/uploads\\\/2023\\\/09\\\/bibliothek-der-freiheit.jpg\",\"contentUrl\":\"https:\\\/\\\/www.libinst.ch\\\/wp-content\\\/uploads\\\/2023\\\/09\\\/bibliothek-der-freiheit.jpg\"},{\"@type\":\"BreadcrumbList\",\"@id\":\"https:\\\/\\\/www.libinst.ch\\\/bibliothek-der-freiheit\\\/#breadcrumb\",\"itemListElement\":[{\"@type\":\"ListItem\",\"position\":1,\"name\":\"Home\",\"item\":\"https:\\\/\\\/www.libinst.ch\\\/\"},{\"@type\":\"ListItem\",\"position\":2,\"name\":\"Biblioteca della Libert\u00e0\"}]},{\"@type\":\"WebSite\",\"@id\":\"\\\/#website\",\"url\":\"\\\/\",\"name\":\"Istituto Liberale\",\"description\":\"\",\"publisher\":{\"@id\":\"\\\/#organization\"},\"potentialAction\":[{\"@type\":\"SearchAction\",\"target\":{\"@type\":\"EntryPoint\",\"urlTemplate\":\"\\\/?s={search_term_string}\"},\"query-input\":{\"@type\":\"PropertyValueSpecification\",\"valueRequired\":true,\"valueName\":\"search_term_string\"}}],\"inLanguage\":\"it-IT\"},{\"@type\":\"Organization\",\"@id\":\"\\\/#organization\",\"name\":\"Istituto Liberale\",\"url\":\"\\\/\",\"logo\":{\"@type\":\"ImageObject\",\"inLanguage\":\"it-IT\",\"@id\":\"\\\/#\\\/schema\\\/logo\\\/image\\\/\",\"url\":\"https:\\\/\\\/www.libinst.ch\\\/wp-content\\\/uploads\\\/2023\\\/08\\\/logo-instituto-liberale.png\",\"contentUrl\":\"https:\\\/\\\/www.libinst.ch\\\/wp-content\\\/uploads\\\/2023\\\/08\\\/logo-instituto-liberale.png\",\"width\":2935,\"height\":458,\"caption\":\"Istituto Liberale\"},\"image\":{\"@id\":\"\\\/#\\\/schema\\\/logo\\\/image\\\/\"}}]}<\/script>\n<!-- \/ Yoast SEO plugin. -->","yoast_head_json":{"title":"Biblioteca della Libert\u00e0 - Istituto Liberale","robots":{"index":"index","follow":"follow","max-snippet":"max-snippet:-1","max-image-preview":"max-image-preview:large","max-video-preview":"max-video-preview:-1"},"canonical":"https:\/\/www.libinst.ch\/bibliothek-der-freiheit\/","og_locale":"it_IT","og_type":"article","og_title":"Biblioteca della Libert\u00e0 - Istituto Liberale","og_description":"La Biblioteca della Libert\u00e0 dell&#8217;Istituto Liberale offre un panorama molto completo delle migliori opere generaliste e specialistiche facenti riferimento alla filosofia e all&#8217;economia politica della libert\u00e0 e che analizzano le politiche pubblica da un punto di vista liberale. La Biblioteca della Libert\u00e0 \u00e8 aperta agli studenti, ai ricercatori, ma anche a qualunque altra persona interessata [&hellip;]","og_url":"https:\/\/www.libinst.ch\/bibliothek-der-freiheit\/","og_site_name":"Istituto Liberale","article_modified_time":"2023-09-29T08:20:06+00:00","og_image":[{"url":"https:\/\/www.libinst.ch\/wp-content\/uploads\/2023\/09\/bibliothek-der-freiheit.jpg","type":"","width":"","height":""}],"twitter_card":"summary_large_image","twitter_misc":{"Tempo di lettura stimato":"1 minuto"},"schema":{"@context":"https:\/\/schema.org","@graph":[{"@type":"WebPage","@id":"https:\/\/www.libinst.ch\/bibliothek-der-freiheit\/","url":"https:\/\/www.libinst.ch\/bibliothek-der-freiheit\/","name":"Biblioteca della Libert\u00e0 - Istituto Liberale","isPartOf":{"@id":"\/#website"},"primaryImageOfPage":{"@id":"https:\/\/www.libinst.ch\/bibliothek-der-freiheit\/#primaryimage"},"image":{"@id":"https:\/\/www.libinst.ch\/bibliothek-der-freiheit\/#primaryimage"},"thumbnailUrl":"https:\/\/www.libinst.ch\/wp-content\/uploads\/2023\/09\/bibliothek-der-freiheit.jpg","datePublished":"2023-09-28T16:57:43+00:00","dateModified":"2023-09-29T08:20:06+00:00","breadcrumb":{"@id":"https:\/\/www.libinst.ch\/bibliothek-der-freiheit\/#breadcrumb"},"inLanguage":"it-IT","potentialAction":[{"@type":"ReadAction","target":["https:\/\/www.libinst.ch\/bibliothek-der-freiheit\/"]}]},{"@type":"ImageObject","inLanguage":"it-IT","@id":"https:\/\/www.libinst.ch\/bibliothek-der-freiheit\/#primaryimage","url":"https:\/\/www.libinst.ch\/wp-content\/uploads\/2023\/09\/bibliothek-der-freiheit.jpg","contentUrl":"https:\/\/www.libinst.ch\/wp-content\/uploads\/2023\/09\/bibliothek-der-freiheit.jpg"},{"@type":"BreadcrumbList","@id":"https:\/\/www.libinst.ch\/bibliothek-der-freiheit\/#breadcrumb","itemListElement":[{"@type":"ListItem","position":1,"name":"Home","item":"https:\/\/www.libinst.ch\/"},{"@type":"ListItem","position":2,"name":"Biblioteca della Libert\u00e0"}]},{"@type":"WebSite","@id":"\/#website","url":"\/","name":"Istituto Liberale","description":"","publisher":{"@id":"\/#organization"},"potentialAction":[{"@type":"SearchAction","target":{"@type":"EntryPoint","urlTemplate":"\/?s={search_term_string}"},"query-input":{"@type":"PropertyValueSpecification","valueRequired":true,"valueName":"search_term_string"}}],"inLanguage":"it-IT"},{"@type":"Organization","@id":"\/#organization","name":"Istituto Liberale","url":"\/","logo":{"@type":"ImageObject","inLanguage":"it-IT","@id":"\/#\/schema\/logo\/image\/","url":"https:\/\/www.libinst.ch\/wp-content\/uploads\/2023\/08\/logo-instituto-liberale.png","contentUrl":"https:\/\/www.libinst.ch\/wp-content\/uploads\/2023\/08\/logo-instituto-liberale.png","width":2935,"height":458,"caption":"Istituto Liberale"},"image":{"@id":"\/#\/schema\/logo\/image\/"}}]}},"_links":{"self":[{"href":"https:\/\/www.libinst.ch\/it\/wp-json\/wp\/v2\/pages\/21970","targetHints":{"allow":["GET"]}}],"collection":[{"href":"https:\/\/www.libinst.ch\/it\/wp-json\/wp\/v2\/pages"}],"about":[{"href":"https:\/\/www.libinst.ch\/it\/wp-json\/wp\/v2\/types\/page"}],"author":[{"embeddable":true,"href":"https:\/\/www.libinst.ch\/it\/wp-json\/wp\/v2\/users\/8"}],"replies":[{"embeddable":true,"href":"https:\/\/www.libinst.ch\/it\/wp-json\/wp\/v2\/comments?post=21970"}],"version-history":[{"count":10,"href":"https:\/\/www.libinst.ch\/it\/wp-json\/wp\/v2\/pages\/21970\/revisions"}],"predecessor-version":[{"id":21980,"href":"https:\/\/www.libinst.ch\/it\/wp-json\/wp\/v2\/pages\/21970\/revisions\/21980"}],"wp:attachment":[{"href":"https:\/\/www.libinst.ch\/it\/wp-json\/wp\/v2\/media?parent=21970"}],"wp:term":[{"taxonomy":"tags","embeddable":true,"href":"https:\/\/www.libinst.ch\/it\/wp-json\/wp\/v2\/tag?post=21970"}],"curies":[{"name":"wp","href":"https:\/\/api.w.org\/{rel}","templated":true}]}}